{"id":113318,"date":"2024-06-04T10:08:18","date_gmt":"2024-06-04T08:08:18","guid":{"rendered":"https:\/\/www.sport4club.be\/?post_type=product&#038;p=113318"},"modified":"2024-08-21T12:47:05","modified_gmt":"2024-08-21T10:47:05","slug":"dunlop-fx-500-300gr","status":"publish","type":"product","link":"https:\/\/www.sport4club.be\/index.php\/product\/dunlop-fx-500-300gr\/","title":{"rendered":"Dunlop FX 500 (300gr)"},"content":{"rendered":"<p>La gamme FX de Dunlop change de style pour 2023 avec un design invers\u00e9 et plus dynamique. La raquette\u00a0<strong>Dunlop FX<\/strong>\u00a0<strong>500<\/strong>\u00a0conserve son ADN de\u00a0<strong>raquette puissante et confortable<\/strong>. Elle est parfaite pour les joueurs frappant plut\u00f4t \u00e0 plat ou recouvert, souhaitant dicter le jeu et prendre leur adversaire de vitesse.<\/p>\n<p>Facile \u00e0 prendre en main et performante, elle conviendra aussi bien \u00e0 un joueur 4\u00e8me s\u00e9rie qu&#8217;\u00e0 fin de 3\u00e8me s\u00e9rie. En effet, son tamis de 645cm\u00b2 et son plan de cordage 16\/19 la rendent tol\u00e9rante et facile \u00e0 jouer. Son \u00e9quilibre neutre \u00e0 32cm permet un\u00a0<strong>bon compromis entre stabilit\u00e9, puissance et maniabilit\u00e9<\/strong>.<\/p>\n<p>Cette raquette conviendra aux joueurs en recherche de puissance, de jouabilit\u00e9 et de confort.<\/p>\n","protected":false},"excerpt":{"rendered":"<p>La gamme FX de Dunlop change de style pour 2023 avec un design invers\u00e9 et plus dynamique. La raquette\u00a0Dunlop FX\u00a0500\u00a0conserve son ADN de\u00a0raquette puissante et confortable. Elle est parfaite pour les joueurs frappant plut\u00f4t \u00e0 plat ou recouvert, souhaitant dicter le jeu et prendre leur adversaire de vitesse. Facile \u00e0 prendre en main et performante, [&hellip;]<\/p>\n","protected":false},"featured_media":113319,"comment_status":"open","ping_status":"closed","template":"","meta":[],"product_cat":[145],"product_tag":[],"_links":{"self":[{"href":"https:\/\/www.sport4club.be\/index.php\/wp-json\/wp\/v2\/product\/113318"}],"collection":[{"href":"https:\/\/www.sport4club.be\/index.php\/wp-json\/wp\/v2\/product"}],"about":[{"href":"https:\/\/www.sport4club.be\/index.php\/wp-json\/wp\/v2\/types\/product"}],"replies":[{"embeddable":true,"href":"https:\/\/www.sport4club.be\/index.php\/wp-json\/wp\/v2\/comments?post=113318"}],"wp:featuredmedia":[{"embeddable":true,"href":"https:\/\/www.sport4club.be\/index.php\/wp-json\/wp\/v2\/media\/113319"}],"wp:attachment":[{"href":"https:\/\/www.sport4club.be\/index.php\/wp-json\/wp\/v2\/media?parent=113318"}],"wp:term":[{"taxonomy":"product_cat","embeddable":true,"href":"https:\/\/www.sport4club.be\/index.php\/wp-json\/wp\/v2\/product_cat?post=113318"},{"taxonomy":"product_tag","embeddable":true,"href":"https:\/\/www.sport4club.be\/index.php\/wp-json\/wp\/v2\/product_tag?post=113318"}],"curies":[{"name":"wp","href":"https:\/\/api.w.org\/{rel}","templated":true}]}}