{"id":113312,"date":"2024-06-04T10:01:57","date_gmt":"2024-06-04T08:01:57","guid":{"rendered":"https:\/\/www.sport4club.be\/?post_type=product&#038;p=113312"},"modified":"2024-08-21T12:48:43","modified_gmt":"2024-08-21T10:48:43","slug":"dunlop-fx-500-tour-305gr","status":"publish","type":"product","link":"https:\/\/www.sport4club.be\/index.php\/product\/dunlop-fx-500-tour-305gr\/","title":{"rendered":"Dunlop FX 500 Tour (305gr)"},"content":{"rendered":"<p>La gamme de raquette\u00a0<strong>FX<\/strong>\u00a0de\u00a0<strong>Dunlop<\/strong>\u00a0apporte puissance et confort. Cette version\u00a0<strong>Tour<\/strong>\u00a0s&#8217;adresse aux joueurs confirm\u00e9s et procure un suppl\u00e9ment de contr\u00f4le et de stabilit\u00e9. La version 2023 pr\u00e9sente un design invers\u00e9 plus dynamique.<\/p>\n<p>En effet son tamis plus petit (632cm\u00b2 \/ 98in\u00b2) et son profil plus fin (21-23-21mm) permettent de trouver plus de pr\u00e9cision et de feeling \u00e0 la frappe.<\/p>\n<p>La lourdeur de balle est \u00e9galement de la partie sur cette\u00a0<strong>Dunlop FX 500 Tour<\/strong>. En effet sa masse de 305g et son plan de cordage 16&#215;19<em>\u00a0<\/em>vous permettront de donner du poids et de l&#8217;effet \u00e0 votre balle, frappe apr\u00e8s frappe.<\/p>\n<p>\u00c9quilibr\u00e9e \u00e0 31,5cm et donc l\u00e9g\u00e8rement en manche, la FX 500 Tour restera maniable malgr\u00e9 son poids.<\/p>\n<p>Cette raquette conviendra parfaitement aux joueurs disposant d&#8217;une bonne technique pour exploiter son petit tamis. Elle procurera puissance sous contr\u00f4le et un haut niveau de polyvalence.<\/p>\n<p>Les joueurs fin de 3\u00e8me s\u00e9rie et mieux pourront profiter d&#8217;un confort absolu, de puissance et de pr\u00e9cision. Les joueurs 4\u00e8me pr\u00e9f\u00e9reront la tol\u00e9rance de la\u00a0<strong>FX 500<\/strong>\u00a0\u00e0 300g pour plus de jouabilit\u00e9 avec son tamis 645cm\u00b2.<\/p>\n","protected":false},"excerpt":{"rendered":"<p>La gamme de raquette\u00a0FX\u00a0de\u00a0Dunlop\u00a0apporte puissance et confort. Cette version\u00a0Tour\u00a0s&#8217;adresse aux joueurs confirm\u00e9s et procure un suppl\u00e9ment de contr\u00f4le et de stabilit\u00e9. La version 2023 pr\u00e9sente un design invers\u00e9 plus dynamique. En effet son tamis plus petit (632cm\u00b2 \/ 98in\u00b2) et son profil plus fin (21-23-21mm) permettent de trouver plus de pr\u00e9cision et de feeling \u00e0 [&hellip;]<\/p>\n","protected":false},"featured_media":113313,"comment_status":"open","ping_status":"closed","template":"","meta":[],"product_cat":[145],"product_tag":[],"_links":{"self":[{"href":"https:\/\/www.sport4club.be\/index.php\/wp-json\/wp\/v2\/product\/113312"}],"collection":[{"href":"https:\/\/www.sport4club.be\/index.php\/wp-json\/wp\/v2\/product"}],"about":[{"href":"https:\/\/www.sport4club.be\/index.php\/wp-json\/wp\/v2\/types\/product"}],"replies":[{"embeddable":true,"href":"https:\/\/www.sport4club.be\/index.php\/wp-json\/wp\/v2\/comments?post=113312"}],"wp:featuredmedia":[{"embeddable":true,"href":"https:\/\/www.sport4club.be\/index.php\/wp-json\/wp\/v2\/media\/113313"}],"wp:attachment":[{"href":"https:\/\/www.sport4club.be\/index.php\/wp-json\/wp\/v2\/media?parent=113312"}],"wp:term":[{"taxonomy":"product_cat","embeddable":true,"href":"https:\/\/www.sport4club.be\/index.php\/wp-json\/wp\/v2\/product_cat?post=113312"},{"taxonomy":"product_tag","embeddable":true,"href":"https:\/\/www.sport4club.be\/index.php\/wp-json\/wp\/v2\/product_tag?post=113312"}],"curies":[{"name":"wp","href":"https:\/\/api.w.org\/{rel}","templated":true}]}}