{"id":113305,"date":"2024-06-04T09:50:22","date_gmt":"2024-06-04T07:50:22","guid":{"rendered":"https:\/\/www.sport4club.be\/?post_type=product&#038;p=113305"},"modified":"2024-08-21T12:47:45","modified_gmt":"2024-08-21T10:47:45","slug":"dunlop-fx-500-lite-270gr","status":"publish","type":"product","link":"https:\/\/www.sport4club.be\/index.php\/product\/dunlop-fx-500-lite-270gr\/","title":{"rendered":"Dunlop FX 500 Lite (270gr)"},"content":{"rendered":"<p>La <strong>raquette de tennis Dunlop FX 500 Lite 2023<\/strong>\u00a0procure un haut niveau de puissance et de maniabilit\u00e9. Confortable et tol\u00e9rante, elle permettra \u00e0 un large panel de joueurs et de joueuses d&#8217;acc\u00e9der \u00e0 la puissance facile avec ses 270g non cord\u00e9e.<\/p>\n<p>La raquette\u00a0<strong>Dunlop FX 500 Lite<\/strong>\u00a0est id\u00e9ale pour les joueuses d&#8217;un niveau interm\u00e9diaire (4\u00e8me s\u00e9rie \/ d\u00e9but de 3\u00e8me s\u00e9rie), comme aux jeunes joueurs comp\u00e9titeurs \u00e0 la recherche d&#8217;un\u00a0<strong>cadre adulte puissant et confortable<\/strong>.<\/p>\n<p>Cette raquette version 2023 dispose toujours d&#8217;un tamis de 645cm\u00b2 \/ 100in\u00b2 mais son plan de cordage passe en 16&#215;18 pour\u00a0<strong>plus de puissance et de prise d&#8217;effet<\/strong>. Son profil \u00e9pais (23-26-23mm) la rend stable et toujours plus tol\u00e9rante.<\/p>\n<p>Gr\u00e2ce \u00e0 son \u00e9quilibre l\u00e9g\u00e8rement en t\u00eate \u00e0 33cm<em>,<\/em>\u00a0on peut facilement acc\u00e9l\u00e9rer la t\u00eate de raquette de la\u00a0<strong>Dunlop FX 500 Lite<\/strong>\u00a0pour trouver de la vitesse de balle ou du lift.<\/p>\n<p>La\u00a0<strong>FX 500 Lite 2023<\/strong>\u00a0conviendra \u00e0 un large de panel de joueurs et de joueuses. Tr\u00e8s polyvalente, elle offrira des sensations de confort et de puissance de premier ordre. Sa l\u00e9g\u00e8ret\u00e9 et sa jouabilit\u00e9 la rendront facile \u00e0 jouer pour un plaisir de jeu imm\u00e9diat.<\/p>\n<p>Les joueurs de fond de court seront particuli\u00e8rement s\u00e9duits par cette\u00a0<strong>FX 500 Lite<\/strong>.<\/p>\n","protected":false},"excerpt":{"rendered":"<p>La raquette de tennis Dunlop FX 500 Lite 2023\u00a0procure un haut niveau de puissance et de maniabilit\u00e9. Confortable et tol\u00e9rante, elle permettra \u00e0 un large panel de joueurs et de joueuses d&#8217;acc\u00e9der \u00e0 la puissance facile avec ses 270g non cord\u00e9e. La raquette\u00a0Dunlop FX 500 Lite\u00a0est id\u00e9ale pour les joueuses d&#8217;un niveau interm\u00e9diaire (4\u00e8me s\u00e9rie [&hellip;]<\/p>\n","protected":false},"featured_media":113306,"comment_status":"open","ping_status":"closed","template":"","meta":[],"product_cat":[145],"product_tag":[],"_links":{"self":[{"href":"https:\/\/www.sport4club.be\/index.php\/wp-json\/wp\/v2\/product\/113305"}],"collection":[{"href":"https:\/\/www.sport4club.be\/index.php\/wp-json\/wp\/v2\/product"}],"about":[{"href":"https:\/\/www.sport4club.be\/index.php\/wp-json\/wp\/v2\/types\/product"}],"replies":[{"embeddable":true,"href":"https:\/\/www.sport4club.be\/index.php\/wp-json\/wp\/v2\/comments?post=113305"}],"wp:featuredmedia":[{"embeddable":true,"href":"https:\/\/www.sport4club.be\/index.php\/wp-json\/wp\/v2\/media\/113306"}],"wp:attachment":[{"href":"https:\/\/www.sport4club.be\/index.php\/wp-json\/wp\/v2\/media?parent=113305"}],"wp:term":[{"taxonomy":"product_cat","embeddable":true,"href":"https:\/\/www.sport4club.be\/index.php\/wp-json\/wp\/v2\/product_cat?post=113305"},{"taxonomy":"product_tag","embeddable":true,"href":"https:\/\/www.sport4club.be\/index.php\/wp-json\/wp\/v2\/product_tag?post=113305"}],"curies":[{"name":"wp","href":"https:\/\/api.w.org\/{rel}","templated":true}]}}