{"id":113170,"date":"2024-04-03T19:56:09","date_gmt":"2024-04-03T17:56:09","guid":{"rendered":"https:\/\/www.sport4club.be\/?post_type=product&#038;p=113170"},"modified":"2024-04-03T20:04:21","modified_gmt":"2024-04-03T18:04:21","slug":"prince-03-legacy-120-260gr","status":"publish","type":"product","link":"https:\/\/www.sport4club.be\/index.php\/product\/prince-03-legacy-120-260gr\/","title":{"rendered":"Prince 03 Legacy 120 (260gr)"},"content":{"rendered":"<p>La\u00a0<strong>raquette Prince O3 Legacy 120<\/strong>\u00a0est une mise \u00e0 jour de la Premier 120. Avec cette raquette, Prince offre aux joueurs interm\u00e9diaires un\u00a0<strong>mod\u00e8le orient\u00e9 vers un maximum de puissance et de maniabilit\u00e9<\/strong>. Les fans du populaire\u00a0<strong>syst\u00e8me O3<\/strong>\u00a0(trous sur le tour du cadre) devraient adorer la jouabilit\u00e9 de cette raquette, sa tol\u00e9rance et sa prise d&#8217;effet. Cette raquette est rallong\u00e9e afin d&#8217;offrir plus de puissance facilement.<\/p>\n<p>Depuis la ligne de fond, les frappes sont rapides et explosives. La balle part rapidement du tamis. Elle convient tr\u00e8s bien aux joueurs en manque de puissance avec un geste court.<\/p>\n<p>Prince a livr\u00e9 une\u00a0<strong>combinaison impressionnante de puissance, de confort et de maniabilit\u00e9<\/strong>\u00a0pour les joueurs seniors.<\/p>\n","protected":false},"excerpt":{"rendered":"<p>La\u00a0raquette Prince O3 Legacy 120\u00a0est une mise \u00e0 jour de la Premier 120. Avec cette raquette, Prince offre aux joueurs interm\u00e9diaires un\u00a0mod\u00e8le orient\u00e9 vers un maximum de puissance et de maniabilit\u00e9. Les fans du populaire\u00a0syst\u00e8me O3\u00a0(trous sur le tour du cadre) devraient adorer la jouabilit\u00e9 de cette raquette, sa tol\u00e9rance et sa prise d&#8217;effet. Cette [&hellip;]<\/p>\n","protected":false},"featured_media":113171,"comment_status":"open","ping_status":"closed","template":"","meta":[],"product_cat":[145],"product_tag":[],"_links":{"self":[{"href":"https:\/\/www.sport4club.be\/index.php\/wp-json\/wp\/v2\/product\/113170"}],"collection":[{"href":"https:\/\/www.sport4club.be\/index.php\/wp-json\/wp\/v2\/product"}],"about":[{"href":"https:\/\/www.sport4club.be\/index.php\/wp-json\/wp\/v2\/types\/product"}],"replies":[{"embeddable":true,"href":"https:\/\/www.sport4club.be\/index.php\/wp-json\/wp\/v2\/comments?post=113170"}],"wp:featuredmedia":[{"embeddable":true,"href":"https:\/\/www.sport4club.be\/index.php\/wp-json\/wp\/v2\/media\/113171"}],"wp:attachment":[{"href":"https:\/\/www.sport4club.be\/index.php\/wp-json\/wp\/v2\/media?parent=113170"}],"wp:term":[{"taxonomy":"product_cat","embeddable":true,"href":"https:\/\/www.sport4club.be\/index.php\/wp-json\/wp\/v2\/product_cat?post=113170"},{"taxonomy":"product_tag","embeddable":true,"href":"https:\/\/www.sport4club.be\/index.php\/wp-json\/wp\/v2\/product_tag?post=113170"}],"curies":[{"name":"wp","href":"https:\/\/api.w.org\/{rel}","templated":true}]}}