{"id":113163,"date":"2024-04-03T19:51:28","date_gmt":"2024-04-03T17:51:28","guid":{"rendered":"https:\/\/www.sport4club.be\/?post_type=product&#038;p=113163"},"modified":"2024-04-03T19:51:28","modified_gmt":"2024-04-03T17:51:28","slug":"prince-03-legacy-105-280gr","status":"publish","type":"product","link":"https:\/\/www.sport4club.be\/index.php\/product\/prince-03-legacy-105-280gr\/","title":{"rendered":"Prince 03 Legacy 105 (280gr)"},"content":{"rendered":"<p>La\u00a0<strong>raquette Prince O3 Legacy 105<\/strong>\u00a0est une mise \u00e0 jour de la Premier 105. Avec cette raquette, Prince offre aux joueurs interm\u00e9diaires un\u00a0<strong>mod\u00e8le orient\u00e9 vers la puissance et le spin<\/strong>. Les fans du populaire\u00a0<strong>syst\u00e8me O3<\/strong>\u00a0(trous sur le tour du cadre) devraient adorer la jouabilit\u00e9 de cette raquette, sa puissance contr\u00f4lable et son amortissement des vibrations. Cette raquette est rallong\u00e9e afin d&#8217;offrir plus de puissance facilement.<\/p>\n<p>Depuis la ligne de fond, les frappes moyennes offrent une bonne profondeur, avec une puissance explosive sur les grandes frappes. Le potentiel de spin est int\u00e9ressant pour frapper des balles lourdes qui giclent au rebond.<\/p>\n<p>Prince a livr\u00e9 une\u00a0<strong>combinaison impressionnante de confort, de spin et de puissance<\/strong>\u00a0pour une large gamme de joueurs. Les joueurs de double de club qui cherchent \u00e0 frapper une balle plus forte sont au bon endroit !<\/p>\n","protected":false},"excerpt":{"rendered":"<p>La\u00a0raquette Prince O3 Legacy 105\u00a0est une mise \u00e0 jour de la Premier 105. Avec cette raquette, Prince offre aux joueurs interm\u00e9diaires un\u00a0mod\u00e8le orient\u00e9 vers la puissance et le spin. Les fans du populaire\u00a0syst\u00e8me O3\u00a0(trous sur le tour du cadre) devraient adorer la jouabilit\u00e9 de cette raquette, sa puissance contr\u00f4lable et son amortissement des vibrations. Cette [&hellip;]<\/p>\n","protected":false},"featured_media":113164,"comment_status":"open","ping_status":"closed","template":"","meta":[],"product_cat":[145],"product_tag":[],"_links":{"self":[{"href":"https:\/\/www.sport4club.be\/index.php\/wp-json\/wp\/v2\/product\/113163"}],"collection":[{"href":"https:\/\/www.sport4club.be\/index.php\/wp-json\/wp\/v2\/product"}],"about":[{"href":"https:\/\/www.sport4club.be\/index.php\/wp-json\/wp\/v2\/types\/product"}],"replies":[{"embeddable":true,"href":"https:\/\/www.sport4club.be\/index.php\/wp-json\/wp\/v2\/comments?post=113163"}],"wp:featuredmedia":[{"embeddable":true,"href":"https:\/\/www.sport4club.be\/index.php\/wp-json\/wp\/v2\/media\/113164"}],"wp:attachment":[{"href":"https:\/\/www.sport4club.be\/index.php\/wp-json\/wp\/v2\/media?parent=113163"}],"wp:term":[{"taxonomy":"product_cat","embeddable":true,"href":"https:\/\/www.sport4club.be\/index.php\/wp-json\/wp\/v2\/product_cat?post=113163"},{"taxonomy":"product_tag","embeddable":true,"href":"https:\/\/www.sport4club.be\/index.php\/wp-json\/wp\/v2\/product_tag?post=113163"}],"curies":[{"name":"wp","href":"https:\/\/api.w.org\/{rel}","templated":true}]}}