{"id":113155,"date":"2024-04-03T19:38:18","date_gmt":"2024-04-03T17:38:18","guid":{"rendered":"https:\/\/www.sport4club.be\/?post_type=product&#038;p=113155"},"modified":"2024-04-03T19:38:18","modified_gmt":"2024-04-03T17:38:18","slug":"tecnifibre-tf-x1-v2-255-255gr","status":"publish","type":"product","link":"https:\/\/www.sport4club.be\/index.php\/product\/tecnifibre-tf-x1-v2-255-255gr\/","title":{"rendered":"Tecnifibre TF-X1 V2 255 (255gr)"},"content":{"rendered":"<p>Avec un poids l\u00e9ger de 255g, cette Tecnifibre TF-X1 v2 255 est la raquette la plus l\u00e9g\u00e8re de la gamme. Son tamis de 645cm\u00b2 et un plan de cordage 16&#215;19, la raquette\u00a0<strong>Tecnifibre TF-X1 v2 255\u00a0<\/strong>est le choix id\u00e9al pour les joueurs d\u00e9butants en qu\u00eate d&#8217;un premier cadre adulte offrant puissance, confort et maniabilit\u00e9.<\/p>\n<p>Con\u00e7ue pour offrir une restitution d&#8217;\u00e9nergie maximale gr\u00e2ce \u00e0 une ergonomie rigide, cette raquette int\u00e8gre la technologie\u00a0<strong>X-Damp\u00a0<\/strong>pour r\u00e9duire les vibrations nocives de 36% et garantir un jeu plus confortable et moins fatigant.<\/p>\n<p>L&#8217;ergonomie du cadre a \u00e9t\u00e9 optimis\u00e9e avec un tamis arrondi et des sections renforc\u00e9es, garantissant une puissance et une stabilit\u00e9 accrues. La technologie\u00a0<strong>Isoflex<\/strong>, qui assure une rigidit\u00e9 \u00e9volutive autour du tamis, \u00e9largit la zone de sweetspot pour plus de tol\u00e9rance sur les coups d\u00e9centr\u00e9s.<\/p>\n<p>La Tecnifibre TF-X1 v2 255 est une raquette tr\u00e8s accessible qui est id\u00e9ale pour les joueurs souhaitant un premier cadre adulte. Nous la conseillons donc\u00a0<strong>aux jeunes joueurs ou aux d\u00e9butants<\/strong>.<\/p>\n","protected":false},"excerpt":{"rendered":"<p>Avec un poids l\u00e9ger de 255g, cette Tecnifibre TF-X1 v2 255 est la raquette la plus l\u00e9g\u00e8re de la gamme. Son tamis de 645cm\u00b2 et un plan de cordage 16&#215;19, la raquette\u00a0Tecnifibre TF-X1 v2 255\u00a0est le choix id\u00e9al pour les joueurs d\u00e9butants en qu\u00eate d&#8217;un premier cadre adulte offrant puissance, confort et maniabilit\u00e9. Con\u00e7ue pour [&hellip;]<\/p>\n","protected":false},"featured_media":113156,"comment_status":"open","ping_status":"closed","template":"","meta":[],"product_cat":[145],"product_tag":[],"_links":{"self":[{"href":"https:\/\/www.sport4club.be\/index.php\/wp-json\/wp\/v2\/product\/113155"}],"collection":[{"href":"https:\/\/www.sport4club.be\/index.php\/wp-json\/wp\/v2\/product"}],"about":[{"href":"https:\/\/www.sport4club.be\/index.php\/wp-json\/wp\/v2\/types\/product"}],"replies":[{"embeddable":true,"href":"https:\/\/www.sport4club.be\/index.php\/wp-json\/wp\/v2\/comments?post=113155"}],"wp:featuredmedia":[{"embeddable":true,"href":"https:\/\/www.sport4club.be\/index.php\/wp-json\/wp\/v2\/media\/113156"}],"wp:attachment":[{"href":"https:\/\/www.sport4club.be\/index.php\/wp-json\/wp\/v2\/media?parent=113155"}],"wp:term":[{"taxonomy":"product_cat","embeddable":true,"href":"https:\/\/www.sport4club.be\/index.php\/wp-json\/wp\/v2\/product_cat?post=113155"},{"taxonomy":"product_tag","embeddable":true,"href":"https:\/\/www.sport4club.be\/index.php\/wp-json\/wp\/v2\/product_tag?post=113155"}],"curies":[{"name":"wp","href":"https:\/\/api.w.org\/{rel}","templated":true}]}}