{"id":113141,"date":"2024-04-03T19:26:19","date_gmt":"2024-04-03T17:26:19","guid":{"rendered":"https:\/\/www.sport4club.be\/?post_type=product&#038;p=113141"},"modified":"2024-04-03T19:26:20","modified_gmt":"2024-04-03T17:26:20","slug":"tecnifibre-tf-x1-v2-275-275gr","status":"publish","type":"product","link":"https:\/\/www.sport4club.be\/index.php\/product\/tecnifibre-tf-x1-v2-275-275gr\/","title":{"rendered":"Tecnifibre TF-X1 V2 275 (275gr)"},"content":{"rendered":"<p>Mod\u00e8le le plus tol\u00e9rant de la gamme\u00a0<strong>Tecnifibre TF-X1 v2<\/strong>, cette version pesant 275g avec un \u00e9quilibre de 33cm est extr\u00eamement maniable sur le court. Son tamis de 680cm\u00b2 offre \u00e0 la raquette une tr\u00e8s grande tol\u00e9rance, renforc\u00e9e par la technologie\u00a0<strong>Isoflex<\/strong>\u00a0qui permet de pr\u00e9server la puissance m\u00eame sur les frappes d\u00e9centr\u00e9es.<\/p>\n<p>Le manche est \u00e9quip\u00e9 de la technologie<strong>\u00a0X-Damp<\/strong>, absorbant jusqu&#8217;\u00e0 36% des vibrations \u00e0 chaque impact pour un confort de jeu optimal. Le plan de cordage en 16&#215;19 favorise une prise d&#8217;effets efficace tout en permettant de g\u00e9n\u00e9rer plus de puissance pour contrer vos adversaires sur le terrain.<\/p>\n<p>L&#8217;ergonomie du cadre a \u00e9t\u00e9 soigneusement pens\u00e9e pour garantir une puissance maximale. Gr\u00e2ce \u00e0 un tamis arrondi et des sections renforc\u00e9es, la raquette offre une stabilit\u00e9 accrue, favorisant ainsi des frappes plus puissantes et plus tranchantes.<\/p>\n<p>Avec son poids l\u00e9ger et son large tamis, la\u00a0<strong>Tecnifibre TF-X1 v2 275<\/strong>\u00a0pardonnera les erreurs de d\u00e9centrage des\u00a0<strong>joueurs d&#8217;un niveau d\u00e9butant \u00e0 interm\u00e9diaire<\/strong>, c&#8217;est pourquoi nous la conseillons \u00e0 ces joueurs.<\/p>\n","protected":false},"excerpt":{"rendered":"<p>Mod\u00e8le le plus tol\u00e9rant de la gamme\u00a0Tecnifibre TF-X1 v2, cette version pesant 275g avec un \u00e9quilibre de 33cm est extr\u00eamement maniable sur le court. Son tamis de 680cm\u00b2 offre \u00e0 la raquette une tr\u00e8s grande tol\u00e9rance, renforc\u00e9e par la technologie\u00a0Isoflex\u00a0qui permet de pr\u00e9server la puissance m\u00eame sur les frappes d\u00e9centr\u00e9es. Le manche est \u00e9quip\u00e9 de [&hellip;]<\/p>\n","protected":false},"featured_media":113142,"comment_status":"open","ping_status":"closed","template":"","meta":[],"product_cat":[145],"product_tag":[],"_links":{"self":[{"href":"https:\/\/www.sport4club.be\/index.php\/wp-json\/wp\/v2\/product\/113141"}],"collection":[{"href":"https:\/\/www.sport4club.be\/index.php\/wp-json\/wp\/v2\/product"}],"about":[{"href":"https:\/\/www.sport4club.be\/index.php\/wp-json\/wp\/v2\/types\/product"}],"replies":[{"embeddable":true,"href":"https:\/\/www.sport4club.be\/index.php\/wp-json\/wp\/v2\/comments?post=113141"}],"wp:featuredmedia":[{"embeddable":true,"href":"https:\/\/www.sport4club.be\/index.php\/wp-json\/wp\/v2\/media\/113142"}],"wp:attachment":[{"href":"https:\/\/www.sport4club.be\/index.php\/wp-json\/wp\/v2\/media?parent=113141"}],"wp:term":[{"taxonomy":"product_cat","embeddable":true,"href":"https:\/\/www.sport4club.be\/index.php\/wp-json\/wp\/v2\/product_cat?post=113141"},{"taxonomy":"product_tag","embeddable":true,"href":"https:\/\/www.sport4club.be\/index.php\/wp-json\/wp\/v2\/product_tag?post=113141"}],"curies":[{"name":"wp","href":"https:\/\/api.w.org\/{rel}","templated":true}]}}