{"id":113134,"date":"2024-04-03T19:20:43","date_gmt":"2024-04-03T17:20:43","guid":{"rendered":"https:\/\/www.sport4club.be\/?post_type=product&#038;p=113134"},"modified":"2024-04-03T19:20:44","modified_gmt":"2024-04-03T17:20:44","slug":"tecnifibre-tf-x1-v2-285-285gr","status":"publish","type":"product","link":"https:\/\/www.sport4club.be\/index.php\/product\/tecnifibre-tf-x1-v2-285-285gr\/","title":{"rendered":"Tecnifibre TF-X1 V2 285 (285gr)"},"content":{"rendered":"<p>La raquette de tennis\u00a0<strong>Tecnifibre TF-X1 v2 285\u00a0<\/strong>propose un \u00e9quilibre id\u00e9al entre puissance et confort, r\u00e9pondant aux exigences des comp\u00e9titeurs les plus exigeants. Sa conception vise \u00e0 maximiser la puissance gr\u00e2ce \u00e0 une structure rigide assurant la stabilit\u00e9 du cadre \u00e0 l&#8217;impact, permettant ainsi une restitution optimale de l&#8217;\u00e9nergie.<\/p>\n<p>Pour r\u00e9duire les vibrations nocives pour le bras, Tecnifibre a d\u00e9velopp\u00e9 la technologie innovante\u00a0<strong>X-Damp<\/strong>. Cette technologie comprend une pi\u00e8ce en acier ins\u00e9r\u00e9e dans une poche en \u00e9lastom\u00e8re dans le manche, r\u00e9duisant les vibrations de 36% et diminuant la fatigue musculaire.<\/p>\n<p>Le cadre de la raquette a \u00e9t\u00e9 optimis\u00e9 avec un tamis arrondi et des sections renforc\u00e9es, am\u00e9liorant ainsi la puissance et la stabilit\u00e9. La technologie\u00a0<strong>Isoflex<\/strong>, offrant une rigidit\u00e9 \u00e9volutive autour du tamis, \u00e9largit la zone de\u00a0<strong>sweetspot\u00a0<\/strong>pour une meilleure tol\u00e9rance sur les coups d\u00e9centr\u00e9s.<\/p>\n<p>Pesant\u00a0<strong>285g<\/strong>, avec un tamis de\u00a0<strong>645cm\u00b2<\/strong>\u00a0et un plan de cordage\u00a0<strong>16&#215;19<\/strong>, la raquette\u00a0<strong>TF-X1 v2 285\u00a0<\/strong>offre un excellent compromis entre puissance, confort et stabilit\u00e9, r\u00e9pondant aux attentes des joueurs les plus exigeants.<\/p>\n<p>Cette raquette Tecnifibre TF X1 v2 285 sera adapt\u00e9e \u00e0 des\u00a0<strong>joueurs d&#8217;un niveau interm\u00e9diaire\u00a0<\/strong>qui recherchent une raquette avec un bon rapport puissance \/ confort.<\/p>\n","protected":false},"excerpt":{"rendered":"<p>La raquette de tennis\u00a0Tecnifibre TF-X1 v2 285\u00a0propose un \u00e9quilibre id\u00e9al entre puissance et confort, r\u00e9pondant aux exigences des comp\u00e9titeurs les plus exigeants. Sa conception vise \u00e0 maximiser la puissance gr\u00e2ce \u00e0 une structure rigide assurant la stabilit\u00e9 du cadre \u00e0 l&#8217;impact, permettant ainsi une restitution optimale de l&#8217;\u00e9nergie. Pour r\u00e9duire les vibrations nocives pour le [&hellip;]<\/p>\n","protected":false},"featured_media":113135,"comment_status":"open","ping_status":"closed","template":"","meta":[],"product_cat":[145],"product_tag":[],"_links":{"self":[{"href":"https:\/\/www.sport4club.be\/index.php\/wp-json\/wp\/v2\/product\/113134"}],"collection":[{"href":"https:\/\/www.sport4club.be\/index.php\/wp-json\/wp\/v2\/product"}],"about":[{"href":"https:\/\/www.sport4club.be\/index.php\/wp-json\/wp\/v2\/types\/product"}],"replies":[{"embeddable":true,"href":"https:\/\/www.sport4club.be\/index.php\/wp-json\/wp\/v2\/comments?post=113134"}],"wp:featuredmedia":[{"embeddable":true,"href":"https:\/\/www.sport4club.be\/index.php\/wp-json\/wp\/v2\/media\/113135"}],"wp:attachment":[{"href":"https:\/\/www.sport4club.be\/index.php\/wp-json\/wp\/v2\/media?parent=113134"}],"wp:term":[{"taxonomy":"product_cat","embeddable":true,"href":"https:\/\/www.sport4club.be\/index.php\/wp-json\/wp\/v2\/product_cat?post=113134"},{"taxonomy":"product_tag","embeddable":true,"href":"https:\/\/www.sport4club.be\/index.php\/wp-json\/wp\/v2\/product_tag?post=113134"}],"curies":[{"name":"wp","href":"https:\/\/api.w.org\/{rel}","templated":true}]}}