{"id":113128,"date":"2024-04-03T19:14:12","date_gmt":"2024-04-03T17:14:12","guid":{"rendered":"https:\/\/www.sport4club.be\/?post_type=product&#038;p=113128"},"modified":"2024-04-03T19:40:55","modified_gmt":"2024-04-03T17:40:55","slug":"tecnifibre-tf-x1-v2-300-300gr","status":"publish","type":"product","link":"https:\/\/www.sport4club.be\/index.php\/product\/tecnifibre-tf-x1-v2-300-300gr\/","title":{"rendered":"Tecnifibre TF-X1 v2 300 (300gr)"},"content":{"rendered":"<p>La raquette de tennis\u00a0<strong>Tecnifibre TF-X1 V2 300<\/strong>\u00a0offre un \u00e9quilibre parfait entre puissance et confort, r\u00e9pondant aux besoins des comp\u00e9titeurs exigeants. Con\u00e7ue pour maximiser la puissance, elle dispose d&#8217;une grande rigidit\u00e9 qui garantit que le cadre reste stable \u00e0 l&#8217;impact, assurant ainsi une restitution optimale de l&#8217;\u00e9nergie.<\/p>\n<p>Afin de minimiser les vibrations nocives pour le bras, Tecnifibre a d\u00e9velopp\u00e9 une solution innovante : la technologie<strong>\u00a0X-Damp<\/strong>. Cette technologie consiste en une pi\u00e8ce en acier ins\u00e9r\u00e9e dans une poche en \u00e9lastom\u00e8re situ\u00e9e dans le manche,\u00a0<strong>r\u00e9duisant ainsi les vibrations de 36 %<\/strong>\u00a0et diminuant la fatigue.<\/p>\n<p>Le cadre a \u00e9t\u00e9 optimis\u00e9 avec un tamis arrondi et des sections renforc\u00e9es, am\u00e9liorant la puissance et la stabilit\u00e9. La technologie\u00a0<strong>Isoflex<\/strong>, une rigidit\u00e9 \u00e9volutive autour du tamis, \u00e9largit la zone de sweetspot pour offrir plus de tol\u00e9rance sur les coups d\u00e9centr\u00e9s.<\/p>\n<p>Avec un poids de\u00a0<b>300 g<\/b>, un tamis de\u00a0<b>645 cm\u00b2\u00a0<\/b>et un plan de cordage\u00a0<b>16 x 19 cm<\/b>, la raquette\u00a0<strong>TF-X1 v2 300<\/strong>\u00a0est un excellent compromis entre puissance, confort et stabilit\u00e9.<\/p>\n<p>Cette raquette Tecnifibre TF X1 V2 300 sera adapt\u00e9e \u00e0 des\u00a0<strong>joueurs d&#8217;un niveau interm\u00e9diaire \u00e0 confirm\u00e9\u00a0<\/strong>qui recherchent une raquette stable et puissante dot\u00e9e d&#8217;un excellent confort.<\/p>\n","protected":false},"excerpt":{"rendered":"<p>La raquette de tennis\u00a0Tecnifibre TF-X1 V2 300\u00a0offre un \u00e9quilibre parfait entre puissance et confort, r\u00e9pondant aux besoins des comp\u00e9titeurs exigeants. Con\u00e7ue pour maximiser la puissance, elle dispose d&#8217;une grande rigidit\u00e9 qui garantit que le cadre reste stable \u00e0 l&#8217;impact, assurant ainsi une restitution optimale de l&#8217;\u00e9nergie. Afin de minimiser les vibrations nocives pour le bras, [&hellip;]<\/p>\n","protected":false},"featured_media":113129,"comment_status":"open","ping_status":"closed","template":"","meta":[],"product_cat":[145],"product_tag":[],"_links":{"self":[{"href":"https:\/\/www.sport4club.be\/index.php\/wp-json\/wp\/v2\/product\/113128"}],"collection":[{"href":"https:\/\/www.sport4club.be\/index.php\/wp-json\/wp\/v2\/product"}],"about":[{"href":"https:\/\/www.sport4club.be\/index.php\/wp-json\/wp\/v2\/types\/product"}],"replies":[{"embeddable":true,"href":"https:\/\/www.sport4club.be\/index.php\/wp-json\/wp\/v2\/comments?post=113128"}],"wp:featuredmedia":[{"embeddable":true,"href":"https:\/\/www.sport4club.be\/index.php\/wp-json\/wp\/v2\/media\/113129"}],"wp:attachment":[{"href":"https:\/\/www.sport4club.be\/index.php\/wp-json\/wp\/v2\/media?parent=113128"}],"wp:term":[{"taxonomy":"product_cat","embeddable":true,"href":"https:\/\/www.sport4club.be\/index.php\/wp-json\/wp\/v2\/product_cat?post=113128"},{"taxonomy":"product_tag","embeddable":true,"href":"https:\/\/www.sport4club.be\/index.php\/wp-json\/wp\/v2\/product_tag?post=113128"}],"curies":[{"name":"wp","href":"https:\/\/api.w.org\/{rel}","templated":true}]}}