{"id":113111,"date":"2024-04-03T19:00:27","date_gmt":"2024-04-03T17:00:27","guid":{"rendered":"https:\/\/www.sport4club.be\/?post_type=product&#038;p=113111"},"modified":"2024-04-03T19:39:32","modified_gmt":"2024-04-03T17:39:32","slug":"tecnifibre-tf-x2-v2-305-305gr","status":"publish","type":"product","link":"https:\/\/www.sport4club.be\/index.php\/product\/tecnifibre-tf-x2-v2-305-305gr\/","title":{"rendered":"Tecnifibre TF-X2 V2 305 (305gr)"},"content":{"rendered":"<p>D\u00e9couvrez la raquette de tennis\u00a0<strong>Tecnifibre TF-X1 v2 305 !<\/strong>\u00a0Con\u00e7ue pour fournir une puissance maximale en gardant du confort, la TF-X1 est dot\u00e9e d&#8217;une ergonomie rigide pour garantir que le cadre reste stable \u00e0 l&#8217;impact, assurant ainsi une restitution d&#8217;\u00e9nergie optimale.<\/p>\n<p>La rigidit\u00e9 du cadre pouvant entra\u00eener des vibrations nocives pour le bras, Tecnifibre a d\u00e9velopp\u00e9 la technologie\u00a0<strong>X-Damp<\/strong>\u00a0qui\u00a0<strong>r\u00e9duit les vibrations de 36 %<\/strong>\u00a0et minimise la fatigue.<\/p>\n<p>L&#8217;ergonomie du cadre a \u00e9t\u00e9 am\u00e9lior\u00e9e avec un tamis arrondi, plus petit et avec des sections renforc\u00e9es pour plus de puissance et de stabilit\u00e9.<br \/>\nLa technologie\u00a0<strong>Isoflex\u00a0<\/strong>offre une rigidit\u00e9 \u00e9volutive autour du tamis, \u00e9largissant ainsi la zone de sweetspot pour une meilleure tol\u00e9rance sur les coups d\u00e9centr\u00e9s.<\/p>\n<p>La<strong>\u00a0raquette TF-X1 v2 305\u00a0<\/strong>affiche un poids de 305 g et son plan de cordage 16 x19, mais apporte \u00e9galement plus de contr\u00f4le gr\u00e2ce \u00e0 son tamis plus petit de 630 cm2.<\/p>\n<p>Cette raquette Tecnifibre TF X1 v2 305 sera adapt\u00e9e \u00e0 des\u00a0<strong>joueurs d&#8217;un niveau confirm\u00e9\u00a0<\/strong>qui recherchent une raquette puissante et confortable tout en gardant du contr\u00f4le.<\/p>\n","protected":false},"excerpt":{"rendered":"<p>D\u00e9couvrez la raquette de tennis\u00a0Tecnifibre TF-X1 v2 305 !\u00a0Con\u00e7ue pour fournir une puissance maximale en gardant du confort, la TF-X1 est dot\u00e9e d&#8217;une ergonomie rigide pour garantir que le cadre reste stable \u00e0 l&#8217;impact, assurant ainsi une restitution d&#8217;\u00e9nergie optimale. La rigidit\u00e9 du cadre pouvant entra\u00eener des vibrations nocives pour le bras, Tecnifibre a d\u00e9velopp\u00e9 [&hellip;]<\/p>\n","protected":false},"featured_media":113112,"comment_status":"open","ping_status":"closed","template":"","meta":[],"product_cat":[145],"product_tag":[],"_links":{"self":[{"href":"https:\/\/www.sport4club.be\/index.php\/wp-json\/wp\/v2\/product\/113111"}],"collection":[{"href":"https:\/\/www.sport4club.be\/index.php\/wp-json\/wp\/v2\/product"}],"about":[{"href":"https:\/\/www.sport4club.be\/index.php\/wp-json\/wp\/v2\/types\/product"}],"replies":[{"embeddable":true,"href":"https:\/\/www.sport4club.be\/index.php\/wp-json\/wp\/v2\/comments?post=113111"}],"wp:featuredmedia":[{"embeddable":true,"href":"https:\/\/www.sport4club.be\/index.php\/wp-json\/wp\/v2\/media\/113112"}],"wp:attachment":[{"href":"https:\/\/www.sport4club.be\/index.php\/wp-json\/wp\/v2\/media?parent=113111"}],"wp:term":[{"taxonomy":"product_cat","embeddable":true,"href":"https:\/\/www.sport4club.be\/index.php\/wp-json\/wp\/v2\/product_cat?post=113111"},{"taxonomy":"product_tag","embeddable":true,"href":"https:\/\/www.sport4club.be\/index.php\/wp-json\/wp\/v2\/product_tag?post=113111"}],"curies":[{"name":"wp","href":"https:\/\/api.w.org\/{rel}","templated":true}]}}