{"id":112959,"date":"2024-03-23T08:44:55","date_gmt":"2024-03-23T07:44:55","guid":{"rendered":"https:\/\/www.sport4club.be\/?post_type=product&#038;p=112959"},"modified":"2024-08-14T10:25:28","modified_gmt":"2024-08-14T08:25:28","slug":"wilson-pro-sensation-overgrip-black-x12pces","status":"publish","type":"product","link":"https:\/\/www.sport4club.be\/index.php\/product\/wilson-pro-sensation-overgrip-black-x12pces\/","title":{"rendered":"wilson overgrips pro sensation Feel black x12pces"},"content":{"rendered":"<p>Si vous \u00eates un joueur de tennis r\u00e9gulier, vous savez \u00e0 quel point le choix du surgrip peut faire une diff\u00e9rence pour votre jeu. Les surgrips\u00a0<strong>Wilson Pro Sensation Overgrip noir<\/strong>\u00a0sont une option de qualit\u00e9 pour am\u00e9liorer votre\u00a0<strong>prise en main<\/strong>\u00a0et votre\u00a0<strong>confort<\/strong>\u00a0pendant vos matchs.<\/p>\n<p>Ces surgrips sont con\u00e7us pour \u00eatre 25% plus fins que les surgrips\u00a0<strong>Wilson Pro Overgrip<\/strong>, qui sont d\u00e9j\u00e0 une r\u00e9f\u00e9rence dans le domaine. Cette version extra-fine permet aux joueurs de maintenir une sensation de prise en main intacte sans agrandir le manche lors de l&#8217;installation du surgrip.<\/p>\n<p>Ces surgrips sont \u00e9galement conditionn\u00e9s en lot de\u00a0<strong>12<\/strong>, ce qui est id\u00e9al pour les joueurs qui ont besoin de changer leur surgrip r\u00e9guli\u00e8rement. La couleur\u00a0<strong>noir<\/strong>\u00a0est \u00e9l\u00e9gante et s&#8217;adaptera facilement \u00e0 n&#8217;importe quelle raquette de tennis.<\/p>\n","protected":false},"excerpt":{"rendered":"<p>Si vous \u00eates un joueur de tennis r\u00e9gulier, vous savez \u00e0 quel point le choix du surgrip peut faire une diff\u00e9rence pour votre jeu. Les surgrips\u00a0Wilson Pro Sensation Overgrip noir\u00a0sont une option de qualit\u00e9 pour am\u00e9liorer votre\u00a0prise en main\u00a0et votre\u00a0confort\u00a0pendant vos matchs. Ces surgrips sont con\u00e7us pour \u00eatre 25% plus fins que les surgrips\u00a0Wilson Pro [&hellip;]<\/p>\n","protected":false},"featured_media":112960,"comment_status":"open","ping_status":"closed","template":"","meta":[],"product_cat":[120],"product_tag":[],"_links":{"self":[{"href":"https:\/\/www.sport4club.be\/index.php\/wp-json\/wp\/v2\/product\/112959"}],"collection":[{"href":"https:\/\/www.sport4club.be\/index.php\/wp-json\/wp\/v2\/product"}],"about":[{"href":"https:\/\/www.sport4club.be\/index.php\/wp-json\/wp\/v2\/types\/product"}],"replies":[{"embeddable":true,"href":"https:\/\/www.sport4club.be\/index.php\/wp-json\/wp\/v2\/comments?post=112959"}],"wp:featuredmedia":[{"embeddable":true,"href":"https:\/\/www.sport4club.be\/index.php\/wp-json\/wp\/v2\/media\/112960"}],"wp:attachment":[{"href":"https:\/\/www.sport4club.be\/index.php\/wp-json\/wp\/v2\/media?parent=112959"}],"wp:term":[{"taxonomy":"product_cat","embeddable":true,"href":"https:\/\/www.sport4club.be\/index.php\/wp-json\/wp\/v2\/product_cat?post=112959"},{"taxonomy":"product_tag","embeddable":true,"href":"https:\/\/www.sport4club.be\/index.php\/wp-json\/wp\/v2\/product_tag?post=112959"}],"curies":[{"name":"wp","href":"https:\/\/api.w.org\/{rel}","templated":true}]}}