{"id":112917,"date":"2024-02-23T17:02:06","date_gmt":"2024-02-23T16:02:06","guid":{"rendered":"https:\/\/www.sport4club.be\/?post_type=product&#038;p=112917"},"modified":"2025-07-30T15:05:03","modified_gmt":"2025-07-30T13:05:03","slug":"dunlop-indoor-foam-ball-x12pces","status":"publish","type":"product","link":"https:\/\/www.sport4club.be\/index.php\/product\/dunlop-indoor-foam-ball-x12pces\/","title":{"rendered":"Dunlop Indoor Foam Ball (x12pces)"},"content":{"rendered":"<pre id=\"tw-target-text\" class=\"tw-data-text tw-text-large tw-ta\" dir=\"ltr\" data-placeholder=\"Traduction\" data-ved=\"2ahUKEwiN4JaB6sGEAxX21gIHHSuGB6gQ3ewLegQIBRAU\"><span class=\"Y2IQFc\" lang=\"fr\">Les balles en mousse indoor sont d\u00e9velopp\u00e9es et con\u00e7ues comme une balle sp\u00e9ciale pour le niveau d'initiation. \r\nLes enfants appr\u00e9cieront leurs premiers \u00e9changes de tennis avec cette balle gr\u00e2ce \u00e0 sa vitesse et son rebond adapt\u00e9s.\r\n\r\nBalle de taille normale\r\nBalle en mousse moul\u00e9e pour usage int\u00e9rieur et ext\u00e9rieur\r\nL\u00e9g\u00e8rement plus lourd et plus rapide pour plus de rebond et une meilleure trajectoire\r\nDiam\u00e8tre: 70mm\r\n\u00c2ge : 3-6 ans\r\nSac filet 12 balles<\/span><\/pre>\n","protected":false},"excerpt":{"rendered":"<p>Les balles en mousse indoor sont d\u00e9velopp\u00e9es et con\u00e7ues comme une balle sp\u00e9ciale pour le niveau d&#8217;initiation. Les enfants appr\u00e9cieront leurs premiers \u00e9changes de tennis avec cette balle gr\u00e2ce \u00e0 sa vitesse et son rebond adapt\u00e9s. Balle de taille normale Balle en mousse moul\u00e9e pour usage int\u00e9rieur et ext\u00e9rieur L\u00e9g\u00e8rement plus lourd et plus rapide [&hellip;]<\/p>\n","protected":false},"featured_media":112918,"comment_status":"open","ping_status":"closed","template":"","meta":[],"product_cat":[106],"product_tag":[],"_links":{"self":[{"href":"https:\/\/www.sport4club.be\/index.php\/wp-json\/wp\/v2\/product\/112917"}],"collection":[{"href":"https:\/\/www.sport4club.be\/index.php\/wp-json\/wp\/v2\/product"}],"about":[{"href":"https:\/\/www.sport4club.be\/index.php\/wp-json\/wp\/v2\/types\/product"}],"replies":[{"embeddable":true,"href":"https:\/\/www.sport4club.be\/index.php\/wp-json\/wp\/v2\/comments?post=112917"}],"wp:featuredmedia":[{"embeddable":true,"href":"https:\/\/www.sport4club.be\/index.php\/wp-json\/wp\/v2\/media\/112918"}],"wp:attachment":[{"href":"https:\/\/www.sport4club.be\/index.php\/wp-json\/wp\/v2\/media?parent=112917"}],"wp:term":[{"taxonomy":"product_cat","embeddable":true,"href":"https:\/\/www.sport4club.be\/index.php\/wp-json\/wp\/v2\/product_cat?post=112917"},{"taxonomy":"product_tag","embeddable":true,"href":"https:\/\/www.sport4club.be\/index.php\/wp-json\/wp\/v2\/product_tag?post=112917"}],"curies":[{"name":"wp","href":"https:\/\/api.w.org\/{rel}","templated":true}]}}