{"id":112856,"date":"2024-02-05T15:19:04","date_gmt":"2024-02-05T14:19:04","guid":{"rendered":"https:\/\/www.sport4club.be\/?post_type=product&#038;p=112856"},"modified":"2024-07-07T14:58:59","modified_gmt":"2024-07-07T12:58:59","slug":"wilson-thermobag-super-tour-shift-15r","status":"publish","type":"product","link":"https:\/\/www.sport4club.be\/index.php\/product\/wilson-thermobag-super-tour-shift-15r\/","title":{"rendered":"Wilson Thermobag Super Tour Shift 15R"},"content":{"rendered":"<p>Ce sac pour raquettes Wilson est con\u00e7u pour les joueurs de tennis de haut niveau.<\/p>\n<p>Il offre suffisamment d&#8217;espace pour ranger jusqu&#8217;\u00e0\u00a0<strong>quinze raquettes<\/strong>\u00a0dans les trois compartiments principaux, dont deux sont thermo-r\u00e9gul\u00e9s pour les prot\u00e9ger des temp\u00e9ratures extr\u00eames et pr\u00e9server la tension des cordages. Vous pouvez \u00e9galement ranger du mat\u00e9riel suppl\u00e9mentaire comme des balles, des grips et des accessoires dans les grandes poches ext\u00e9rieures. Le sac est renforc\u00e9 sur les c\u00f4t\u00e9s et est dot\u00e9 du syst\u00e8me de transport double de Wilson pour plus de praticit\u00e9.<\/p>\n<ul>\n<li><strong>2 Compartiments pour les raquettes\u00a0<\/strong>: pour vos raquettes, votre mat\u00e9riel de grande taille ou tout autre \u00e9quipement.<\/li>\n<li><strong>Compartiment \u00e0 accessoires Thermoguard :<\/strong>\u00a0pour prot\u00e9ger vos petits objets personnels et vos en-cas des changements extr\u00eames de temp\u00e9rature.<\/li>\n<li><strong>Grande poche \u00e0 accessoires\u00a0<\/strong>: pour \u00e9quipement, mat\u00e9riel et objets personnels.<\/li>\n<li><strong>Compartiment \u00e0 chaussures\u00a0<\/strong>: pour transporter une paire de chaussures suppl\u00e9mentaire.<\/li>\n<li><strong>Panneaux lat\u00e9raux renforc\u00e9s<\/strong>\u00a0: pour une plus grande durabilit\u00e9.<\/li>\n<li><strong>Bretelles rembourr\u00e9es r\u00e9glables<\/strong>\u00a0: pour plus de confort et r\u00e9glables pour un ajustement optimal.<\/li>\n<li><strong>Boucle de suspension<\/strong>\u00a0: pour suspendre le sac.<\/li>\n<\/ul>\n<p>Dimensions : 73.5 x 40.5 x 33 cm<\/p>\n","protected":false},"excerpt":{"rendered":"<p>Ce sac pour raquettes Wilson est con\u00e7u pour les joueurs de tennis de haut niveau. Il offre suffisamment d&#8217;espace pour ranger jusqu&#8217;\u00e0\u00a0quinze raquettes\u00a0dans les trois compartiments principaux, dont deux sont thermo-r\u00e9gul\u00e9s pour les prot\u00e9ger des temp\u00e9ratures extr\u00eames et pr\u00e9server la tension des cordages. Vous pouvez \u00e9galement ranger du mat\u00e9riel suppl\u00e9mentaire comme des balles, des grips [&hellip;]<\/p>\n","protected":false},"featured_media":112857,"comment_status":"open","ping_status":"closed","template":"","meta":[],"product_cat":[107],"product_tag":[],"_links":{"self":[{"href":"https:\/\/www.sport4club.be\/index.php\/wp-json\/wp\/v2\/product\/112856"}],"collection":[{"href":"https:\/\/www.sport4club.be\/index.php\/wp-json\/wp\/v2\/product"}],"about":[{"href":"https:\/\/www.sport4club.be\/index.php\/wp-json\/wp\/v2\/types\/product"}],"replies":[{"embeddable":true,"href":"https:\/\/www.sport4club.be\/index.php\/wp-json\/wp\/v2\/comments?post=112856"}],"wp:featuredmedia":[{"embeddable":true,"href":"https:\/\/www.sport4club.be\/index.php\/wp-json\/wp\/v2\/media\/112857"}],"wp:attachment":[{"href":"https:\/\/www.sport4club.be\/index.php\/wp-json\/wp\/v2\/media?parent=112856"}],"wp:term":[{"taxonomy":"product_cat","embeddable":true,"href":"https:\/\/www.sport4club.be\/index.php\/wp-json\/wp\/v2\/product_cat?post=112856"},{"taxonomy":"product_tag","embeddable":true,"href":"https:\/\/www.sport4club.be\/index.php\/wp-json\/wp\/v2\/product_tag?post=112856"}],"curies":[{"name":"wp","href":"https:\/\/api.w.org\/{rel}","templated":true}]}}