{"id":112838,"date":"2024-02-05T11:19:18","date_gmt":"2024-02-05T10:19:18","guid":{"rendered":"https:\/\/www.sport4club.be\/?post_type=product&#038;p=112838"},"modified":"2025-01-04T16:09:25","modified_gmt":"2025-01-04T15:09:25","slug":"wilson-blade-101l-v9-275gr","status":"publish","type":"product","link":"https:\/\/www.sport4club.be\/index.php\/product\/wilson-blade-101l-v9-275gr\/","title":{"rendered":"Wilson Blade 101L V9 (275gr)"},"content":{"rendered":"<p>Plus l\u00e9g\u00e8re et plus maniable pour des mouvements sans effort, la<strong>\u00a0Blade 101L V9<\/strong>\u00a0perfectionne le design exceptionnel de la V8 en affinant les r\u00e9ponses et en renfor\u00e7ant la stabilit\u00e9. Dot\u00e9e d&#8217;une nouvelle finition mate vert \u00e9meraude fonc\u00e9 et d&#8217;une section l\u00e9g\u00e8rement plus \u00e9paisse, cette raquette offre aux joueurs un m\u00e9lange optimal de contr\u00f4le, de sensation et de puissance. Son cadre en graphite tress\u00e9 et basalte, avec une poign\u00e9e en fibre de carbone DirectConnect, offre une meilleure sensation et une stabilit\u00e9 torsionnelle am\u00e9lior\u00e9e.<\/p>\n<p>\u00c9quip\u00e9e de la nouvelle technologie StableFeel offrant des sensations am\u00e9lior\u00e9es et plus fermes, tout en am\u00e9liorant la stabilit\u00e9, pour une connexion accrue avec la balle. Con\u00e7u en pensant aux joueurs passionn\u00e9s, cette &#8220;Blade plus tranchante&#8221; est id\u00e9ale pour ceux qui cherchent \u00e0 am\u00e9liorer leur jeu.<\/p>\n<p>Performante et facile \u00e0 jouer, la Blade 101L conviendra \u00e0 un large panel de joueurs. Les grands d\u00e9butants pour s&#8217;initier au tennis avec un cadre tol\u00e9rant et polyvalent. Les seniors pourront marier toucher de balle et tol\u00e9rance pour une pratique agr\u00e9able.<\/p>\n","protected":false},"excerpt":{"rendered":"<p>Plus l\u00e9g\u00e8re et plus maniable pour des mouvements sans effort, la\u00a0Blade 101L V9\u00a0perfectionne le design exceptionnel de la V8 en affinant les r\u00e9ponses et en renfor\u00e7ant la stabilit\u00e9. Dot\u00e9e d&#8217;une nouvelle finition mate vert \u00e9meraude fonc\u00e9 et d&#8217;une section l\u00e9g\u00e8rement plus \u00e9paisse, cette raquette offre aux joueurs un m\u00e9lange optimal de contr\u00f4le, de sensation et [&hellip;]<\/p>\n","protected":false},"featured_media":112839,"comment_status":"open","ping_status":"closed","template":"","meta":[],"product_cat":[145],"product_tag":[],"_links":{"self":[{"href":"https:\/\/www.sport4club.be\/index.php\/wp-json\/wp\/v2\/product\/112838"}],"collection":[{"href":"https:\/\/www.sport4club.be\/index.php\/wp-json\/wp\/v2\/product"}],"about":[{"href":"https:\/\/www.sport4club.be\/index.php\/wp-json\/wp\/v2\/types\/product"}],"replies":[{"embeddable":true,"href":"https:\/\/www.sport4club.be\/index.php\/wp-json\/wp\/v2\/comments?post=112838"}],"wp:featuredmedia":[{"embeddable":true,"href":"https:\/\/www.sport4club.be\/index.php\/wp-json\/wp\/v2\/media\/112839"}],"wp:attachment":[{"href":"https:\/\/www.sport4club.be\/index.php\/wp-json\/wp\/v2\/media?parent=112838"}],"wp:term":[{"taxonomy":"product_cat","embeddable":true,"href":"https:\/\/www.sport4club.be\/index.php\/wp-json\/wp\/v2\/product_cat?post=112838"},{"taxonomy":"product_tag","embeddable":true,"href":"https:\/\/www.sport4club.be\/index.php\/wp-json\/wp\/v2\/product_tag?post=112838"}],"curies":[{"name":"wp","href":"https:\/\/api.w.org\/{rel}","templated":true}]}}