{"id":112829,"date":"2024-02-05T11:13:03","date_gmt":"2024-02-05T10:13:03","guid":{"rendered":"https:\/\/www.sport4club.be\/?post_type=product&#038;p=112829"},"modified":"2025-01-04T16:04:04","modified_gmt":"2025-01-04T15:04:04","slug":"wilson-blade-100ul-v9-265gr","status":"publish","type":"product","link":"https:\/\/www.sport4club.be\/index.php\/product\/wilson-blade-100ul-v9-265gr\/","title":{"rendered":"Wilson Blade 100UL V9 (265gr)"},"content":{"rendered":"<p>Cette nouvelle raquette Wilson Blade 100UL V9 adopte nouveau design \u00e9m\u00e9raude fonc\u00e9. Celle-ci est la plus l\u00e9g\u00e8re et confortable des raquettes Blade. Son poids de 265g et sa composition en Braided Graphite et Basalt lui permet d&#8217;\u00eatre maniable et flexible et de fournir un meilleur toucher. Son plan de cordage est \u00e9quip\u00e9 du\u00a0<strong>Parallel Drilling\u00a0<\/strong>qui lui permet de b\u00e9n\u00e9ficier d&#8217;un sweetspot \u00e9largi. Son manche est quant \u00e0 lui \u00e9quip\u00e9 de la technologie\u00a0<strong>Top Grip Taper\u00a0<\/strong>pour une prise en main optimale.<\/p>\n<p>\u00c9quip\u00e9e de la nouvelle technologie\u00a0<strong>StableFeel\u00a0<\/strong>offrant des sensations am\u00e9lior\u00e9es et plus fermes, tout en am\u00e9liorant la stabilit\u00e9, pour une connexion accrue avec la balle. Con\u00e7u en pensant aux joueurs passionn\u00e9s, cette &#8220;Blade plus tranchante&#8221; est id\u00e9ale pour ceux qui cherchent \u00e0 am\u00e9liorer leur jeu.<\/p>\n<p>La Blade 100 UL v9 est id\u00e9ale pour les joueurs souhaitant s&#8217;initier au tennis avec une raquette maniable, polyvalente et performante. Elle conviendra parfaitement aux jeunes joueurs comp\u00e9titeurs recherchant une premi\u00e8re raquette de taille adulte.<\/p>\n<p>Cette raquette conviendra \u00e0 un large panel de style de jeu de l&#8217;attaquant de fond de court au contreur en passant par des coups en toucher.<\/p>\n","protected":false},"excerpt":{"rendered":"<p>Cette nouvelle raquette Wilson Blade 100UL V9 adopte nouveau design \u00e9m\u00e9raude fonc\u00e9. Celle-ci est la plus l\u00e9g\u00e8re et confortable des raquettes Blade. Son poids de 265g et sa composition en Braided Graphite et Basalt lui permet d&#8217;\u00eatre maniable et flexible et de fournir un meilleur toucher. Son plan de cordage est \u00e9quip\u00e9 du\u00a0Parallel Drilling\u00a0qui lui [&hellip;]<\/p>\n","protected":false},"featured_media":112830,"comment_status":"open","ping_status":"closed","template":"","meta":[],"product_cat":[145],"product_tag":[],"_links":{"self":[{"href":"https:\/\/www.sport4club.be\/index.php\/wp-json\/wp\/v2\/product\/112829"}],"collection":[{"href":"https:\/\/www.sport4club.be\/index.php\/wp-json\/wp\/v2\/product"}],"about":[{"href":"https:\/\/www.sport4club.be\/index.php\/wp-json\/wp\/v2\/types\/product"}],"replies":[{"embeddable":true,"href":"https:\/\/www.sport4club.be\/index.php\/wp-json\/wp\/v2\/comments?post=112829"}],"wp:featuredmedia":[{"embeddable":true,"href":"https:\/\/www.sport4club.be\/index.php\/wp-json\/wp\/v2\/media\/112830"}],"wp:attachment":[{"href":"https:\/\/www.sport4club.be\/index.php\/wp-json\/wp\/v2\/media?parent=112829"}],"wp:term":[{"taxonomy":"product_cat","embeddable":true,"href":"https:\/\/www.sport4club.be\/index.php\/wp-json\/wp\/v2\/product_cat?post=112829"},{"taxonomy":"product_tag","embeddable":true,"href":"https:\/\/www.sport4club.be\/index.php\/wp-json\/wp\/v2\/product_tag?post=112829"}],"curies":[{"name":"wp","href":"https:\/\/api.w.org\/{rel}","templated":true}]}}