{"id":112821,"date":"2024-02-05T11:05:31","date_gmt":"2024-02-05T10:05:31","guid":{"rendered":"https:\/\/www.sport4club.be\/?post_type=product&#038;p=112821"},"modified":"2025-01-04T16:01:24","modified_gmt":"2025-01-04T15:01:24","slug":"wilson-blade-100l-v9-285gr","status":"publish","type":"product","link":"https:\/\/www.sport4club.be\/index.php\/product\/wilson-blade-100l-v9-285gr\/","title":{"rendered":"Wilson Blade 100L V9 (285gr)"},"content":{"rendered":"<p>La Blade 100L V9 est une raquette plus l\u00e9g\u00e8re et plus maniable, facilitant les mouvements sans effort. Elle perfectionne le design exceptionnel de la V8 en am\u00e9liorant les r\u00e9ponses et en renfor\u00e7ant la stabilit\u00e9. Arborant une nouvelle finition mate vert \u00e9meraude fonc\u00e9, cette raquette offre aux joueurs un m\u00e9lange optimal de contr\u00f4le, de sensations et de puissance. Son cadre en graphite tress\u00e9 et basalte, associ\u00e9 \u00e0 un manche en fibre de carbone DirectConnect, am\u00e9liore les sensations et la stabilit\u00e9 en torsion.<\/p>\n<p>\u00c9quip\u00e9e de la nouvelle technologie\u00a0<strong>StableFeel\u00a0<\/strong>offrant des sensations am\u00e9lior\u00e9es et plus fermes, tout en am\u00e9liorant la stabilit\u00e9, pour une connexion accrue avec la balle. Con\u00e7u en pensant aux joueurs passionn\u00e9s, cette &#8220;Blade plus tranchante&#8221; est id\u00e9ale pour ceux qui cherchent \u00e0 am\u00e9liorer leur jeu.<\/p>\n<p>La nouvelle <strong>Blade 100L v9<\/strong> conviendra aux joueurs de niveau interm\u00e9diaire souhaitant une raquette maniable et polyvalente. Elle permettra une progression rapide et une grande vari\u00e9t\u00e9 dans le jeu.<\/p>\n<p>Elle convient parfaitement aux puncheurs de fond de court ainsi qu&#8217;aux contreurs recherchant un bon compromis entre sensations\/contr\u00f4le et tol\u00e9rance.<\/p>\n<p>&nbsp;<\/p>\n","protected":false},"excerpt":{"rendered":"<p>La Blade 100L V9 est une raquette plus l\u00e9g\u00e8re et plus maniable, facilitant les mouvements sans effort. Elle perfectionne le design exceptionnel de la V8 en am\u00e9liorant les r\u00e9ponses et en renfor\u00e7ant la stabilit\u00e9. Arborant une nouvelle finition mate vert \u00e9meraude fonc\u00e9, cette raquette offre aux joueurs un m\u00e9lange optimal de contr\u00f4le, de sensations et [&hellip;]<\/p>\n","protected":false},"featured_media":112822,"comment_status":"open","ping_status":"closed","template":"","meta":[],"product_cat":[145],"product_tag":[],"_links":{"self":[{"href":"https:\/\/www.sport4club.be\/index.php\/wp-json\/wp\/v2\/product\/112821"}],"collection":[{"href":"https:\/\/www.sport4club.be\/index.php\/wp-json\/wp\/v2\/product"}],"about":[{"href":"https:\/\/www.sport4club.be\/index.php\/wp-json\/wp\/v2\/types\/product"}],"replies":[{"embeddable":true,"href":"https:\/\/www.sport4club.be\/index.php\/wp-json\/wp\/v2\/comments?post=112821"}],"wp:featuredmedia":[{"embeddable":true,"href":"https:\/\/www.sport4club.be\/index.php\/wp-json\/wp\/v2\/media\/112822"}],"wp:attachment":[{"href":"https:\/\/www.sport4club.be\/index.php\/wp-json\/wp\/v2\/media?parent=112821"}],"wp:term":[{"taxonomy":"product_cat","embeddable":true,"href":"https:\/\/www.sport4club.be\/index.php\/wp-json\/wp\/v2\/product_cat?post=112821"},{"taxonomy":"product_tag","embeddable":true,"href":"https:\/\/www.sport4club.be\/index.php\/wp-json\/wp\/v2\/product_tag?post=112821"}],"curies":[{"name":"wp","href":"https:\/\/api.w.org\/{rel}","templated":true}]}}