{"id":112813,"date":"2024-02-05T10:59:09","date_gmt":"2024-02-05T09:59:09","guid":{"rendered":"https:\/\/www.sport4club.be\/?post_type=product&#038;p=112813"},"modified":"2025-01-04T15:20:52","modified_gmt":"2025-01-04T14:20:52","slug":"wilson-blade-100-v9-300gr","status":"publish","type":"product","link":"https:\/\/www.sport4club.be\/index.php\/product\/wilson-blade-100-v9-300gr\/","title":{"rendered":"Wilson Blade 100 V9 (300gr)"},"content":{"rendered":"<p>La\u00a0<strong>Blade 100 V9<\/strong>\u00a0offre une r\u00e9ponse plus nette et stable, procurant ainsi une sensation de connexion accrue avec la balle. Dot\u00e9e d&#8217;une nouvelle finition mate \u00c9meraude Nuit, la V9 pr\u00e9sente une structure en graphite tress\u00e9 + basalte avec une poign\u00e9e en fibre de carbone DirectConnect pour une stabilit\u00e9 torsionnelle am\u00e9lior\u00e9e.<\/p>\n<p>\u00c9quip\u00e9e de la nouvelle technologie\u00a0<strong>StableFeel\u00a0<\/strong>offrant des sensations am\u00e9lior\u00e9es et plus fermes, tout en am\u00e9liorant la stabilit\u00e9, pour une connexion accrue avec la balle. Con\u00e7u en pensant aux joueurs passionn\u00e9s, cette &#8220;Blade plus tranchante&#8221; est id\u00e9ale pour ceux qui cherchent \u00e0 am\u00e9liorer leur jeu.<\/p>\n<p>La nouvelle <strong>Blade 100 v9<\/strong> conviendra aux joueurs de comp\u00e9tition souhaitant une raquette polyvalente offrant un \u00e9norme toucher de balle. Elle permettra une <strong>progression rapide<\/strong>\u00a0et une grande vari\u00e9t\u00e9 dans le jeu.<\/p>\n<p>Elle convient parfaitement aux frappeurs de fond de court ainsi qu&#8217;aux contreurs recherchant un bon compromis entre puissance\/contr\u00f4le, tol\u00e9rance et toucher de balle.<\/p>\n","protected":false},"excerpt":{"rendered":"<p>La\u00a0Blade 100 V9\u00a0offre une r\u00e9ponse plus nette et stable, procurant ainsi une sensation de connexion accrue avec la balle. Dot\u00e9e d&#8217;une nouvelle finition mate \u00c9meraude Nuit, la V9 pr\u00e9sente une structure en graphite tress\u00e9 + basalte avec une poign\u00e9e en fibre de carbone DirectConnect pour une stabilit\u00e9 torsionnelle am\u00e9lior\u00e9e. \u00c9quip\u00e9e de la nouvelle technologie\u00a0StableFeel\u00a0offrant des [&hellip;]<\/p>\n","protected":false},"featured_media":112814,"comment_status":"open","ping_status":"closed","template":"","meta":[],"product_cat":[145],"product_tag":[],"_links":{"self":[{"href":"https:\/\/www.sport4club.be\/index.php\/wp-json\/wp\/v2\/product\/112813"}],"collection":[{"href":"https:\/\/www.sport4club.be\/index.php\/wp-json\/wp\/v2\/product"}],"about":[{"href":"https:\/\/www.sport4club.be\/index.php\/wp-json\/wp\/v2\/types\/product"}],"replies":[{"embeddable":true,"href":"https:\/\/www.sport4club.be\/index.php\/wp-json\/wp\/v2\/comments?post=112813"}],"wp:featuredmedia":[{"embeddable":true,"href":"https:\/\/www.sport4club.be\/index.php\/wp-json\/wp\/v2\/media\/112814"}],"wp:attachment":[{"href":"https:\/\/www.sport4club.be\/index.php\/wp-json\/wp\/v2\/media?parent=112813"}],"wp:term":[{"taxonomy":"product_cat","embeddable":true,"href":"https:\/\/www.sport4club.be\/index.php\/wp-json\/wp\/v2\/product_cat?post=112813"},{"taxonomy":"product_tag","embeddable":true,"href":"https:\/\/www.sport4club.be\/index.php\/wp-json\/wp\/v2\/product_tag?post=112813"}],"curies":[{"name":"wp","href":"https:\/\/api.w.org\/{rel}","templated":true}]}}