{"id":112805,"date":"2024-02-05T10:52:08","date_gmt":"2024-02-05T09:52:08","guid":{"rendered":"https:\/\/www.sport4club.be\/?post_type=product&#038;p=112805"},"modified":"2025-03-13T07:57:14","modified_gmt":"2025-03-13T06:57:14","slug":"wilson-blade-98s-v9-295gr","status":"publish","type":"product","link":"https:\/\/www.sport4club.be\/index.php\/product\/wilson-blade-98s-v9-295gr\/","title":{"rendered":"Wilson Blade 98S V9 (295gr)"},"content":{"rendered":"<p>La<strong>\u00a0Blade 98S V9\u00a0<\/strong>offre une r\u00e9ponse plus nette et stable, procurant ainsi une sensation de connexion accrue avec la balle. Dot\u00e9e d&#8217;une nouvelle finition mate \u00c9meraude Nuit, la V9 pr\u00e9sente une structure en graphite tress\u00e9 + basalte avec une poign\u00e9e en fibre de carbone\u00a0<strong>DirectConnect\u00a0<\/strong>pour une stabilit\u00e9 torsionnelle am\u00e9lior\u00e9e. Elle arbore \u00e9galement le motif de cordage le plus ouvert, offrant ainsi une r\u00e9ponse plus indulgente et le plus grand potentiel pour g\u00e9n\u00e9rer un spin important.<\/p>\n<p>\u00c9quip\u00e9e de la nouvelle technologie StableFeel offrant des sensations am\u00e9lior\u00e9es et plus fermes, tout en am\u00e9liorant la stabilit\u00e9, pour une connexion accrue avec la balle. Con\u00e7u en pensant aux joueurs passionn\u00e9s, cette &#8220;Blade plus tranchante&#8221; est id\u00e9ale pour ceux qui cherchent \u00e0 am\u00e9liorer leur jeu.<\/p>\n<p>La Blade 98S est id\u00e9ale pour les joueurs \u00e0 la recherche d&#8217;un bon compromis entre pr\u00e9cision, puissance et prise d&#8217;effet. Son plan de cordage ouvert apporte plus de pep&#8217;s et de gratte que les autres Blade.<\/p>\n<p>Les lifteurs de fond de court pourront repousser leur adversaire avec des frappes lourdes, bomb\u00e9es et pr\u00e9cises.<\/p>\n","protected":false},"excerpt":{"rendered":"<p>La\u00a0Blade 98S V9\u00a0offre une r\u00e9ponse plus nette et stable, procurant ainsi une sensation de connexion accrue avec la balle. Dot\u00e9e d&#8217;une nouvelle finition mate \u00c9meraude Nuit, la V9 pr\u00e9sente une structure en graphite tress\u00e9 + basalte avec une poign\u00e9e en fibre de carbone\u00a0DirectConnect\u00a0pour une stabilit\u00e9 torsionnelle am\u00e9lior\u00e9e. Elle arbore \u00e9galement le motif de cordage le [&hellip;]<\/p>\n","protected":false},"featured_media":112806,"comment_status":"open","ping_status":"closed","template":"","meta":[],"product_cat":[145],"product_tag":[],"_links":{"self":[{"href":"https:\/\/www.sport4club.be\/index.php\/wp-json\/wp\/v2\/product\/112805"}],"collection":[{"href":"https:\/\/www.sport4club.be\/index.php\/wp-json\/wp\/v2\/product"}],"about":[{"href":"https:\/\/www.sport4club.be\/index.php\/wp-json\/wp\/v2\/types\/product"}],"replies":[{"embeddable":true,"href":"https:\/\/www.sport4club.be\/index.php\/wp-json\/wp\/v2\/comments?post=112805"}],"wp:featuredmedia":[{"embeddable":true,"href":"https:\/\/www.sport4club.be\/index.php\/wp-json\/wp\/v2\/media\/112806"}],"wp:attachment":[{"href":"https:\/\/www.sport4club.be\/index.php\/wp-json\/wp\/v2\/media?parent=112805"}],"wp:term":[{"taxonomy":"product_cat","embeddable":true,"href":"https:\/\/www.sport4club.be\/index.php\/wp-json\/wp\/v2\/product_cat?post=112805"},{"taxonomy":"product_tag","embeddable":true,"href":"https:\/\/www.sport4club.be\/index.php\/wp-json\/wp\/v2\/product_tag?post=112805"}],"curies":[{"name":"wp","href":"https:\/\/api.w.org\/{rel}","templated":true}]}}