{"id":112789,"date":"2024-02-05T10:37:58","date_gmt":"2024-02-05T09:37:58","guid":{"rendered":"https:\/\/www.sport4club.be\/?post_type=product&#038;p=112789"},"modified":"2025-01-04T16:14:03","modified_gmt":"2025-01-04T15:14:03","slug":"wilson-blade-98-16x19-v9-305gr","status":"publish","type":"product","link":"https:\/\/www.sport4club.be\/index.php\/product\/wilson-blade-98-16x19-v9-305gr\/","title":{"rendered":"Wilson Blade 98 16&#215;19 V9 (305gr)"},"content":{"rendered":"<p>La raquette Wilson Blade 98 16&#215;19 V9 dispose d&#8217;une peinture matte vert \u00e9meraude fonc\u00e9, qui ne laissera personne indiff\u00e9rent sur les courts. L&#8217;accent sur cette nouvelle version a \u00e9t\u00e9 d&#8217;offrir \u00e0 la fois\u00a0<strong>plus de flexibilit\u00e9 et de stabilit\u00e9 \u00e0 la frappe<\/strong>\u00a0gr\u00e2ce aux technologies FortyFive et StableFeel.<\/p>\n<p>Cette nouvelle technologie StableFeel offre des sensations am\u00e9lior\u00e9es et plus fermes, tout en am\u00e9liorant la stabilit\u00e9, pour une connexion accrue avec la balle. Con\u00e7u en pensant aux joueurs passionn\u00e9s, cette &#8220;Blade plus tranchante&#8221; est id\u00e9ale pour ceux qui cherchent \u00e0 am\u00e9liorer leur jeu.<\/p>\n<p>Nous conseillons ce mod\u00e8le aux joueurs agressifs de fond de court montant \u00e0 la vol\u00e9e. Vous devrez disposer d&#8217;un bon niveau technique pour exploiter le cadre.<\/p>\n","protected":false},"excerpt":{"rendered":"<p>La raquette Wilson Blade 98 16&#215;19 V9 dispose d&#8217;une peinture matte vert \u00e9meraude fonc\u00e9, qui ne laissera personne indiff\u00e9rent sur les courts. L&#8217;accent sur cette nouvelle version a \u00e9t\u00e9 d&#8217;offrir \u00e0 la fois\u00a0plus de flexibilit\u00e9 et de stabilit\u00e9 \u00e0 la frappe\u00a0gr\u00e2ce aux technologies FortyFive et StableFeel. Cette nouvelle technologie StableFeel offre des sensations am\u00e9lior\u00e9es et [&hellip;]<\/p>\n","protected":false},"featured_media":112790,"comment_status":"open","ping_status":"closed","template":"","meta":[],"product_cat":[145],"product_tag":[],"_links":{"self":[{"href":"https:\/\/www.sport4club.be\/index.php\/wp-json\/wp\/v2\/product\/112789"}],"collection":[{"href":"https:\/\/www.sport4club.be\/index.php\/wp-json\/wp\/v2\/product"}],"about":[{"href":"https:\/\/www.sport4club.be\/index.php\/wp-json\/wp\/v2\/types\/product"}],"replies":[{"embeddable":true,"href":"https:\/\/www.sport4club.be\/index.php\/wp-json\/wp\/v2\/comments?post=112789"}],"wp:featuredmedia":[{"embeddable":true,"href":"https:\/\/www.sport4club.be\/index.php\/wp-json\/wp\/v2\/media\/112790"}],"wp:attachment":[{"href":"https:\/\/www.sport4club.be\/index.php\/wp-json\/wp\/v2\/media?parent=112789"}],"wp:term":[{"taxonomy":"product_cat","embeddable":true,"href":"https:\/\/www.sport4club.be\/index.php\/wp-json\/wp\/v2\/product_cat?post=112789"},{"taxonomy":"product_tag","embeddable":true,"href":"https:\/\/www.sport4club.be\/index.php\/wp-json\/wp\/v2\/product_tag?post=112789"}],"curies":[{"name":"wp","href":"https:\/\/api.w.org\/{rel}","templated":true}]}}