{"id":112785,"date":"2024-02-04T16:05:06","date_gmt":"2024-02-04T15:05:06","guid":{"rendered":"https:\/\/www.sport4club.be\/?post_type=product&#038;p=112785"},"modified":"2024-02-04T16:05:06","modified_gmt":"2024-02-04T15:05:06","slug":"wilson-revolve-twist-red-200m","status":"publish","type":"product","link":"https:\/\/www.sport4club.be\/index.php\/product\/wilson-revolve-twist-red-200m\/","title":{"rendered":"Wilson Revolve Twist Red (200M)"},"content":{"rendered":"<p>Conditionn\u00e9 en bobine de 200m, le cordage Wilson Revolve Twist est un monofilament pens\u00e9 pour apporter un maximum de prise d&#8217;effet, du contr\u00f4le et une excellente durabilit\u00e9. Sa structure torsad\u00e9e permet d&#8217;obtenir une excellente accroche pour plus de lift et de lourdeur de balle.<\/p>\n<p>Sa rigidit\u00e9 se situe entre le Revolve classique et le Revolve Spin pour un haut niveau de contr\u00f4le tout en gardant une r\u00e9serve de puissance sur les frappes appuy\u00e9es.<\/p>\n<p>Comme les autres cordages de la gamme, le Revolve Twist dispose d&#8217;un excellent Snapback gr\u00e2ce aux mat\u00e9riaux \u00e0 faible friction utilis\u00e9s dans sa conception. Les cordes reviennent rapidement en place apr\u00e8s contact avec la balle pour toujours plus de prise d&#8217;effet.<\/p>\n<p>Le Revolve Twist est parfait pour les lifteurs \u00e0 la recherche de lourdeur de balle et de contr\u00f4le.<\/p>\n<p>&nbsp;<\/p>\n","protected":false},"excerpt":{"rendered":"<p>Conditionn\u00e9 en bobine de 200m, le cordage Wilson Revolve Twist est un monofilament pens\u00e9 pour apporter un maximum de prise d&#8217;effet, du contr\u00f4le et une excellente durabilit\u00e9. Sa structure torsad\u00e9e permet d&#8217;obtenir une excellente accroche pour plus de lift et de lourdeur de balle. Sa rigidit\u00e9 se situe entre le Revolve classique et le Revolve [&hellip;]<\/p>\n","protected":false},"featured_media":112786,"comment_status":"open","ping_status":"closed","template":"","meta":[],"product_cat":[108],"product_tag":[],"_links":{"self":[{"href":"https:\/\/www.sport4club.be\/index.php\/wp-json\/wp\/v2\/product\/112785"}],"collection":[{"href":"https:\/\/www.sport4club.be\/index.php\/wp-json\/wp\/v2\/product"}],"about":[{"href":"https:\/\/www.sport4club.be\/index.php\/wp-json\/wp\/v2\/types\/product"}],"replies":[{"embeddable":true,"href":"https:\/\/www.sport4club.be\/index.php\/wp-json\/wp\/v2\/comments?post=112785"}],"wp:featuredmedia":[{"embeddable":true,"href":"https:\/\/www.sport4club.be\/index.php\/wp-json\/wp\/v2\/media\/112786"}],"wp:attachment":[{"href":"https:\/\/www.sport4club.be\/index.php\/wp-json\/wp\/v2\/media?parent=112785"}],"wp:term":[{"taxonomy":"product_cat","embeddable":true,"href":"https:\/\/www.sport4club.be\/index.php\/wp-json\/wp\/v2\/product_cat?post=112785"},{"taxonomy":"product_tag","embeddable":true,"href":"https:\/\/www.sport4club.be\/index.php\/wp-json\/wp\/v2\/product_tag?post=112785"}],"curies":[{"name":"wp","href":"https:\/\/api.w.org\/{rel}","templated":true}]}}