{"id":112766,"date":"2024-02-04T15:22:42","date_gmt":"2024-02-04T14:22:42","guid":{"rendered":"https:\/\/www.sport4club.be\/?post_type=product&#038;p=112766"},"modified":"2024-02-04T15:23:27","modified_gmt":"2024-02-04T14:23:27","slug":"wilson-nxt-soft-grey-200m","status":"publish","type":"product","link":"https:\/\/www.sport4club.be\/index.php\/product\/wilson-nxt-soft-grey-200m\/","title":{"rendered":"Wilson NXT Soft Silver (200M)"},"content":{"rendered":"<p>Le NXT Soft de Wilson pr\u00e9sente un mariage parfait entre puissance et confort, red\u00e9finissant la gamme classique NXT. Gr\u00e2ce l&#8217;utilisation de fibres plus douces aux filaments allong\u00e9s, ce cordage g\u00e9n\u00e8re davantage de puissance tout en assurant une absorption optimale des chocs, offrant un confort exceptionnel pour le bras sans sacrifier les performances. Recommand\u00e9 par Wilson pour la gamme de raquette Ultra, il est aussi id\u00e9al pour les joueurs en qu\u00eate d&#8217;un cordage multifilament puissant et confortable.<\/p>\n<p>Compar\u00e9 au NXT original, l&#8217;allongement de 30 % du NXT Soft prolonge le temps de contact balle \/ cordage. Avec une augmentation de 26 % du nombre de filaments par rapport \u00e0 son pr\u00e9d\u00e9cesseur, ce cordage garantit une puissance sans effort. De plus, une absorption accrue de 9 % par rapport au NXT original am\u00e9liore le confort global. La composition en polyur\u00e9thane (PU) conf\u00e8re une sensation de souplesse traditionnelle au NXT Soft, offrant ainsi une exp\u00e9rience de jeu unique.<\/p>\n<p>Les joueurs adeptes de frappes puissantes pour d\u00e9border leurs adversaires trouveront un r\u00e9el plaisir avec ce cordage. Cependant, il est important de noter que si vous avez tendance \u00e0 beaucoup lifter, le NXT Soft n&#8217;est pas sp\u00e9cifiquement con\u00e7u pour cela, et cela pourrait affecter sa durabilit\u00e9.<\/p>\n","protected":false},"excerpt":{"rendered":"<p>Le NXT Soft de Wilson pr\u00e9sente un mariage parfait entre puissance et confort, red\u00e9finissant la gamme classique NXT. Gr\u00e2ce l&#8217;utilisation de fibres plus douces aux filaments allong\u00e9s, ce cordage g\u00e9n\u00e8re davantage de puissance tout en assurant une absorption optimale des chocs, offrant un confort exceptionnel pour le bras sans sacrifier les performances. Recommand\u00e9 par Wilson [&hellip;]<\/p>\n","protected":false},"featured_media":112767,"comment_status":"open","ping_status":"closed","template":"","meta":[],"product_cat":[108],"product_tag":[],"_links":{"self":[{"href":"https:\/\/www.sport4club.be\/index.php\/wp-json\/wp\/v2\/product\/112766"}],"collection":[{"href":"https:\/\/www.sport4club.be\/index.php\/wp-json\/wp\/v2\/product"}],"about":[{"href":"https:\/\/www.sport4club.be\/index.php\/wp-json\/wp\/v2\/types\/product"}],"replies":[{"embeddable":true,"href":"https:\/\/www.sport4club.be\/index.php\/wp-json\/wp\/v2\/comments?post=112766"}],"wp:featuredmedia":[{"embeddable":true,"href":"https:\/\/www.sport4club.be\/index.php\/wp-json\/wp\/v2\/media\/112767"}],"wp:attachment":[{"href":"https:\/\/www.sport4club.be\/index.php\/wp-json\/wp\/v2\/media?parent=112766"}],"wp:term":[{"taxonomy":"product_cat","embeddable":true,"href":"https:\/\/www.sport4club.be\/index.php\/wp-json\/wp\/v2\/product_cat?post=112766"},{"taxonomy":"product_tag","embeddable":true,"href":"https:\/\/www.sport4club.be\/index.php\/wp-json\/wp\/v2\/product_tag?post=112766"}],"curies":[{"name":"wp","href":"https:\/\/api.w.org\/{rel}","templated":true}]}}