{"id":112757,"date":"2024-02-04T15:04:07","date_gmt":"2024-02-04T14:04:07","guid":{"rendered":"https:\/\/www.sport4club.be\/?post_type=product&#038;p=112757"},"modified":"2024-02-04T15:04:08","modified_gmt":"2024-02-04T14:04:08","slug":"wilson-sensation-plus-black-200m","status":"publish","type":"product","link":"https:\/\/www.sport4club.be\/index.php\/product\/wilson-sensation-plus-black-200m\/","title":{"rendered":"Wilson Sensation Plus Black (200M)"},"content":{"rendered":"<p><strong>Wilson<\/strong>\u00a0a pens\u00e9 aux casseurs avec ce cordage Wilson Sensation Plus ! En effet, ce\u00a0<strong>cordage multifilament<\/strong>\u00a0reprend la structure de fibres de nylon \u00e9lastiques du Sensation classique et enveloppe le tout avec des rubans m\u00e9talliques pour\u00a0<strong>plus de r\u00e9sistance<\/strong>.<\/p>\n<p>Vous conservez le confort reconnu de ce classique des cordages avec une dur\u00e9e de vie accrue. Si la puissance est toujours au rendez-vous, vous pourrez constater un l<strong>\u00e9ger gain de contr\u00f4le et de pr\u00e9cision<\/strong>.<\/p>\n","protected":false},"excerpt":{"rendered":"<p>Wilson\u00a0a pens\u00e9 aux casseurs avec ce cordage Wilson Sensation Plus ! En effet, ce\u00a0cordage multifilament\u00a0reprend la structure de fibres de nylon \u00e9lastiques du Sensation classique et enveloppe le tout avec des rubans m\u00e9talliques pour\u00a0plus de r\u00e9sistance. Vous conservez le confort reconnu de ce classique des cordages avec une dur\u00e9e de vie accrue. Si la puissance [&hellip;]<\/p>\n","protected":false},"featured_media":112758,"comment_status":"open","ping_status":"closed","template":"","meta":[],"product_cat":[108],"product_tag":[],"_links":{"self":[{"href":"https:\/\/www.sport4club.be\/index.php\/wp-json\/wp\/v2\/product\/112757"}],"collection":[{"href":"https:\/\/www.sport4club.be\/index.php\/wp-json\/wp\/v2\/product"}],"about":[{"href":"https:\/\/www.sport4club.be\/index.php\/wp-json\/wp\/v2\/types\/product"}],"replies":[{"embeddable":true,"href":"https:\/\/www.sport4club.be\/index.php\/wp-json\/wp\/v2\/comments?post=112757"}],"wp:featuredmedia":[{"embeddable":true,"href":"https:\/\/www.sport4club.be\/index.php\/wp-json\/wp\/v2\/media\/112758"}],"wp:attachment":[{"href":"https:\/\/www.sport4club.be\/index.php\/wp-json\/wp\/v2\/media?parent=112757"}],"wp:term":[{"taxonomy":"product_cat","embeddable":true,"href":"https:\/\/www.sport4club.be\/index.php\/wp-json\/wp\/v2\/product_cat?post=112757"},{"taxonomy":"product_tag","embeddable":true,"href":"https:\/\/www.sport4club.be\/index.php\/wp-json\/wp\/v2\/product_tag?post=112757"}],"curies":[{"name":"wp","href":"https:\/\/api.w.org\/{rel}","templated":true}]}}