{"id":112754,"date":"2024-02-04T14:58:19","date_gmt":"2024-02-04T13:58:19","guid":{"rendered":"https:\/\/www.sport4club.be\/?post_type=product&#038;p=112754"},"modified":"2024-02-04T14:58:20","modified_gmt":"2024-02-04T13:58:20","slug":"wilson-sensation-comfort-blue-200m","status":"publish","type":"product","link":"https:\/\/www.sport4club.be\/index.php\/product\/wilson-sensation-comfort-blue-200m\/","title":{"rendered":"Wilson Sensation Comfort Blue (200M)"},"content":{"rendered":"<p>Le cordage Wilson Sensation appartient \u00e0 la famille des multifilaments. Il est de couleur naturelle mais on peut le retrouver dans d&#8217;autres pigmentation par exemple en vert.<\/p>\n<p>Ce produit utilise la technologie Xycro micro fibers combin\u00e9 avec du nylon dans le but d&#8217;offrir aux pratiquants un confort de jeu exceptionnel.<\/p>\n<p>En effet, cette corde porte tr\u00e8s bien son nom car puissance et sensations \u00e0 la frappe pr\u00e9dominent.<\/p>\n<p>On va retrouver cette r\u00e9f\u00e9rence dans plusieurs jauges : Le 1,25 permettra d&#8217;optimiser l&#8217;aspect puissance et confort de jeu. Le 1,30 offrira un meilleur contr\u00f4le de balle. Enfin le 1,35 permettra aux gros casseurs d&#8217;augmenter la dur\u00e9e de vie de la corde, tout en profitant du confort et des sensations de jeu.<\/p>\n<p>Le Wilson Sensation est id\u00e9al pour les jeunes joueurs ou les joueuses qui veulent du confort de jeu et du toucher de balle.<\/p>\n<p>Le Wilson sensation conviendra aux profils de joueurs qui recherchent puissance, confort et toucher de balle.<\/p>\n<p>N\u00e9anmoins, si vous \u00eates dans cette cat\u00e9gorie mais que vous cassez r\u00e9guli\u00e8rement, il vaut mieux opter pour une autre r\u00e9f\u00e9rence.<\/p>\n","protected":false},"excerpt":{"rendered":"<p>Le cordage Wilson Sensation appartient \u00e0 la famille des multifilaments. Il est de couleur naturelle mais on peut le retrouver dans d&#8217;autres pigmentation par exemple en vert. Ce produit utilise la technologie Xycro micro fibers combin\u00e9 avec du nylon dans le but d&#8217;offrir aux pratiquants un confort de jeu exceptionnel. En effet, cette corde porte [&hellip;]<\/p>\n","protected":false},"featured_media":112755,"comment_status":"open","ping_status":"closed","template":"","meta":[],"product_cat":[108],"product_tag":[],"_links":{"self":[{"href":"https:\/\/www.sport4club.be\/index.php\/wp-json\/wp\/v2\/product\/112754"}],"collection":[{"href":"https:\/\/www.sport4club.be\/index.php\/wp-json\/wp\/v2\/product"}],"about":[{"href":"https:\/\/www.sport4club.be\/index.php\/wp-json\/wp\/v2\/types\/product"}],"replies":[{"embeddable":true,"href":"https:\/\/www.sport4club.be\/index.php\/wp-json\/wp\/v2\/comments?post=112754"}],"wp:featuredmedia":[{"embeddable":true,"href":"https:\/\/www.sport4club.be\/index.php\/wp-json\/wp\/v2\/media\/112755"}],"wp:attachment":[{"href":"https:\/\/www.sport4club.be\/index.php\/wp-json\/wp\/v2\/media?parent=112754"}],"wp:term":[{"taxonomy":"product_cat","embeddable":true,"href":"https:\/\/www.sport4club.be\/index.php\/wp-json\/wp\/v2\/product_cat?post=112754"},{"taxonomy":"product_tag","embeddable":true,"href":"https:\/\/www.sport4club.be\/index.php\/wp-json\/wp\/v2\/product_tag?post=112754"}],"curies":[{"name":"wp","href":"https:\/\/api.w.org\/{rel}","templated":true}]}}