{"id":112710,"date":"2024-01-30T16:43:37","date_gmt":"2024-01-30T15:43:37","guid":{"rendered":"https:\/\/www.sport4club.be\/?post_type=product&#038;p=112710"},"modified":"2024-08-04T10:38:55","modified_gmt":"2024-08-04T08:38:55","slug":"babolat-backpack-pure-aero","status":"publish","type":"product","link":"https:\/\/www.sport4club.be\/index.php\/product\/babolat-backpack-pure-aero\/","title":{"rendered":"Babolat Backpack Pure Aero"},"content":{"rendered":"<p>Afin de vous proposer ce qui se fait de mieux, nous avons d\u00e9velopp\u00e9 ce sac BACKPACK PURE AERO avec une mati\u00e8re ext\u00e9rieure ultra r\u00e9sistante, imperm\u00e9able et durable. L\u2019int\u00e9rieur du sac b\u00e9n\u00e9ficie quant \u00e0 lui de notre nouveau \u00ab color-free lining \u00bb, une mati\u00e8re 100% recycl\u00e9e et sans teinture. Prot\u00e9g\u00e9es int\u00e9gralement dans un compartiment isotherme, vos raquettes seront ainsi \u00e0 l\u2019abri des variations brusques de temp\u00e9rature. Vous pourrez organiser votre \u00e9quipement dans les deux autres compartiments qui pourront accueillir PC, boissons, tubes de balles, ou encore paire de chaussures.Polyvalent, ce Backpack PURE AERO est s\u00e9par\u00e9 en trois compartiments, afin de pouvoir ranger et prot\u00e9ger jusqu\u2019\u00e0 trois raquettes d\u2019un c\u00f4t\u00e9, et de pouvoir organiser tout votre \u00e9quipement dans l\u2019autre. Le compartiment \u00e0 raquettes a \u00e9t\u00e9 con\u00e7u pour pouvoir \u00eatre repli\u00e9 facilement et maintenu gr\u00e2ce \u00e0 sa fermeture magn\u00e9tique lorsque vous n\u2019\u00eates pas sur le court.Pratique et au design disruptif, le sac \u00e0 dos PURE AERO vous permet de transporter facilement tout le mat\u00e9riel dont vous aurez besoin pour briller sur le court.Faites tourner les t\u00eates d\u00e8s votre entr\u00e9e sur le court avec ce sac \u00e0 dos PURE AERO aux couleurs de la nouvelle PURE AERO.<\/p>\n<p>Capacit\u00e9 : 32L<\/p>\n<p>Dimensions : 32x20x77cm<\/p>\n","protected":false},"excerpt":{"rendered":"<p>Afin de vous proposer ce qui se fait de mieux, nous avons d\u00e9velopp\u00e9 ce sac BACKPACK PURE AERO avec une mati\u00e8re ext\u00e9rieure ultra r\u00e9sistante, imperm\u00e9able et durable. L\u2019int\u00e9rieur du sac b\u00e9n\u00e9ficie quant \u00e0 lui de notre nouveau \u00ab color-free lining \u00bb, une mati\u00e8re 100% recycl\u00e9e et sans teinture. Prot\u00e9g\u00e9es int\u00e9gralement dans un compartiment isotherme, vos [&hellip;]<\/p>\n","protected":false},"featured_media":112711,"comment_status":"open","ping_status":"closed","template":"","meta":[],"product_cat":[107],"product_tag":[],"_links":{"self":[{"href":"https:\/\/www.sport4club.be\/index.php\/wp-json\/wp\/v2\/product\/112710"}],"collection":[{"href":"https:\/\/www.sport4club.be\/index.php\/wp-json\/wp\/v2\/product"}],"about":[{"href":"https:\/\/www.sport4club.be\/index.php\/wp-json\/wp\/v2\/types\/product"}],"replies":[{"embeddable":true,"href":"https:\/\/www.sport4club.be\/index.php\/wp-json\/wp\/v2\/comments?post=112710"}],"wp:featuredmedia":[{"embeddable":true,"href":"https:\/\/www.sport4club.be\/index.php\/wp-json\/wp\/v2\/media\/112711"}],"wp:attachment":[{"href":"https:\/\/www.sport4club.be\/index.php\/wp-json\/wp\/v2\/media?parent=112710"}],"wp:term":[{"taxonomy":"product_cat","embeddable":true,"href":"https:\/\/www.sport4club.be\/index.php\/wp-json\/wp\/v2\/product_cat?post=112710"},{"taxonomy":"product_tag","embeddable":true,"href":"https:\/\/www.sport4club.be\/index.php\/wp-json\/wp\/v2\/product_tag?post=112710"}],"curies":[{"name":"wp","href":"https:\/\/api.w.org\/{rel}","templated":true}]}}