{"id":112706,"date":"2024-01-30T16:38:06","date_gmt":"2024-01-30T15:38:06","guid":{"rendered":"https:\/\/www.sport4club.be\/?post_type=product&#038;p=112706"},"modified":"2024-01-30T16:38:37","modified_gmt":"2024-01-30T15:38:37","slug":"babolat-rh12-pure-strike","status":"publish","type":"product","link":"https:\/\/www.sport4club.be\/index.php\/product\/babolat-rh12-pure-strike\/","title":{"rendered":"Babolat RH12 Pure Strike"},"content":{"rendered":"<pre id=\"tw-target-text\" class=\"tw-data-text tw-text-large tw-ta\" dir=\"ltr\" data-placeholder=\"Traduction\" data-ved=\"2ahUKEwidrKrkt4WEAxUp1gIHHQ8cArQQ3ewLegQICBAQ\"><span class=\"Y2IQFc\" lang=\"fr\">Le RH12 Pure Strike est suffisamment grand pour contenir 12 raquettes et tout ce dont vous avez besoin pour l'entra\u00eenement et les tournois. \r\nDot\u00e9 d'une construction innovante et de mat\u00e9riaux de haute qualit\u00e9, le sac de raquette RH12 Pure Strike offre une protection maximale et une organisation exceptionnelle, ce qui en fait un favori parmi les joueurs de performance.<\/span><\/pre>\n<p>&nbsp;<\/p>\n","protected":false},"excerpt":{"rendered":"<p>Le RH12 Pure Strike est suffisamment grand pour contenir 12 raquettes et tout ce dont vous avez besoin pour l&#8217;entra\u00eenement et les tournois. Dot\u00e9 d&#8217;une construction innovante et de mat\u00e9riaux de haute qualit\u00e9, le sac de raquette RH12 Pure Strike offre une protection maximale et une organisation exceptionnelle, ce qui en fait un favori parmi [&hellip;]<\/p>\n","protected":false},"featured_media":112707,"comment_status":"open","ping_status":"closed","template":"","meta":[],"product_cat":[107],"product_tag":[],"_links":{"self":[{"href":"https:\/\/www.sport4club.be\/index.php\/wp-json\/wp\/v2\/product\/112706"}],"collection":[{"href":"https:\/\/www.sport4club.be\/index.php\/wp-json\/wp\/v2\/product"}],"about":[{"href":"https:\/\/www.sport4club.be\/index.php\/wp-json\/wp\/v2\/types\/product"}],"replies":[{"embeddable":true,"href":"https:\/\/www.sport4club.be\/index.php\/wp-json\/wp\/v2\/comments?post=112706"}],"wp:featuredmedia":[{"embeddable":true,"href":"https:\/\/www.sport4club.be\/index.php\/wp-json\/wp\/v2\/media\/112707"}],"wp:attachment":[{"href":"https:\/\/www.sport4club.be\/index.php\/wp-json\/wp\/v2\/media?parent=112706"}],"wp:term":[{"taxonomy":"product_cat","embeddable":true,"href":"https:\/\/www.sport4club.be\/index.php\/wp-json\/wp\/v2\/product_cat?post=112706"},{"taxonomy":"product_tag","embeddable":true,"href":"https:\/\/www.sport4club.be\/index.php\/wp-json\/wp\/v2\/product_tag?post=112706"}],"curies":[{"name":"wp","href":"https:\/\/api.w.org\/{rel}","templated":true}]}}