{"id":112695,"date":"2024-01-30T16:06:04","date_gmt":"2024-01-30T15:06:04","guid":{"rendered":"https:\/\/www.sport4club.be\/?post_type=product&#038;p=112695"},"modified":"2024-06-03T17:36:24","modified_gmt":"2024-06-03T15:36:24","slug":"lacoste-l23l-275gr","status":"publish","type":"product","link":"https:\/\/www.sport4club.be\/index.php\/product\/lacoste-l23l-275gr\/","title":{"rendered":"Lacoste L23L (275gr)"},"content":{"rendered":"<p>La raquette de tennis\u00a0<strong>Lacoste L23 L<\/strong>\u00a0a \u00e9t\u00e9 con\u00e7ue par la marque au crocodile en collaboration avec\u00a0<strong>Tecnifibre.<\/strong>\u00a0Elle apporte un haut niveau de\u00a0<strong>maniabilit\u00e9<\/strong>\u00a0et de\u00a0<strong>confort<\/strong>\u00a0ainsi qu&#8217;une cosm\u00e9tique moderne des plus r\u00e9ussies.<\/p>\n<p>Que vous soyez un homme d\u00e9butant ou une femme d&#8217;un niveau interm\u00e9diaire, la raquette Lacoste L23 L 275g vous procurera une excellente jouabilit\u00e9, de la puissance et du confort.<br \/>\nLe plan de cordage est apporte tol\u00e9rance et la puissance gr\u00e2ce \u00e0 une forte densit\u00e9 au niveau de la zone de frappe id\u00e9ale (sweetspot) et plus d&#8217;espacement aux extr\u00e9mit\u00e9s.<\/p>\n<p>La raquette\u00a0<strong>Lacoste L20 L 275g\u00a0<\/strong>convient parfaitement aux femmes, joueuses du fond de court, de 4\u00e8me \u00e0 milieu de 3\u00e8me s\u00e9rie, \u00e0 la recherche de confort et de jouabilit\u00e9. Les hommes d\u00e9butants pourront \u00e9galement craquer sur son style magnifique et progresser facilement avec une raquette tol\u00e9rante et puissante.<\/p>\n","protected":false},"excerpt":{"rendered":"<p>La raquette de tennis\u00a0Lacoste L23 L\u00a0a \u00e9t\u00e9 con\u00e7ue par la marque au crocodile en collaboration avec\u00a0Tecnifibre.\u00a0Elle apporte un haut niveau de\u00a0maniabilit\u00e9\u00a0et de\u00a0confort\u00a0ainsi qu&#8217;une cosm\u00e9tique moderne des plus r\u00e9ussies. Que vous soyez un homme d\u00e9butant ou une femme d&#8217;un niveau interm\u00e9diaire, la raquette Lacoste L23 L 275g vous procurera une excellente jouabilit\u00e9, de la puissance et [&hellip;]<\/p>\n","protected":false},"featured_media":112696,"comment_status":"open","ping_status":"closed","template":"","meta":[],"product_cat":[145],"product_tag":[],"_links":{"self":[{"href":"https:\/\/www.sport4club.be\/index.php\/wp-json\/wp\/v2\/product\/112695"}],"collection":[{"href":"https:\/\/www.sport4club.be\/index.php\/wp-json\/wp\/v2\/product"}],"about":[{"href":"https:\/\/www.sport4club.be\/index.php\/wp-json\/wp\/v2\/types\/product"}],"replies":[{"embeddable":true,"href":"https:\/\/www.sport4club.be\/index.php\/wp-json\/wp\/v2\/comments?post=112695"}],"wp:featuredmedia":[{"embeddable":true,"href":"https:\/\/www.sport4club.be\/index.php\/wp-json\/wp\/v2\/media\/112696"}],"wp:attachment":[{"href":"https:\/\/www.sport4club.be\/index.php\/wp-json\/wp\/v2\/media?parent=112695"}],"wp:term":[{"taxonomy":"product_cat","embeddable":true,"href":"https:\/\/www.sport4club.be\/index.php\/wp-json\/wp\/v2\/product_cat?post=112695"},{"taxonomy":"product_tag","embeddable":true,"href":"https:\/\/www.sport4club.be\/index.php\/wp-json\/wp\/v2\/product_tag?post=112695"}],"curies":[{"name":"wp","href":"https:\/\/api.w.org\/{rel}","templated":true}]}}