{"id":112683,"date":"2024-01-30T15:43:17","date_gmt":"2024-01-30T14:43:17","guid":{"rendered":"https:\/\/www.sport4club.be\/?post_type=product&#038;p=112683"},"modified":"2025-07-04T07:44:42","modified_gmt":"2025-07-04T05:44:42","slug":"babolat-boost-aero-260gr","status":"publish","type":"product","link":"https:\/\/www.sport4club.be\/index.php\/product\/babolat-boost-aero-260gr\/","title":{"rendered":"Babolat Boost Aero (260gr)"},"content":{"rendered":"<p>Vivez intens\u00e9ment chaque instant sur le court ! Avec son design innovant et sa composition en graphite, la nouvelle Boost Aero sera votre premi\u00e8re arme pour vous faire plaisir en exploitant tout votre potentiel . Cette raquette vous permettra de r\u00e9aliser tous les coups du tennis, elle est le m\u00e9lange id\u00e9al de puissance, l\u00e9g\u00e8ret\u00e9 et maniabilit\u00e9 pour vous accompagner tout au long de votre progression, \u00e0 un prix raisonnable.<\/p>\n<p>Raquette vendue cord\u00e9e<\/p>\n<p>&nbsp;<\/p>\n","protected":false},"excerpt":{"rendered":"<p>Vivez intens\u00e9ment chaque instant sur le court ! Avec son design innovant et sa composition en graphite, la nouvelle Boost Aero sera votre premi\u00e8re arme pour vous faire plaisir en exploitant tout votre potentiel . Cette raquette vous permettra de r\u00e9aliser tous les coups du tennis, elle est le m\u00e9lange id\u00e9al de puissance, l\u00e9g\u00e8ret\u00e9 et [&hellip;]<\/p>\n","protected":false},"featured_media":112684,"comment_status":"open","ping_status":"closed","template":"","meta":[],"product_cat":[145],"product_tag":[],"_links":{"self":[{"href":"https:\/\/www.sport4club.be\/index.php\/wp-json\/wp\/v2\/product\/112683"}],"collection":[{"href":"https:\/\/www.sport4club.be\/index.php\/wp-json\/wp\/v2\/product"}],"about":[{"href":"https:\/\/www.sport4club.be\/index.php\/wp-json\/wp\/v2\/types\/product"}],"replies":[{"embeddable":true,"href":"https:\/\/www.sport4club.be\/index.php\/wp-json\/wp\/v2\/comments?post=112683"}],"wp:featuredmedia":[{"embeddable":true,"href":"https:\/\/www.sport4club.be\/index.php\/wp-json\/wp\/v2\/media\/112684"}],"wp:attachment":[{"href":"https:\/\/www.sport4club.be\/index.php\/wp-json\/wp\/v2\/media?parent=112683"}],"wp:term":[{"taxonomy":"product_cat","embeddable":true,"href":"https:\/\/www.sport4club.be\/index.php\/wp-json\/wp\/v2\/product_cat?post=112683"},{"taxonomy":"product_tag","embeddable":true,"href":"https:\/\/www.sport4club.be\/index.php\/wp-json\/wp\/v2\/product_tag?post=112683"}],"curies":[{"name":"wp","href":"https:\/\/api.w.org\/{rel}","templated":true}]}}