{"id":112653,"date":"2024-01-30T14:50:29","date_gmt":"2024-01-30T13:50:29","guid":{"rendered":"https:\/\/www.sport4club.be\/?post_type=product&#038;p=112653"},"modified":"2025-07-04T07:50:09","modified_gmt":"2025-07-04T05:50:09","slug":"babolat-evo-aero-275gr","status":"publish","type":"product","link":"https:\/\/www.sport4club.be\/index.php\/product\/babolat-evo-aero-275gr\/","title":{"rendered":"Babolat Evo Aero (275gr)"},"content":{"rendered":"<p>Pour vous, le tennis est un jeu mais aussi un sport, qui rime avec plaisir, d\u00e9passement de soi et effort. C&#8217;est ainsi que nous avons con\u00e7u la raquette Evo Aero, en y int\u00e9grant tout ce dont vous avez besoin pour progresser facilement tout en vous amusant sur le court. Nous avons retravaill\u00e9 le cadre de cette raquette de tennis pour vous procurer le parfait \u00e9quilibre entre puissance et confort sur chacune de vos frappes de balle. Le tamis a \u00e9galement \u00e9t\u00e9 repens\u00e9 pour vous permettre d&#8217;imprimer facilement de l&#8217;effet \u00e0 la balle et de gagner en s\u00e9curit\u00e9. Son design sportif et r\u00e9solument moderne vous permettra d&#8217;allier performance et style sur le court! Toutes les raquettes de tennis Evo sont pr\u00e9-\u00e9quip\u00e9es du grip Syntec Evo, dont le toucher velours et la prise en main moelleuse vous procureront un maximum de confort sur chacune de vos frappes.<\/p>\n","protected":false},"excerpt":{"rendered":"<p>Pour vous, le tennis est un jeu mais aussi un sport, qui rime avec plaisir, d\u00e9passement de soi et effort. C&#8217;est ainsi que nous avons con\u00e7u la raquette Evo Aero, en y int\u00e9grant tout ce dont vous avez besoin pour progresser facilement tout en vous amusant sur le court. Nous avons retravaill\u00e9 le cadre de [&hellip;]<\/p>\n","protected":false},"featured_media":112654,"comment_status":"open","ping_status":"closed","template":"","meta":[],"product_cat":[145],"product_tag":[],"_links":{"self":[{"href":"https:\/\/www.sport4club.be\/index.php\/wp-json\/wp\/v2\/product\/112653"}],"collection":[{"href":"https:\/\/www.sport4club.be\/index.php\/wp-json\/wp\/v2\/product"}],"about":[{"href":"https:\/\/www.sport4club.be\/index.php\/wp-json\/wp\/v2\/types\/product"}],"replies":[{"embeddable":true,"href":"https:\/\/www.sport4club.be\/index.php\/wp-json\/wp\/v2\/comments?post=112653"}],"wp:featuredmedia":[{"embeddable":true,"href":"https:\/\/www.sport4club.be\/index.php\/wp-json\/wp\/v2\/media\/112654"}],"wp:attachment":[{"href":"https:\/\/www.sport4club.be\/index.php\/wp-json\/wp\/v2\/media?parent=112653"}],"wp:term":[{"taxonomy":"product_cat","embeddable":true,"href":"https:\/\/www.sport4club.be\/index.php\/wp-json\/wp\/v2\/product_cat?post=112653"},{"taxonomy":"product_tag","embeddable":true,"href":"https:\/\/www.sport4club.be\/index.php\/wp-json\/wp\/v2\/product_tag?post=112653"}],"curies":[{"name":"wp","href":"https:\/\/api.w.org\/{rel}","templated":true}]}}