{"id":112631,"date":"2024-01-17T14:18:21","date_gmt":"2024-01-17T13:18:21","guid":{"rendered":"https:\/\/www.sport4club.be\/?post_type=product&#038;p=112631"},"modified":"2024-08-14T10:33:48","modified_gmt":"2024-08-14T08:33:48","slug":"wilson-premium-leather-grip-noir","status":"publish","type":"product","link":"https:\/\/www.sport4club.be\/index.php\/product\/wilson-premium-leather-grip-noir\/","title":{"rendered":"Wilson Grip Premium Leather Feel Black"},"content":{"rendered":"<p>Le\u00a0<strong>grip de remplacement Wilson Leather<\/strong>\u00a0est fabriqu\u00e9 \u00e0 partir d&#8217;un cuir de veau de premi\u00e8re qualit\u00e9, ce qui lui conf\u00e8re une excellente sensation et une esth\u00e9tique old-school appr\u00e9ci\u00e9e par de nombreux joueurs de tennis. En plus d&#8217;\u00eatre \u00e9l\u00e9gant, ce grip de remplacement offre \u00e9galement une pr\u00e9hension id\u00e9ale pour une exp\u00e9rience de jeu optimale.<\/p>\n<p>L&#8217;autre avantage est sa r\u00e9sistance in\u00e9gal\u00e9e car il s&#8217;agit d&#8217;une mati\u00e8re qui ne s&#8217;use presque pas.<\/p>\n<ul>\n<li>\u00c9paisseur : 1,80 mm<\/li>\n<li>Toucher incomparable<\/li>\n<li>R\u00e9sistance accrue<\/li>\n<\/ul>\n","protected":false},"excerpt":{"rendered":"<p>Le\u00a0grip de remplacement Wilson Leather\u00a0est fabriqu\u00e9 \u00e0 partir d&#8217;un cuir de veau de premi\u00e8re qualit\u00e9, ce qui lui conf\u00e8re une excellente sensation et une esth\u00e9tique old-school appr\u00e9ci\u00e9e par de nombreux joueurs de tennis. En plus d&#8217;\u00eatre \u00e9l\u00e9gant, ce grip de remplacement offre \u00e9galement une pr\u00e9hension id\u00e9ale pour une exp\u00e9rience de jeu optimale. L&#8217;autre avantage est [&hellip;]<\/p>\n","protected":false},"featured_media":112632,"comment_status":"open","ping_status":"closed","template":"","meta":[],"product_cat":[120],"product_tag":[],"_links":{"self":[{"href":"https:\/\/www.sport4club.be\/index.php\/wp-json\/wp\/v2\/product\/112631"}],"collection":[{"href":"https:\/\/www.sport4club.be\/index.php\/wp-json\/wp\/v2\/product"}],"about":[{"href":"https:\/\/www.sport4club.be\/index.php\/wp-json\/wp\/v2\/types\/product"}],"replies":[{"embeddable":true,"href":"https:\/\/www.sport4club.be\/index.php\/wp-json\/wp\/v2\/comments?post=112631"}],"wp:featuredmedia":[{"embeddable":true,"href":"https:\/\/www.sport4club.be\/index.php\/wp-json\/wp\/v2\/media\/112632"}],"wp:attachment":[{"href":"https:\/\/www.sport4club.be\/index.php\/wp-json\/wp\/v2\/media?parent=112631"}],"wp:term":[{"taxonomy":"product_cat","embeddable":true,"href":"https:\/\/www.sport4club.be\/index.php\/wp-json\/wp\/v2\/product_cat?post=112631"},{"taxonomy":"product_tag","embeddable":true,"href":"https:\/\/www.sport4club.be\/index.php\/wp-json\/wp\/v2\/product_tag?post=112631"}],"curies":[{"name":"wp","href":"https:\/\/api.w.org\/{rel}","templated":true}]}}