{"id":112610,"date":"2024-01-08T10:13:26","date_gmt":"2024-01-08T09:13:26","guid":{"rendered":"https:\/\/www.sport4club.be\/?post_type=product&#038;p=112610"},"modified":"2024-01-08T10:27:34","modified_gmt":"2024-01-08T09:27:34","slug":"babolat-invisible-3-pairs-pack-socks","status":"publish","type":"product","link":"https:\/\/www.sport4club.be\/index.php\/product\/babolat-invisible-3-pairs-pack-socks\/","title":{"rendered":"Babolat Invisible 3 Pairs Pack Socks"},"content":{"rendered":"<p>Ces chaussettes courtes\u00a0<strong>Babolat<\/strong>\u00a0sont parfaites pour vos entra\u00eenements de tennis.<\/p>\n<p>Elles garantiront un\u00a0<strong>maintien<\/strong>\u00a0au niveau de la voute plantaire et de la cheville ainsi qu&#8217;un excellent\u00a0<strong>confort<\/strong>\u00a0gr\u00e2ce \u00e0 leur tissu en coton doux qui fera respirer votre pied.<\/p>\n<p>80% coton &#8211; 15% \u00e9lasthanne &#8211; 5% caoutchouc<\/p>\n","protected":false},"excerpt":{"rendered":"<p>Ces chaussettes courtes\u00a0Babolat\u00a0sont parfaites pour vos entra\u00eenements de tennis. Elles garantiront un\u00a0maintien\u00a0au niveau de la voute plantaire et de la cheville ainsi qu&#8217;un excellent\u00a0confort\u00a0gr\u00e2ce \u00e0 leur tissu en coton doux qui fera respirer votre pied. 80% coton &#8211; 15% \u00e9lasthanne &#8211; 5% caoutchouc<\/p>\n","protected":false},"featured_media":112611,"comment_status":"open","ping_status":"closed","template":"","meta":[],"product_cat":[481],"product_tag":[],"_links":{"self":[{"href":"https:\/\/www.sport4club.be\/index.php\/wp-json\/wp\/v2\/product\/112610"}],"collection":[{"href":"https:\/\/www.sport4club.be\/index.php\/wp-json\/wp\/v2\/product"}],"about":[{"href":"https:\/\/www.sport4club.be\/index.php\/wp-json\/wp\/v2\/types\/product"}],"replies":[{"embeddable":true,"href":"https:\/\/www.sport4club.be\/index.php\/wp-json\/wp\/v2\/comments?post=112610"}],"wp:featuredmedia":[{"embeddable":true,"href":"https:\/\/www.sport4club.be\/index.php\/wp-json\/wp\/v2\/media\/112611"}],"wp:attachment":[{"href":"https:\/\/www.sport4club.be\/index.php\/wp-json\/wp\/v2\/media?parent=112610"}],"wp:term":[{"taxonomy":"product_cat","embeddable":true,"href":"https:\/\/www.sport4club.be\/index.php\/wp-json\/wp\/v2\/product_cat?post=112610"},{"taxonomy":"product_tag","embeddable":true,"href":"https:\/\/www.sport4club.be\/index.php\/wp-json\/wp\/v2\/product_tag?post=112610"}],"curies":[{"name":"wp","href":"https:\/\/api.w.org\/{rel}","templated":true}]}}