{"id":112592,"date":"2024-01-08T09:08:39","date_gmt":"2024-01-08T08:08:39","guid":{"rendered":"https:\/\/www.sport4club.be\/?post_type=product&#038;p=112592"},"modified":"2024-01-08T09:13:29","modified_gmt":"2024-01-08T08:13:29","slug":"babolat-exercise-graphic-tee-men","status":"publish","type":"product","link":"https:\/\/www.sport4club.be\/index.php\/product\/babolat-exercise-graphic-tee-men\/","title":{"rendered":"Babolat Exercise Graphic Tee Men"},"content":{"rendered":"<p>Le BABOLAT Exercise Graphic Tee 1875 s&#8217;inspire de l&#8217;histoire de Babolat.<\/p>\n<p>La coupe classique et la souplesse de la mati\u00e8re rendent ce T-shirt facile \u00e0 porter sur et en dehors du terrain.<\/p>\n<p>Il est fabriqu\u00e9 \u00e0 partir d&#8217;un mat\u00e9riau en polyester confortable et facile d&#8217;entretien.<\/p>\n<p>Composition: 100% polyester<\/p>\n","protected":false},"excerpt":{"rendered":"<p>Le BABOLAT Exercise Graphic Tee 1875 s&#8217;inspire de l&#8217;histoire de Babolat. La coupe classique et la souplesse de la mati\u00e8re rendent ce T-shirt facile \u00e0 porter sur et en dehors du terrain. Il est fabriqu\u00e9 \u00e0 partir d&#8217;un mat\u00e9riau en polyester confortable et facile d&#8217;entretien. Composition: 100% polyester<\/p>\n","protected":false},"featured_media":112599,"comment_status":"open","ping_status":"closed","template":"","meta":[],"product_cat":[481,786],"product_tag":[],"_links":{"self":[{"href":"https:\/\/www.sport4club.be\/index.php\/wp-json\/wp\/v2\/product\/112592"}],"collection":[{"href":"https:\/\/www.sport4club.be\/index.php\/wp-json\/wp\/v2\/product"}],"about":[{"href":"https:\/\/www.sport4club.be\/index.php\/wp-json\/wp\/v2\/types\/product"}],"replies":[{"embeddable":true,"href":"https:\/\/www.sport4club.be\/index.php\/wp-json\/wp\/v2\/comments?post=112592"}],"wp:featuredmedia":[{"embeddable":true,"href":"https:\/\/www.sport4club.be\/index.php\/wp-json\/wp\/v2\/media\/112599"}],"wp:attachment":[{"href":"https:\/\/www.sport4club.be\/index.php\/wp-json\/wp\/v2\/media?parent=112592"}],"wp:term":[{"taxonomy":"product_cat","embeddable":true,"href":"https:\/\/www.sport4club.be\/index.php\/wp-json\/wp\/v2\/product_cat?post=112592"},{"taxonomy":"product_tag","embeddable":true,"href":"https:\/\/www.sport4club.be\/index.php\/wp-json\/wp\/v2\/product_tag?post=112592"}],"curies":[{"name":"wp","href":"https:\/\/api.w.org\/{rel}","templated":true}]}}