{"id":112437,"date":"2023-11-04T10:28:43","date_gmt":"2023-11-04T09:28:43","guid":{"rendered":"https:\/\/www.sport4club.be\/?post_type=product&#038;p=112437"},"modified":"2023-11-04T10:29:28","modified_gmt":"2023-11-04T09:29:28","slug":"tecnifibre-razor-soft-200m","status":"publish","type":"product","link":"https:\/\/www.sport4club.be\/index.php\/product\/tecnifibre-razor-soft-200m\/","title":{"rendered":"Tecnifibre Razor Soft 200M"},"content":{"rendered":"<p>Le\u00a0<strong>cordage Tecnifibre Razor Code Soft<\/strong>\u00a0est le choix privil\u00e9gi\u00e9 de\u00a0<strong>Daniil Medvedev<\/strong>. Tirant son inspiration du Razor Code original, il propose une variante plus souple, offrant une meilleure jouabilit\u00e9, un confort accru et une puissance suppl\u00e9mentaire, tout en maintenant d&#8217;excellentes sensations de frappe pour optimiser le plaisir de jeu.<\/p>\n<p>Le\u00a0<strong>cordage Tecnifibre Razor Code Soft<\/strong> est destin\u00e9 aux joueurs recherchant r\u00e9activit\u00e9 et contr\u00f4le sur un cordage, offrant non seulement un bon niveau de contr\u00f4le, mais aussi suffisamment de puissance et un confort appr\u00e9ciable pour un monofilament. Moins exigeante que la version originale, cette version Soft est id\u00e9ale pour les joueurs polyvalents en qu\u00eate d&#8217;un cordage tr\u00e8s complet.<\/p>\n","protected":false},"excerpt":{"rendered":"<p>Le\u00a0cordage Tecnifibre Razor Code Soft\u00a0est le choix privil\u00e9gi\u00e9 de\u00a0Daniil Medvedev. Tirant son inspiration du Razor Code original, il propose une variante plus souple, offrant une meilleure jouabilit\u00e9, un confort accru et une puissance suppl\u00e9mentaire, tout en maintenant d&#8217;excellentes sensations de frappe pour optimiser le plaisir de jeu. Le\u00a0cordage Tecnifibre Razor Code Soft est destin\u00e9 aux [&hellip;]<\/p>\n","protected":false},"featured_media":112438,"comment_status":"open","ping_status":"closed","template":"","meta":[],"product_cat":[108],"product_tag":[],"_links":{"self":[{"href":"https:\/\/www.sport4club.be\/index.php\/wp-json\/wp\/v2\/product\/112437"}],"collection":[{"href":"https:\/\/www.sport4club.be\/index.php\/wp-json\/wp\/v2\/product"}],"about":[{"href":"https:\/\/www.sport4club.be\/index.php\/wp-json\/wp\/v2\/types\/product"}],"replies":[{"embeddable":true,"href":"https:\/\/www.sport4club.be\/index.php\/wp-json\/wp\/v2\/comments?post=112437"}],"wp:featuredmedia":[{"embeddable":true,"href":"https:\/\/www.sport4club.be\/index.php\/wp-json\/wp\/v2\/media\/112438"}],"wp:attachment":[{"href":"https:\/\/www.sport4club.be\/index.php\/wp-json\/wp\/v2\/media?parent=112437"}],"wp:term":[{"taxonomy":"product_cat","embeddable":true,"href":"https:\/\/www.sport4club.be\/index.php\/wp-json\/wp\/v2\/product_cat?post=112437"},{"taxonomy":"product_tag","embeddable":true,"href":"https:\/\/www.sport4club.be\/index.php\/wp-json\/wp\/v2\/product_tag?post=112437"}],"curies":[{"name":"wp","href":"https:\/\/api.w.org\/{rel}","templated":true}]}}