{"id":112404,"date":"2023-11-02T09:44:16","date_gmt":"2023-11-02T08:44:16","guid":{"rendered":"https:\/\/www.sport4club.be\/?post_type=product&#038;p=112404"},"modified":"2024-08-22T10:13:18","modified_gmt":"2024-08-22T08:13:18","slug":"wilson-triniti-club-x72balles","status":"publish","type":"product","link":"https:\/\/www.sport4club.be\/index.php\/product\/wilson-triniti-club-x72balles\/","title":{"rendered":"Wilson Triniti Club x72balles"},"content":{"rendered":"<p>Retrouvez la balle de tennis Wilson Triniti en carton de\u00a0<strong>72 balles<\/strong>.<\/p>\n<p>Avec les\u00a0<strong>balles Wilson Triniti<\/strong>, la marque am\u00e9ricaine a d\u00e9cid\u00e9 de se lancer dans la cr\u00e9ation d&#8217;une balle de tennis \u00e9cologique ne n\u00e9cessitant pas une mise sous pression dans un tube en plastique ou en m\u00e9tal.<\/p>\n<p>Pour pouvoir fournir une balle sans pression avec une qualit\u00e9 de rebond \u00e9quivalente \u00e0 celle d&#8217;une balle pression, Wilson a travaill\u00e9 avec la Dow Chemical Company pour int\u00e9grer un plastom\u00e8re de faible densit\u00e9 dans le\u00a0<strong>compos\u00e9 de caoutchouc<\/strong>\u00a0existant du noyau de la balle. Cela a donn\u00e9 au produit les caract\u00e9ristiques de rebond et de jeu souhait\u00e9es sans la quantit\u00e9 de pression habituelle. Le nouveau noyau pr\u00e9sente une paroi plus \u00e9paisse, mais sa structure l\u00e9g\u00e8re permet \u00e0 la balle de jouer comme avant.<\/p>\n<p>La balle Triniti est aussi \u00e9quip\u00e9e d&#8217;un nouveau &#8220;feutre extensible&#8221;, surnomm\u00e9\u00a0<strong>STR Felt<\/strong>, qui est 50% plus flexible que le feutre standard des balles de tennis, ce qui donne au joueur plus de sensations au contact.<\/p>\n","protected":false},"excerpt":{"rendered":"<p>Retrouvez la balle de tennis Wilson Triniti en carton de\u00a072 balles. Avec les\u00a0balles Wilson Triniti, la marque am\u00e9ricaine a d\u00e9cid\u00e9 de se lancer dans la cr\u00e9ation d&#8217;une balle de tennis \u00e9cologique ne n\u00e9cessitant pas une mise sous pression dans un tube en plastique ou en m\u00e9tal. Pour pouvoir fournir une balle sans pression avec une [&hellip;]<\/p>\n","protected":false},"featured_media":112405,"comment_status":"open","ping_status":"closed","template":"","meta":[],"product_cat":[106],"product_tag":[],"_links":{"self":[{"href":"https:\/\/www.sport4club.be\/index.php\/wp-json\/wp\/v2\/product\/112404"}],"collection":[{"href":"https:\/\/www.sport4club.be\/index.php\/wp-json\/wp\/v2\/product"}],"about":[{"href":"https:\/\/www.sport4club.be\/index.php\/wp-json\/wp\/v2\/types\/product"}],"replies":[{"embeddable":true,"href":"https:\/\/www.sport4club.be\/index.php\/wp-json\/wp\/v2\/comments?post=112404"}],"wp:featuredmedia":[{"embeddable":true,"href":"https:\/\/www.sport4club.be\/index.php\/wp-json\/wp\/v2\/media\/112405"}],"wp:attachment":[{"href":"https:\/\/www.sport4club.be\/index.php\/wp-json\/wp\/v2\/media?parent=112404"}],"wp:term":[{"taxonomy":"product_cat","embeddable":true,"href":"https:\/\/www.sport4club.be\/index.php\/wp-json\/wp\/v2\/product_cat?post=112404"},{"taxonomy":"product_tag","embeddable":true,"href":"https:\/\/www.sport4club.be\/index.php\/wp-json\/wp\/v2\/product_tag?post=112404"}],"curies":[{"name":"wp","href":"https:\/\/api.w.org\/{rel}","templated":true}]}}