{"id":112399,"date":"2023-10-31T11:08:56","date_gmt":"2023-10-31T10:08:56","guid":{"rendered":"https:\/\/www.sport4club.be\/?post_type=product&#038;p=112399"},"modified":"2025-05-13T07:52:55","modified_gmt":"2025-05-13T05:52:55","slug":"head-extreme-elite","status":"publish","type":"product","link":"https:\/\/www.sport4club.be\/index.php\/product\/head-extreme-elite\/","title":{"rendered":"Head Extreme Elite"},"content":{"rendered":"<p>La gamme Head Delta devient Head Extreme. L&#8217;essence m\u00eame de cette gamme est d&#8217;offrir un maximum de puissance pour les joueurs de padel.<\/p>\n<ul>\n<li>Le coeur de raquette ainsi que sa forme diamant a \u00e9t\u00e9 retravaill\u00e9 pour\u00a0<strong>am\u00e9liorer la puissance<\/strong>.<\/li>\n<li>Un nouveau plan de per\u00e7age pour\u00a0<strong>plus de tol\u00e9rance<\/strong>.<\/li>\n<li>Un nouvel embout Soft Butt Cap pour\u00a0<strong>am\u00e9liorer le confort<\/strong>.<\/li>\n<\/ul>\n<p>La raquette\u00a0<strong>Head Extreme<\/strong>\u00a0<strong>Elite<\/strong>\u00a0offre une combinaison de\u00a0<strong>puissance<\/strong>\u00a0et de\u00a0<strong>maniabilit\u00e9<\/strong>\u00a0id\u00e9ale pour les joueurs interm\u00e9diaires \u00e0 confirm\u00e9s. Elle fait partie de la gamme Extreme, connue pour ses mod\u00e8les performants qui offrent une grande puissance. La Extreme Elite est le mod\u00e8le le plus puissant de la gamme et int\u00e8gre la technologie de pointe Auxetic pour plus de sensations lors de la frappe.<\/p>\n<p>Avec sa forme en\u00a0<strong>diamant<\/strong>, la raquette procure un sweetspot plus haut pour une\u00a0<strong>puissance<\/strong>\u00a0optimale. La technologie\u00a0<strong>Power Foam<\/strong>, qui utilise une mousse souple, procure un toucher plus doux. Enfin, son \u00e9quilibre haut de 27mm et son poids de 360 grammes offrent le meilleur ratio maniabilit\u00e9 \/ puissance.<\/p>\n<p>Cette raquette convient parfaitement aux joueurs interm\u00e9diaires de gauche ou \u00e0 ceux qui recherchent plus de puissance dans leur jeu. Ses points forts sont la\u00a0<strong>puissance<\/strong>\u00a0et la\u00a0<strong>maniabilit\u00e9<\/strong>, qui permettent de se montrer plus r\u00e9actif et de sortir les balles plus facilement. Avec sa masse plut\u00f4t accessible, elle permet d&#8217;acqu\u00e9rir rapidement les bons gestes pour progresser plus rapidement sur le court.<\/p>\n","protected":false},"excerpt":{"rendered":"<p>La gamme Head Delta devient Head Extreme. L&#8217;essence m\u00eame de cette gamme est d&#8217;offrir un maximum de puissance pour les joueurs de padel. Le coeur de raquette ainsi que sa forme diamant a \u00e9t\u00e9 retravaill\u00e9 pour\u00a0am\u00e9liorer la puissance. Un nouveau plan de per\u00e7age pour\u00a0plus de tol\u00e9rance. Un nouvel embout Soft Butt Cap pour\u00a0am\u00e9liorer le confort. [&hellip;]<\/p>\n","protected":false},"featured_media":112400,"comment_status":"open","ping_status":"closed","template":"","meta":[],"product_cat":[786,84],"product_tag":[],"_links":{"self":[{"href":"https:\/\/www.sport4club.be\/index.php\/wp-json\/wp\/v2\/product\/112399"}],"collection":[{"href":"https:\/\/www.sport4club.be\/index.php\/wp-json\/wp\/v2\/product"}],"about":[{"href":"https:\/\/www.sport4club.be\/index.php\/wp-json\/wp\/v2\/types\/product"}],"replies":[{"embeddable":true,"href":"https:\/\/www.sport4club.be\/index.php\/wp-json\/wp\/v2\/comments?post=112399"}],"wp:featuredmedia":[{"embeddable":true,"href":"https:\/\/www.sport4club.be\/index.php\/wp-json\/wp\/v2\/media\/112400"}],"wp:attachment":[{"href":"https:\/\/www.sport4club.be\/index.php\/wp-json\/wp\/v2\/media?parent=112399"}],"wp:term":[{"taxonomy":"product_cat","embeddable":true,"href":"https:\/\/www.sport4club.be\/index.php\/wp-json\/wp\/v2\/product_cat?post=112399"},{"taxonomy":"product_tag","embeddable":true,"href":"https:\/\/www.sport4club.be\/index.php\/wp-json\/wp\/v2\/product_tag?post=112399"}],"curies":[{"name":"wp","href":"https:\/\/api.w.org\/{rel}","templated":true}]}}