{"id":112393,"date":"2023-10-31T10:54:05","date_gmt":"2023-10-31T09:54:05","guid":{"rendered":"https:\/\/www.sport4club.be\/?post_type=product&#038;p=112393"},"modified":"2025-05-13T07:55:19","modified_gmt":"2025-05-13T05:55:19","slug":"head-extreme-one","status":"publish","type":"product","link":"https:\/\/www.sport4club.be\/index.php\/product\/head-extreme-one\/","title":{"rendered":"Head Extreme One"},"content":{"rendered":"<p>Head r\u00e9volutionne le march\u00e9 du padel avec la\u00a0<strong>raquette Head Extreme One<\/strong>.<\/p>\n<p>Cette\u00a0nouvelle raquette ne dispose que d&#8217;un seul trou, ce qui lui conf\u00e8re une\u00a0<strong>a\u00e9rodynamisme<\/strong>, une\u00a0<strong>puissance<\/strong>, une\u00a0<strong>durabilit\u00e9<\/strong>\u00a0et une\u00a0<strong>prise d&#8217;effets r\u00e9guli\u00e8res<\/strong>\u00a0am\u00e9lior\u00e9es.<\/p>\n<p>Elle est id\u00e9ale pour les joueurs qui recherchent une raquette polyvalente, tol\u00e9rante et maniable.<\/p>\n<p><strong>Points forts :<\/strong><\/p>\n<ul>\n<li>Polyvalente<\/li>\n<li>Facile \u00e0 jouer<\/li>\n<li>Maniable<\/li>\n<li><strong>A\u00e9rodynamisme<\/strong>\u00a0: avec un seul trou, il y a moins de r\u00e9sistance \u00e0 l&#8217;air et vous coups sont donc plus rapides.<\/li>\n<li><strong>Plus r\u00e9sistante<\/strong>\u00a0: la surface entre les trous fragilise la raquette. Avec un seul trou, la raquette est donc plus r\u00e9sistance.<\/li>\n<li><strong>Plus l\u00e9g\u00e8re<\/strong>\u00a0: Moins de fibres sont n\u00e9cessaires pour renforcer la surface de la raquette<\/li>\n<li><strong>Prise d&#8217;effet r\u00e9guli\u00e8re<\/strong> : une surface r\u00e9guli\u00e8re permet d&#8217;imprimer des effets r\u00e9gulier<\/li>\n<\/ul>\n","protected":false},"excerpt":{"rendered":"<p>Head r\u00e9volutionne le march\u00e9 du padel avec la\u00a0raquette Head Extreme One. Cette\u00a0nouvelle raquette ne dispose que d&#8217;un seul trou, ce qui lui conf\u00e8re une\u00a0a\u00e9rodynamisme, une\u00a0puissance, une\u00a0durabilit\u00e9\u00a0et une\u00a0prise d&#8217;effets r\u00e9guli\u00e8res\u00a0am\u00e9lior\u00e9es. Elle est id\u00e9ale pour les joueurs qui recherchent une raquette polyvalente, tol\u00e9rante et maniable. Points forts : Polyvalente Facile \u00e0 jouer Maniable A\u00e9rodynamisme\u00a0: avec un seul [&hellip;]<\/p>\n","protected":false},"featured_media":112394,"comment_status":"open","ping_status":"closed","template":"","meta":[],"product_cat":[84],"product_tag":[],"_links":{"self":[{"href":"https:\/\/www.sport4club.be\/index.php\/wp-json\/wp\/v2\/product\/112393"}],"collection":[{"href":"https:\/\/www.sport4club.be\/index.php\/wp-json\/wp\/v2\/product"}],"about":[{"href":"https:\/\/www.sport4club.be\/index.php\/wp-json\/wp\/v2\/types\/product"}],"replies":[{"embeddable":true,"href":"https:\/\/www.sport4club.be\/index.php\/wp-json\/wp\/v2\/comments?post=112393"}],"wp:featuredmedia":[{"embeddable":true,"href":"https:\/\/www.sport4club.be\/index.php\/wp-json\/wp\/v2\/media\/112394"}],"wp:attachment":[{"href":"https:\/\/www.sport4club.be\/index.php\/wp-json\/wp\/v2\/media?parent=112393"}],"wp:term":[{"taxonomy":"product_cat","embeddable":true,"href":"https:\/\/www.sport4club.be\/index.php\/wp-json\/wp\/v2\/product_cat?post=112393"},{"taxonomy":"product_tag","embeddable":true,"href":"https:\/\/www.sport4club.be\/index.php\/wp-json\/wp\/v2\/product_tag?post=112393"}],"curies":[{"name":"wp","href":"https:\/\/api.w.org\/{rel}","templated":true}]}}