{"id":112387,"date":"2023-10-31T09:23:00","date_gmt":"2023-10-31T08:23:00","guid":{"rendered":"https:\/\/www.sport4club.be\/?post_type=product&#038;p=112387"},"modified":"2024-10-14T08:42:45","modified_gmt":"2024-10-14T06:42:45","slug":"adidas-metalbone-carbon","status":"publish","type":"product","link":"https:\/\/www.sport4club.be\/index.php\/product\/adidas-metalbone-carbon\/","title":{"rendered":"Adidas Metalbone Carbon"},"content":{"rendered":"<p>Ce nouveau mod\u00e8le\u00a0<strong>Adidas Metalbone Carbon<\/strong>\u00a0est con\u00e7u avec des mat\u00e9riaux de haute qualit\u00e9 qui lui fournissent une\u00a0<strong>puissance redoutable<\/strong>\u00a0ainsi qu&#8217;un\u00a0<strong>excellent confort<\/strong>\u00a0sur les courts. Un m\u00e9lange parfait qui vous donnera des performances de haut niveau sur les courts.<\/p>\n<p>Sa forme de diamant et son\u00a0<strong>\u00e9quilibre haut<\/strong>\u00a0procurent une\u00a0<strong>puissance maximale<\/strong>\u00a0favorisant les coups agressifs. Malgr\u00e9 sa forme, elle dispose tout de m\u00eame d&#8217;une bonne tol\u00e9rance gr\u00e2ce \u00e0 son tamis oversized qui vous permettra de conserver de la pr\u00e9cision sur les balles d\u00e9centr\u00e9es. Quant \u00e0 son\u00a0<strong>poids de 345 &#8211; 360 grammes<\/strong>, il procure une excellente maniabilit\u00e9 pour une meilleure maitrise de la raquette, vous permettant de conserver de la pr\u00e9cision sur vos smashs explosifs.<\/p>\n<p>Elle dispose d&#8217;une mousse en caoutchouc Eva Soft Performance qui lui permet d&#8217;avoir plus de confort \u00e0 l&#8217;impact, mais \u00e9galement un meilleur rebond pour plus de vitesse de balle. Alors que sa surface\u00a0<strong>CARBONE 6K \u00e0 haute densit\u00e9<\/strong>\u00a0procure plus de puissance et de r\u00e9activit\u00e9 offrant plus de sensations \u00e0 la frappe.<\/p>\n<p>Cette raquette de padel dispose d&#8217;une surface\u00a0<strong>Spin Blade Octogonal<\/strong>\u00a0et de la technologie\u00a0<strong>Smart Holes Curve<\/strong>\u00a0qui permettent d&#8217;am\u00e9liorer vos prises d&#8217;effets, rendant vos bandejas plus redoutables. Elle int\u00e8gre \u00e9galement la technologie\u00a0<strong>Octogonal Structure<\/strong>\u00a0: il s&#8217;agit d&#8217;un tube en carbone en 8 ar\u00eates qui renforce la structure de la raquette et la rend plus r\u00e9sistante \u00e0 la torsion.<\/p>\n<p>Cette raquette est destin\u00e9e aux comp\u00e9titeurs \u00e0 la recherche d&#8217;une raquette haut de gamme qui offre un maximum de puissance et de confort.<\/p>\n","protected":false},"excerpt":{"rendered":"<p>Ce nouveau mod\u00e8le\u00a0Adidas Metalbone Carbon\u00a0est con\u00e7u avec des mat\u00e9riaux de haute qualit\u00e9 qui lui fournissent une\u00a0puissance redoutable\u00a0ainsi qu&#8217;un\u00a0excellent confort\u00a0sur les courts. Un m\u00e9lange parfait qui vous donnera des performances de haut niveau sur les courts. Sa forme de diamant et son\u00a0\u00e9quilibre haut\u00a0procurent une\u00a0puissance maximale\u00a0favorisant les coups agressifs. Malgr\u00e9 sa forme, elle dispose tout de m\u00eame [&hellip;]<\/p>\n","protected":false},"featured_media":112388,"comment_status":"open","ping_status":"closed","template":"","meta":[],"product_cat":[786,84],"product_tag":[],"_links":{"self":[{"href":"https:\/\/www.sport4club.be\/index.php\/wp-json\/wp\/v2\/product\/112387"}],"collection":[{"href":"https:\/\/www.sport4club.be\/index.php\/wp-json\/wp\/v2\/product"}],"about":[{"href":"https:\/\/www.sport4club.be\/index.php\/wp-json\/wp\/v2\/types\/product"}],"replies":[{"embeddable":true,"href":"https:\/\/www.sport4club.be\/index.php\/wp-json\/wp\/v2\/comments?post=112387"}],"wp:featuredmedia":[{"embeddable":true,"href":"https:\/\/www.sport4club.be\/index.php\/wp-json\/wp\/v2\/media\/112388"}],"wp:attachment":[{"href":"https:\/\/www.sport4club.be\/index.php\/wp-json\/wp\/v2\/media?parent=112387"}],"wp:term":[{"taxonomy":"product_cat","embeddable":true,"href":"https:\/\/www.sport4club.be\/index.php\/wp-json\/wp\/v2\/product_cat?post=112387"},{"taxonomy":"product_tag","embeddable":true,"href":"https:\/\/www.sport4club.be\/index.php\/wp-json\/wp\/v2\/product_tag?post=112387"}],"curies":[{"name":"wp","href":"https:\/\/api.w.org\/{rel}","templated":true}]}}