{"id":112370,"date":"2023-10-30T11:17:34","date_gmt":"2023-10-30T10:17:34","guid":{"rendered":"https:\/\/www.sport4club.be\/?post_type=product&#038;p=112370"},"modified":"2023-10-30T11:17:34","modified_gmt":"2023-10-30T10:17:34","slug":"luxilon-4g-desert-bronze-200m","status":"publish","type":"product","link":"https:\/\/www.sport4club.be\/index.php\/product\/luxilon-4g-desert-bronze-200m\/","title":{"rendered":"Luxilon 4G Desert Bronze (200M)"},"content":{"rendered":"<p>Ce monofilament a \u00e9t\u00e9 cr\u00e9\u00e9 pour offrir un\u00a0<strong>contr\u00f4le<\/strong>\u00a0maximum aux joueurs sur chaque frappe afin d&#8217;avoir l&#8217;assurance que toutes les frappes restent dans les limites du court. La puissance d\u00e9gag\u00e9e sera donc assez faible pour que vous puissiez vous investir pleinement dans vos frappes et obtenir une pr\u00e9cision optimale.<\/p>\n<p>Malgr\u00e9 sa forme ronde, le Luxilon 4G offrira une bonne prise d&#8217;effet gr\u00e2ce \u00e0 sa rigidit\u00e9 lui permettant d&#8217;accrocher parfaitement la balle.<\/p>\n<p>La tenue de tension n&#8217;est pas la qualit\u00e9 principale des monofilaments mais ce cordage dispose d&#8217;un traitement particulier, la <strong>4G Technology<\/strong>, lui offrant une tenue de tension exceptionnelle afin que vous puissiez conserver les meilleures sensations de jeu de la premi\u00e8re \u00e0 la derni\u00e8re frappe.<\/p>\n<p>La dur\u00e9e de vie du Luxilon 4G est tr\u00e8s importante et conviendra parfaitement aux gros casseurs qui peineront \u00e0 en venir \u00e0 bout.<\/p>\n<p>Cordage destin\u00e9 au joueur exigeant recherchant un cordage offrant un contr\u00f4le maximal, une grande dur\u00e9e de vie et la meilleure tenue de tension (Baisser votre tension habituelle de 5 \u00e0 10% sans exc\u00e9der 27 kg).<\/p>\n","protected":false},"excerpt":{"rendered":"<p>Ce monofilament a \u00e9t\u00e9 cr\u00e9\u00e9 pour offrir un\u00a0contr\u00f4le\u00a0maximum aux joueurs sur chaque frappe afin d&#8217;avoir l&#8217;assurance que toutes les frappes restent dans les limites du court. La puissance d\u00e9gag\u00e9e sera donc assez faible pour que vous puissiez vous investir pleinement dans vos frappes et obtenir une pr\u00e9cision optimale. Malgr\u00e9 sa forme ronde, le Luxilon 4G [&hellip;]<\/p>\n","protected":false},"featured_media":112371,"comment_status":"open","ping_status":"closed","template":"","meta":[],"product_cat":[108],"product_tag":[],"_links":{"self":[{"href":"https:\/\/www.sport4club.be\/index.php\/wp-json\/wp\/v2\/product\/112370"}],"collection":[{"href":"https:\/\/www.sport4club.be\/index.php\/wp-json\/wp\/v2\/product"}],"about":[{"href":"https:\/\/www.sport4club.be\/index.php\/wp-json\/wp\/v2\/types\/product"}],"replies":[{"embeddable":true,"href":"https:\/\/www.sport4club.be\/index.php\/wp-json\/wp\/v2\/comments?post=112370"}],"wp:featuredmedia":[{"embeddable":true,"href":"https:\/\/www.sport4club.be\/index.php\/wp-json\/wp\/v2\/media\/112371"}],"wp:attachment":[{"href":"https:\/\/www.sport4club.be\/index.php\/wp-json\/wp\/v2\/media?parent=112370"}],"wp:term":[{"taxonomy":"product_cat","embeddable":true,"href":"https:\/\/www.sport4club.be\/index.php\/wp-json\/wp\/v2\/product_cat?post=112370"},{"taxonomy":"product_tag","embeddable":true,"href":"https:\/\/www.sport4club.be\/index.php\/wp-json\/wp\/v2\/product_tag?post=112370"}],"curies":[{"name":"wp","href":"https:\/\/api.w.org\/{rel}","templated":true}]}}