{"id":112367,"date":"2023-10-30T11:07:14","date_gmt":"2023-10-30T10:07:14","guid":{"rendered":"https:\/\/www.sport4club.be\/?post_type=product&#038;p=112367"},"modified":"2023-10-30T11:07:14","modified_gmt":"2023-10-30T10:07:14","slug":"luxilon-4g-black-200m","status":"publish","type":"product","link":"https:\/\/www.sport4club.be\/index.php\/product\/luxilon-4g-black-200m\/","title":{"rendered":"Luxilon 4G Black (200M)"},"content":{"rendered":"<p>Le cordage Luxilon 4G appartient \u00e0 la famille des mono filaments.<\/p>\n<p>En effet, cette corde \u00e0 section ronde a fait son apparition dans le but de r\u00e9volutionner le march\u00e9 des co-polyesters.<\/p>\n<p>Le leader du cordage a voulu insister sur la dur\u00e9e de vie du produit. Et plus particuli\u00e8rement sur la capacit\u00e9 de la corde \u00e0 accumuler les impacts de balle dans le temps. Et le r\u00e9sultat est\u00a0<strong>exceptionnel<\/strong>! Effectivement, Luxilon a repris la base de son best seller dans sa construction et a grandement am\u00e9lior\u00e9 sa tenue de tension.<\/p>\n<p>Tennistiquement parlant, la bobine Luxilon 4G offre des\u00a0<strong>sensations incroyables<\/strong>\u00a0en terme de\u00a0<strong>toucher de balle<\/strong>. En effet, ce cordage plut\u00f4t ax\u00e9 sur le contr\u00f4le et la pr\u00e9cision permet aux joueurs de d\u00e9poser la balle aux 4 coins du court.<\/p>\n<p>On retrouve cette corde en diam\u00e8tre 1.25mm (17) afin d&#8217;optimiser les sensations \u00e0 la frappe.<\/p>\n<p>Le coloris noir en \u00e9dition limit\u00e9e permettra d&#8217;assortir facilement le 4G \u00e0 votre raquette.<\/p>\n<p>On conseille cette r\u00e9f\u00e9rence \u00e0 tous les types de joueur qui aiment varier le jeu.<\/p>\n<p>Il comblera \u00e9galement les comp\u00e9titeurs \u00e0 la recherche d&#8217;une corde qui tient la tension dans le temps. Aussi et surtout pour celles et ceux qui poss\u00e8dent une qualit\u00e9 de frappe naturelle et qui n&#8217;ont pas n\u00e9cessairement besoin de puissance.<\/p>\n<p>Cette corde va s&#8217;adresser aux attaquants principalement.<\/p>\n<p>Il vous faut juste appr\u00e9cier les sensation assez feutr\u00e9s \u00e0 la frappe et ne pas \u00eatre en attente d&#8217;un surplus de puissance.<\/p>\n<p>Les pratiquants qui jouent en toucher ou m\u00eame les puncheurs qui veulent du contr\u00f4le vous serez servis.<\/p>\n","protected":false},"excerpt":{"rendered":"<p>Le cordage Luxilon 4G appartient \u00e0 la famille des mono filaments. En effet, cette corde \u00e0 section ronde a fait son apparition dans le but de r\u00e9volutionner le march\u00e9 des co-polyesters. Le leader du cordage a voulu insister sur la dur\u00e9e de vie du produit. Et plus particuli\u00e8rement sur la capacit\u00e9 de la corde \u00e0 [&hellip;]<\/p>\n","protected":false},"featured_media":112368,"comment_status":"open","ping_status":"closed","template":"","meta":[],"product_cat":[108],"product_tag":[],"_links":{"self":[{"href":"https:\/\/www.sport4club.be\/index.php\/wp-json\/wp\/v2\/product\/112367"}],"collection":[{"href":"https:\/\/www.sport4club.be\/index.php\/wp-json\/wp\/v2\/product"}],"about":[{"href":"https:\/\/www.sport4club.be\/index.php\/wp-json\/wp\/v2\/types\/product"}],"replies":[{"embeddable":true,"href":"https:\/\/www.sport4club.be\/index.php\/wp-json\/wp\/v2\/comments?post=112367"}],"wp:featuredmedia":[{"embeddable":true,"href":"https:\/\/www.sport4club.be\/index.php\/wp-json\/wp\/v2\/media\/112368"}],"wp:attachment":[{"href":"https:\/\/www.sport4club.be\/index.php\/wp-json\/wp\/v2\/media?parent=112367"}],"wp:term":[{"taxonomy":"product_cat","embeddable":true,"href":"https:\/\/www.sport4club.be\/index.php\/wp-json\/wp\/v2\/product_cat?post=112367"},{"taxonomy":"product_tag","embeddable":true,"href":"https:\/\/www.sport4club.be\/index.php\/wp-json\/wp\/v2\/product_tag?post=112367"}],"curies":[{"name":"wp","href":"https:\/\/api.w.org\/{rel}","templated":true}]}}