{"id":112364,"date":"2023-10-30T10:57:32","date_gmt":"2023-10-30T09:57:32","guid":{"rendered":"https:\/\/www.sport4club.be\/?post_type=product&#038;p=112364"},"modified":"2023-10-30T10:57:33","modified_gmt":"2023-10-30T09:57:33","slug":"luxilon-element-soft-ir-200m","status":"publish","type":"product","link":"https:\/\/www.sport4club.be\/index.php\/product\/luxilon-element-soft-ir-200m\/","title":{"rendered":"Luxilon Element Soft IR (200M)"},"content":{"rendered":"<p>Le\u00a0<strong>cordage Luxilon Element Soft<\/strong>\u00a0est un cordage fabriqu\u00e9 \u00e0 partir de la technologie\u00a0<strong>Monomulti<\/strong>, comme le Luxilon Element, mais avec une rigidit\u00e9 encore 10% plus faible pour un gain en puissance; mais \u00e9galement en confort. Cela lui permet \u00e9galement d&#8217;\u00eatre jouable par des jeunes joueurs ou des joueurs avec des douleurs au bras.<\/p>\n<p>Le contr\u00f4le de ce cordage est int\u00e9ressant et permettra de garder la balle dans le court mais il n&#8217;est pas adapt\u00e9 aux joueurs recherchant un maximum de pr\u00e9cision. Sa prise d&#8217;effet sera id\u00e9ale pour recouvrir la balle mais ne conviendra pas aux joueurs souhaitant un maximum de lift.<\/p>\n<p>Ce cordage dispose d&#8217;une dur\u00e9e de vie int\u00e9ressante et vous permettra de jouer de longues heures. Cependant, les gros casseurs trouveront rapidement leurs limites avec ce monofilament.<\/p>\n<p>Cordage destin\u00e9 aux joueurs \u00e0 la recherche d&#8217;un cordage offrant un bon \u00e9quilibre entre puissance et contr\u00f4le et proposant un excellent confort et aux jeunes joueurs passant sur leur premier cordage monofilament<\/p>\n","protected":false},"excerpt":{"rendered":"<p>Le\u00a0cordage Luxilon Element Soft\u00a0est un cordage fabriqu\u00e9 \u00e0 partir de la technologie\u00a0Monomulti, comme le Luxilon Element, mais avec une rigidit\u00e9 encore 10% plus faible pour un gain en puissance; mais \u00e9galement en confort. Cela lui permet \u00e9galement d&#8217;\u00eatre jouable par des jeunes joueurs ou des joueurs avec des douleurs au bras. Le contr\u00f4le de ce [&hellip;]<\/p>\n","protected":false},"featured_media":112365,"comment_status":"open","ping_status":"closed","template":"","meta":[],"product_cat":[108],"product_tag":[],"_links":{"self":[{"href":"https:\/\/www.sport4club.be\/index.php\/wp-json\/wp\/v2\/product\/112364"}],"collection":[{"href":"https:\/\/www.sport4club.be\/index.php\/wp-json\/wp\/v2\/product"}],"about":[{"href":"https:\/\/www.sport4club.be\/index.php\/wp-json\/wp\/v2\/types\/product"}],"replies":[{"embeddable":true,"href":"https:\/\/www.sport4club.be\/index.php\/wp-json\/wp\/v2\/comments?post=112364"}],"wp:featuredmedia":[{"embeddable":true,"href":"https:\/\/www.sport4club.be\/index.php\/wp-json\/wp\/v2\/media\/112365"}],"wp:attachment":[{"href":"https:\/\/www.sport4club.be\/index.php\/wp-json\/wp\/v2\/media?parent=112364"}],"wp:term":[{"taxonomy":"product_cat","embeddable":true,"href":"https:\/\/www.sport4club.be\/index.php\/wp-json\/wp\/v2\/product_cat?post=112364"},{"taxonomy":"product_tag","embeddable":true,"href":"https:\/\/www.sport4club.be\/index.php\/wp-json\/wp\/v2\/product_tag?post=112364"}],"curies":[{"name":"wp","href":"https:\/\/api.w.org\/{rel}","templated":true}]}}