{"id":112345,"date":"2023-10-30T09:45:42","date_gmt":"2023-10-30T08:45:42","guid":{"rendered":"https:\/\/www.sport4club.be\/?post_type=product&#038;p=112345"},"modified":"2023-10-30T09:45:42","modified_gmt":"2023-10-30T08:45:42","slug":"luxilon-alu-power-roland-garros-200m","status":"publish","type":"product","link":"https:\/\/www.sport4club.be\/index.php\/product\/luxilon-alu-power-roland-garros-200m\/","title":{"rendered":"Luxilon Alu Power Roland Garros (200M)"},"content":{"rendered":"<p>Le monofilament<strong>\u00a0Luxilon Big Banger Alu Power<\/strong>\u00a0est un cordage fabriqu\u00e9 \u00e0 partir de co-polyester. Sa construction lui permet de vous apporter tout le contr\u00f4le n\u00e9cessaire pour conserver la balle dans les limites du court.<br \/>\nMalgr\u00e9 son profil rond, ce cordage a une capacit\u00e9 de retour en place rapide qui vous permettra d&#8217;imprimer une grande quantit\u00e9 d&#8217;effet pour surprendre et faire reculer vos adversaires.<\/p>\n<p>Ce cordage dispose d&#8217;une dur\u00e9e de vie int\u00e9ressante et vous permettra de jouer de longues heures. Cependant, les gros casseurs trouveront rapidement leurs limites avec ce monofilament.<\/p>\n<p>Avec une rigidit\u00e9 plus faible que la moyenne des monofilaments, ce cordage vous donnera une vitesse de balle suppl\u00e9mentaire ainsi qu&#8217;un plus grand confort \u00e0 la frappe.<\/p>\n<p>Cordage destin\u00e9 aux joueurs d&#8217;un niveau interm\u00e9diaire \u00e0 expert qui recherchent un monofilament \u00e9nergique et apportant du contr\u00f4le et de la prise d&#8217;effet.<\/p>\n","protected":false},"excerpt":{"rendered":"<p>Le monofilament\u00a0Luxilon Big Banger Alu Power\u00a0est un cordage fabriqu\u00e9 \u00e0 partir de co-polyester. Sa construction lui permet de vous apporter tout le contr\u00f4le n\u00e9cessaire pour conserver la balle dans les limites du court. Malgr\u00e9 son profil rond, ce cordage a une capacit\u00e9 de retour en place rapide qui vous permettra d&#8217;imprimer une grande quantit\u00e9 d&#8217;effet [&hellip;]<\/p>\n","protected":false},"featured_media":112346,"comment_status":"open","ping_status":"closed","template":"","meta":[],"product_cat":[108],"product_tag":[],"_links":{"self":[{"href":"https:\/\/www.sport4club.be\/index.php\/wp-json\/wp\/v2\/product\/112345"}],"collection":[{"href":"https:\/\/www.sport4club.be\/index.php\/wp-json\/wp\/v2\/product"}],"about":[{"href":"https:\/\/www.sport4club.be\/index.php\/wp-json\/wp\/v2\/types\/product"}],"replies":[{"embeddable":true,"href":"https:\/\/www.sport4club.be\/index.php\/wp-json\/wp\/v2\/comments?post=112345"}],"wp:featuredmedia":[{"embeddable":true,"href":"https:\/\/www.sport4club.be\/index.php\/wp-json\/wp\/v2\/media\/112346"}],"wp:attachment":[{"href":"https:\/\/www.sport4club.be\/index.php\/wp-json\/wp\/v2\/media?parent=112345"}],"wp:term":[{"taxonomy":"product_cat","embeddable":true,"href":"https:\/\/www.sport4club.be\/index.php\/wp-json\/wp\/v2\/product_cat?post=112345"},{"taxonomy":"product_tag","embeddable":true,"href":"https:\/\/www.sport4club.be\/index.php\/wp-json\/wp\/v2\/product_tag?post=112345"}],"curies":[{"name":"wp","href":"https:\/\/api.w.org\/{rel}","templated":true}]}}