{"id":112343,"date":"2023-10-30T09:39:56","date_gmt":"2023-10-30T08:39:56","guid":{"rendered":"https:\/\/www.sport4club.be\/?post_type=product&#038;p=112343"},"modified":"2023-10-30T09:39:56","modified_gmt":"2023-10-30T08:39:56","slug":"luxilon-eco-power-200m","status":"publish","type":"product","link":"https:\/\/www.sport4club.be\/index.php\/product\/luxilon-eco-power-200m\/","title":{"rendered":"Luxilon Eco Power (200M)"},"content":{"rendered":"<p>Le cordage LXN Eco Power en bobine est con\u00e7u pour les joueurs polyvalents qui cherchent \u00e0 am\u00e9liorer leur jeu tout en faisant un choix durable. Fabriqu\u00e9 \u00e0 partir de mat\u00e9riaux 100 % recycl\u00e9s, ce cordage pr\u00e9sente une construction r\u00e9sistante et durable, ax\u00e9e sur la puissance, la rotation et le contr\u00f4le tout en \u00e9tant tol\u00e9rante pour les coups d\u00e9licats.<\/p>\n<p>Le LXN Eco Power est le premier cordage sur le march\u00e9 fabriqu\u00e9 \u00e0 partir de mat\u00e9riaux 100 % recycl\u00e9s. Il est produit \u00e0 partir de bouteilles et d\u2019emballages en PET recycl\u00e9, ce qui en fait un choix \u00e9cologique pour les joueurs qui cherchent \u00e0 r\u00e9duire leur impact sur l&#8217;environnement.<\/p>\n<p>Le LXN Eco Power pr\u00e9sente une forme hexagonale qui renforce les bords du cordage pour plus de contr\u00f4le et de rotation \u00e0 chaque frappe. Cette caract\u00e9ristique permet \u00e9galement d&#8217;accrocher la balle au moment du contact pour accentuer la rotation et \u00e9viter que vos coups ne d\u00e9passent les limites du court.<\/p>\n<p>En plus d&#8217;\u00eatre un choix \u00e9cologique, le LXN Eco Power offre des caract\u00e9ristiques durables et r\u00e9sistantes pour plus de sensations et de tol\u00e9rance, ainsi qu&#8217;une dur\u00e9e de vie prolong\u00e9e. Ce cordage offre une fermet\u00e9 et des sensations id\u00e9ales pour les joueurs \u00e0 la recherche de contr\u00f4le.<\/p>\n","protected":false},"excerpt":{"rendered":"<p>Le cordage LXN Eco Power en bobine est con\u00e7u pour les joueurs polyvalents qui cherchent \u00e0 am\u00e9liorer leur jeu tout en faisant un choix durable. Fabriqu\u00e9 \u00e0 partir de mat\u00e9riaux 100 % recycl\u00e9s, ce cordage pr\u00e9sente une construction r\u00e9sistante et durable, ax\u00e9e sur la puissance, la rotation et le contr\u00f4le tout en \u00e9tant tol\u00e9rante pour [&hellip;]<\/p>\n","protected":false},"featured_media":112344,"comment_status":"open","ping_status":"closed","template":"","meta":[],"product_cat":[108],"product_tag":[],"_links":{"self":[{"href":"https:\/\/www.sport4club.be\/index.php\/wp-json\/wp\/v2\/product\/112343"}],"collection":[{"href":"https:\/\/www.sport4club.be\/index.php\/wp-json\/wp\/v2\/product"}],"about":[{"href":"https:\/\/www.sport4club.be\/index.php\/wp-json\/wp\/v2\/types\/product"}],"replies":[{"embeddable":true,"href":"https:\/\/www.sport4club.be\/index.php\/wp-json\/wp\/v2\/comments?post=112343"}],"wp:featuredmedia":[{"embeddable":true,"href":"https:\/\/www.sport4club.be\/index.php\/wp-json\/wp\/v2\/media\/112344"}],"wp:attachment":[{"href":"https:\/\/www.sport4club.be\/index.php\/wp-json\/wp\/v2\/media?parent=112343"}],"wp:term":[{"taxonomy":"product_cat","embeddable":true,"href":"https:\/\/www.sport4club.be\/index.php\/wp-json\/wp\/v2\/product_cat?post=112343"},{"taxonomy":"product_tag","embeddable":true,"href":"https:\/\/www.sport4club.be\/index.php\/wp-json\/wp\/v2\/product_tag?post=112343"}],"curies":[{"name":"wp","href":"https:\/\/api.w.org\/{rel}","templated":true}]}}