{"id":112341,"date":"2023-10-30T09:20:47","date_gmt":"2023-10-30T08:20:47","guid":{"rendered":"https:\/\/www.sport4club.be\/?post_type=product&#038;p=112341"},"modified":"2023-11-03T13:50:02","modified_gmt":"2023-11-03T12:50:02","slug":"luxilon-alu-power-black-edition","status":"publish","type":"product","link":"https:\/\/www.sport4club.be\/index.php\/product\/luxilon-alu-power-black-edition\/","title":{"rendered":"Luxilon Alu Power Black Edition (200M)"},"content":{"rendered":"<p>Le cordage Luxilon Alu Power Noir est un cordage en co-polyester qui associe \u00e0 merveille la puissance, le contr\u00f4le, les sensations, la prise des effets et la tenue de tension.<\/p>\n<p>Le Luxilon Alu Power est le cordage le plus utilis\u00e9 par les joueurs professionnels tant il apporte un haut rendement.<\/p>\n<p>Nous conseillons la bobine Luxilon Alu Power aux joueurs qui souhaitent le meilleur rendement dans un cordage.<\/p>\n<p>La structure du cordage Luxilon Alu Power poss\u00e8de un process de fabrication unique que seul le fabricant Luxilon a le secret.<\/p>\n<p>Tr\u00e8s souple dans le maniement en main et ferme \u00e0 la frappe une fois pos\u00e9 sur le cadre, les sensations du Luxilon Alu Power sont uniques et excellentes. Les frappes sont fermes avec beaucoup de puissance et un tr\u00e8s bon contr\u00f4le de balle.<\/p>\n<p>Les sensations magiques du Luxilon Alu Power ont tendance \u00e0 s&#8217;estomper aux alentours de 8 heures de jeu. Les qualit\u00e9s du cordage n&#8217;en demeurent pas moins exceptionnelles.<\/p>\n<p>Beaucoup de joueurs professionnels ont choisi le Luxilon Alu Power pour son rendement de haut niveau.<\/p>\n","protected":false},"excerpt":{"rendered":"<p>Le cordage Luxilon Alu Power Noir est un cordage en co-polyester qui associe \u00e0 merveille la puissance, le contr\u00f4le, les sensations, la prise des effets et la tenue de tension. Le Luxilon Alu Power est le cordage le plus utilis\u00e9 par les joueurs professionnels tant il apporte un haut rendement. Nous conseillons la bobine Luxilon [&hellip;]<\/p>\n","protected":false},"featured_media":112342,"comment_status":"open","ping_status":"closed","template":"","meta":[],"product_cat":[108],"product_tag":[],"_links":{"self":[{"href":"https:\/\/www.sport4club.be\/index.php\/wp-json\/wp\/v2\/product\/112341"}],"collection":[{"href":"https:\/\/www.sport4club.be\/index.php\/wp-json\/wp\/v2\/product"}],"about":[{"href":"https:\/\/www.sport4club.be\/index.php\/wp-json\/wp\/v2\/types\/product"}],"replies":[{"embeddable":true,"href":"https:\/\/www.sport4club.be\/index.php\/wp-json\/wp\/v2\/comments?post=112341"}],"wp:featuredmedia":[{"embeddable":true,"href":"https:\/\/www.sport4club.be\/index.php\/wp-json\/wp\/v2\/media\/112342"}],"wp:attachment":[{"href":"https:\/\/www.sport4club.be\/index.php\/wp-json\/wp\/v2\/media?parent=112341"}],"wp:term":[{"taxonomy":"product_cat","embeddable":true,"href":"https:\/\/www.sport4club.be\/index.php\/wp-json\/wp\/v2\/product_cat?post=112341"},{"taxonomy":"product_tag","embeddable":true,"href":"https:\/\/www.sport4club.be\/index.php\/wp-json\/wp\/v2\/product_tag?post=112341"}],"curies":[{"name":"wp","href":"https:\/\/api.w.org\/{rel}","templated":true}]}}