{"id":112297,"date":"2023-10-18T11:24:43","date_gmt":"2023-10-18T09:24:43","guid":{"rendered":"https:\/\/www.sport4club.be\/?post_type=product&#038;p=112297"},"modified":"2025-11-23T08:45:05","modified_gmt":"2025-11-23T07:45:05","slug":"nox-smartstrap-luxury-23","status":"publish","type":"product","link":"https:\/\/www.sport4club.be\/index.php\/product\/nox-smartstrap-luxury-23\/","title":{"rendered":"Nox Smartstrap Luxury 23"},"content":{"rendered":"<p><strong>Longe de s\u00e9curit\u00e9 avec bracelet Nox Smartstrap\u00ae\u00a0\u00a0<\/strong><strong>.<\/strong><\/p>\n<p>Am\u00e9liorez l&#8217;hygi\u00e8ne et la s\u00e9curit\u00e9 de votre raquette de padel Nox 2023 en rempla\u00e7ant facilement le cordon de s\u00e9curit\u00e9 sans perdre la garantie en n&#8217;ayant pas \u00e0 manipuler le capuchon inf\u00e9rieur.<\/p>\n<p>Accessoire Padel compatible avec n&#8217;importe quelle raquette.<\/p>\n","protected":false},"excerpt":{"rendered":"<p>Longe de s\u00e9curit\u00e9 avec bracelet Nox Smartstrap\u00ae\u00a0\u00a0. Am\u00e9liorez l&#8217;hygi\u00e8ne et la s\u00e9curit\u00e9 de votre raquette de padel Nox 2023 en rempla\u00e7ant facilement le cordon de s\u00e9curit\u00e9 sans perdre la garantie en n&#8217;ayant pas \u00e0 manipuler le capuchon inf\u00e9rieur. Accessoire Padel compatible avec n&#8217;importe quelle raquette.<\/p>\n","protected":false},"featured_media":112298,"comment_status":"open","ping_status":"closed","template":"","meta":[],"product_cat":[87],"product_tag":[],"_links":{"self":[{"href":"https:\/\/www.sport4club.be\/index.php\/wp-json\/wp\/v2\/product\/112297"}],"collection":[{"href":"https:\/\/www.sport4club.be\/index.php\/wp-json\/wp\/v2\/product"}],"about":[{"href":"https:\/\/www.sport4club.be\/index.php\/wp-json\/wp\/v2\/types\/product"}],"replies":[{"embeddable":true,"href":"https:\/\/www.sport4club.be\/index.php\/wp-json\/wp\/v2\/comments?post=112297"}],"wp:featuredmedia":[{"embeddable":true,"href":"https:\/\/www.sport4club.be\/index.php\/wp-json\/wp\/v2\/media\/112298"}],"wp:attachment":[{"href":"https:\/\/www.sport4club.be\/index.php\/wp-json\/wp\/v2\/media?parent=112297"}],"wp:term":[{"taxonomy":"product_cat","embeddable":true,"href":"https:\/\/www.sport4club.be\/index.php\/wp-json\/wp\/v2\/product_cat?post=112297"},{"taxonomy":"product_tag","embeddable":true,"href":"https:\/\/www.sport4club.be\/index.php\/wp-json\/wp\/v2\/product_tag?post=112297"}],"curies":[{"name":"wp","href":"https:\/\/api.w.org\/{rel}","templated":true}]}}