{"id":11224,"date":"2018-12-14T18:34:37","date_gmt":"2018-12-14T17:34:37","guid":{"rendered":"https:\/\/www.sport4club.be\/?post_type=product&#038;p=11224"},"modified":"2023-06-16T09:01:19","modified_gmt":"2023-06-16T07:01:19","slug":"core-babolat-tee","status":"publish","type":"product","link":"https:\/\/www.sport4club.be\/index.php\/product\/core-babolat-tee\/","title":{"rendered":"Core Babolat Tee"},"content":{"rendered":"<h4 class=\"fs16 none fbold color3\"><em>TECHNICIT\u00c9, SIMPLICIT\u00c9 ET LIBERT\u00c9 DE MOUVEMENT POUR CE TEE-SHIRT D&#8217;ENTRA\u00ceNEMENT.<\/em><\/h4>\n<div class=\"grid_12 omega\"><em>Ce tee shirt allie le confort du coton (60%) \u00e0 l&#8217;\u00e9vacuation de la transpiration du polyester (40%), ce qui le rend id\u00e9al pour la pratique du sport. <\/em><\/div>\n<div class=\"grid_12 omega\"><em>Gros marquage Babolat dans le dos.<\/em><br \/>\n<em>Existe en adulte et en junior<\/em><\/div>\n","protected":false},"excerpt":{"rendered":"<p>TECHNICIT\u00c9, SIMPLICIT\u00c9 ET LIBERT\u00c9 DE MOUVEMENT POUR CE TEE-SHIRT D&#8217;ENTRA\u00ceNEMENT. Ce tee shirt allie le confort du coton (60%) \u00e0 l&#8217;\u00e9vacuation de la transpiration du polyester (40%), ce qui le rend id\u00e9al pour la pratique du sport. Gros marquage Babolat dans le dos. Existe en adulte et en junior<\/p>\n","protected":false},"featured_media":11225,"comment_status":"open","ping_status":"closed","template":"","meta":[],"product_cat":[482],"product_tag":[],"_links":{"self":[{"href":"https:\/\/www.sport4club.be\/index.php\/wp-json\/wp\/v2\/product\/11224"}],"collection":[{"href":"https:\/\/www.sport4club.be\/index.php\/wp-json\/wp\/v2\/product"}],"about":[{"href":"https:\/\/www.sport4club.be\/index.php\/wp-json\/wp\/v2\/types\/product"}],"replies":[{"embeddable":true,"href":"https:\/\/www.sport4club.be\/index.php\/wp-json\/wp\/v2\/comments?post=11224"}],"wp:featuredmedia":[{"embeddable":true,"href":"https:\/\/www.sport4club.be\/index.php\/wp-json\/wp\/v2\/media\/11225"}],"wp:attachment":[{"href":"https:\/\/www.sport4club.be\/index.php\/wp-json\/wp\/v2\/media?parent=11224"}],"wp:term":[{"taxonomy":"product_cat","embeddable":true,"href":"https:\/\/www.sport4club.be\/index.php\/wp-json\/wp\/v2\/product_cat?post=11224"},{"taxonomy":"product_tag","embeddable":true,"href":"https:\/\/www.sport4club.be\/index.php\/wp-json\/wp\/v2\/product_tag?post=11224"}],"curies":[{"name":"wp","href":"https:\/\/api.w.org\/{rel}","templated":true}]}}