{"id":112209,"date":"2023-10-04T09:46:18","date_gmt":"2023-10-04T07:46:18","guid":{"rendered":"https:\/\/www.sport4club.be\/?post_type=product&#038;p=112209"},"modified":"2024-08-21T12:50:36","modified_gmt":"2024-08-21T10:50:36","slug":"dunlop-sx-300-tour-305gr","status":"publish","type":"product","link":"https:\/\/www.sport4club.be\/index.php\/product\/dunlop-sx-300-tour-305gr\/","title":{"rendered":"Dunlop SX 300 Tour (305gr)"},"content":{"rendered":"<p>La raquette Dunlop SX 300 Tour change en profondeur et passe d&#8217;un tamis\u00a0<strong>645cm\u00b2<\/strong>\u00a0\u00e0 un tamis\u00a0<strong>630cm\u00b2<\/strong>. On trouvera ainsi\u00a0<strong>plus de contr\u00f4le<\/strong>\u00a0et\u00a0<strong>plus de pr\u00e9cision<\/strong>\u00a0sur les frappes appuy\u00e9es. Son poids est lui r\u00e9duit de 310 \u00e0 305g pour plus de maniabilit\u00e9.<\/p>\n<p>Elle conviendra au joueur avanc\u00e9 qui souhaite dicter l&#8217;\u00e9change avec des frappes puissantes, lift\u00e9es et pr\u00e9cises. Son poids de 305 grammes couple \u00e0 un \u00e9quilibre de 31,5cm permet d&#8217;avoir un\u00a0<strong>bon compromis en stabilit\u00e9 et maniabilit\u00e9<\/strong>.<\/p>\n<p>&nbsp;<\/p>\n","protected":false},"excerpt":{"rendered":"<p>La raquette Dunlop SX 300 Tour change en profondeur et passe d&#8217;un tamis\u00a0645cm\u00b2\u00a0\u00e0 un tamis\u00a0630cm\u00b2. On trouvera ainsi\u00a0plus de contr\u00f4le\u00a0et\u00a0plus de pr\u00e9cision\u00a0sur les frappes appuy\u00e9es. Son poids est lui r\u00e9duit de 310 \u00e0 305g pour plus de maniabilit\u00e9. Elle conviendra au joueur avanc\u00e9 qui souhaite dicter l&#8217;\u00e9change avec des frappes puissantes, lift\u00e9es et pr\u00e9cises. Son [&hellip;]<\/p>\n","protected":false},"featured_media":112210,"comment_status":"open","ping_status":"closed","template":"","meta":[],"product_cat":[145],"product_tag":[],"_links":{"self":[{"href":"https:\/\/www.sport4club.be\/index.php\/wp-json\/wp\/v2\/product\/112209"}],"collection":[{"href":"https:\/\/www.sport4club.be\/index.php\/wp-json\/wp\/v2\/product"}],"about":[{"href":"https:\/\/www.sport4club.be\/index.php\/wp-json\/wp\/v2\/types\/product"}],"replies":[{"embeddable":true,"href":"https:\/\/www.sport4club.be\/index.php\/wp-json\/wp\/v2\/comments?post=112209"}],"wp:featuredmedia":[{"embeddable":true,"href":"https:\/\/www.sport4club.be\/index.php\/wp-json\/wp\/v2\/media\/112210"}],"wp:attachment":[{"href":"https:\/\/www.sport4club.be\/index.php\/wp-json\/wp\/v2\/media?parent=112209"}],"wp:term":[{"taxonomy":"product_cat","embeddable":true,"href":"https:\/\/www.sport4club.be\/index.php\/wp-json\/wp\/v2\/product_cat?post=112209"},{"taxonomy":"product_tag","embeddable":true,"href":"https:\/\/www.sport4club.be\/index.php\/wp-json\/wp\/v2\/product_tag?post=112209"}],"curies":[{"name":"wp","href":"https:\/\/api.w.org\/{rel}","templated":true}]}}