{"id":112184,"date":"2023-09-26T12:05:07","date_gmt":"2023-09-26T10:05:07","guid":{"rendered":"https:\/\/www.sport4club.be\/?post_type=product&#038;p=112184"},"modified":"2025-12-15T13:57:49","modified_gmt":"2025-12-15T12:57:49","slug":"nox-protection-wpt-23","status":"publish","type":"product","link":"https:\/\/www.sport4club.be\/index.php\/product\/nox-protection-wpt-23\/","title":{"rendered":"Nox Protection 24"},"content":{"rendered":"<p>Nouveau\u00a0<b>protecteur de cadre exclusif<\/b>. Prot\u00e9ger la raquette contre les rayures, les coups et les chutes.<\/p>\n<p><b>Caract\u00e9ristiques<\/b>:<\/p>\n<ul>\n<li><b>Protection totale du cadre:<\/b>\u00a0la protection de cadre Nox est sp\u00e9cialement con\u00e7ue pour couvrir tout le contour ducadre de la raquette, emp\u00eachant ainsi tout impact direct de l&#8217;endommager. Oubliez les rayures et les marques disgracieuses sur le cadre de votre raquettede padel.<\/li>\n<li><b>Mat\u00e9riau durable<\/b>: ruban adh\u00e9sif 3M pour un maintien parfait pendant le jeu. Fabriqu\u00e9 avec des mat\u00e9riaux de haute qualit\u00e9, notre protecteur de cadre est solide et durable.<\/li>\n<li><b>Design discret:\u00a0<\/b>Nous avons con\u00e7u notre protection de cadre pour qu&#8217;elle soit discr\u00e8te et \u00e9l\u00e9gante. De plus, il est disponible dans une vari\u00e9t\u00e9 de couleurs afin que vous puissiez choisir celle qui convient le mieux \u00e0 votre style.<\/li>\n<\/ul>\n","protected":false},"excerpt":{"rendered":"<p>Nouveau\u00a0protecteur de cadre exclusif. Prot\u00e9ger la raquette contre les rayures, les coups et les chutes. Caract\u00e9ristiques: Protection totale du cadre:\u00a0la protection de cadre Nox est sp\u00e9cialement con\u00e7ue pour couvrir tout le contour ducadre de la raquette, emp\u00eachant ainsi tout impact direct de l&#8217;endommager. Oubliez les rayures et les marques disgracieuses sur le cadre de votre [&hellip;]<\/p>\n","protected":false},"featured_media":112185,"comment_status":"open","ping_status":"closed","template":"","meta":[],"product_cat":[87],"product_tag":[],"_links":{"self":[{"href":"https:\/\/www.sport4club.be\/index.php\/wp-json\/wp\/v2\/product\/112184"}],"collection":[{"href":"https:\/\/www.sport4club.be\/index.php\/wp-json\/wp\/v2\/product"}],"about":[{"href":"https:\/\/www.sport4club.be\/index.php\/wp-json\/wp\/v2\/types\/product"}],"replies":[{"embeddable":true,"href":"https:\/\/www.sport4club.be\/index.php\/wp-json\/wp\/v2\/comments?post=112184"}],"wp:featuredmedia":[{"embeddable":true,"href":"https:\/\/www.sport4club.be\/index.php\/wp-json\/wp\/v2\/media\/112185"}],"wp:attachment":[{"href":"https:\/\/www.sport4club.be\/index.php\/wp-json\/wp\/v2\/media?parent=112184"}],"wp:term":[{"taxonomy":"product_cat","embeddable":true,"href":"https:\/\/www.sport4club.be\/index.php\/wp-json\/wp\/v2\/product_cat?post=112184"},{"taxonomy":"product_tag","embeddable":true,"href":"https:\/\/www.sport4club.be\/index.php\/wp-json\/wp\/v2\/product_tag?post=112184"}],"curies":[{"name":"wp","href":"https:\/\/api.w.org\/{rel}","templated":true}]}}