{"id":112129,"date":"2023-09-20T11:44:42","date_gmt":"2023-09-20T09:44:42","guid":{"rendered":"https:\/\/www.sport4club.be\/?post_type=product&#038;p=112129"},"modified":"2025-11-29T09:47:47","modified_gmt":"2025-11-29T08:47:47","slug":"nox-vk10-future-series-by-aranzazu-osoro-2024","status":"publish","type":"product","link":"https:\/\/www.sport4club.be\/index.php\/product\/nox-vk10-future-series-by-aranzazu-osoro-2024\/","title":{"rendered":"Nox VK10 Future Series by Aranzazu Osoro 2024"},"content":{"rendered":"<p class=\"p1\">Nous vous pr\u00e9sentons la raquette de padel Nox <b>VK10 FUTURE 2024<\/b>\u00a0, la raquette\u00a0<b>Aranzazu Osoro .<\/b><\/p>\n<p class=\"p1\">Le nouveau VK10 conserve des aspects de son pr\u00e9d\u00e9cesseur comme le format rond et le\u00a0<strong>caoutchouc HR3<\/strong>\u00a0hautement r\u00e9actif pour contr\u00f4ler le jeu depuis le fond du terrain, mais il pr\u00e9sente comme nouveaut\u00e9 une finition\u00a0<strong>en fibre de carbone aluminis\u00e9e 12K\u00a0<\/strong>\u00a0pour un toucher confortable et solide.<\/p>\n<p class=\"p2\">Le\u00a0<b>\u00a0VK10 FUTURE \u00a0<\/b>\u00a0comprend le syst\u00e8me pionnier de longe de s\u00e9curit\u00e9 rempla\u00e7able\u00a0\u00a0<b>Smartstrap\u00ae<\/b>\u00a0.\u00a0Am\u00e9liorez l&#8217;hygi\u00e8ne et la s\u00e9curit\u00e9 de votre raquette en rempla\u00e7ant facilement le cordon sans perdre la garantie en n&#8217;ayant pas \u00e0 manipuler le bouchon inf\u00e9rieur.\u00a0Plus d&#8217;options de personnalisation \u00e0 port\u00e9e de main\u00a0!<\/p>\n","protected":false},"excerpt":{"rendered":"<p>Nous vous pr\u00e9sentons la raquette de padel Nox VK10 FUTURE 2024\u00a0, la raquette\u00a0Aranzazu Osoro . Le nouveau VK10 conserve des aspects de son pr\u00e9d\u00e9cesseur comme le format rond et le\u00a0caoutchouc HR3\u00a0hautement r\u00e9actif pour contr\u00f4ler le jeu depuis le fond du terrain, mais il pr\u00e9sente comme nouveaut\u00e9 une finition\u00a0en fibre de carbone aluminis\u00e9e 12K\u00a0\u00a0pour un toucher [&hellip;]<\/p>\n","protected":false},"featured_media":112130,"comment_status":"open","ping_status":"closed","template":"","meta":[],"product_cat":[786,84],"product_tag":[],"_links":{"self":[{"href":"https:\/\/www.sport4club.be\/index.php\/wp-json\/wp\/v2\/product\/112129"}],"collection":[{"href":"https:\/\/www.sport4club.be\/index.php\/wp-json\/wp\/v2\/product"}],"about":[{"href":"https:\/\/www.sport4club.be\/index.php\/wp-json\/wp\/v2\/types\/product"}],"replies":[{"embeddable":true,"href":"https:\/\/www.sport4club.be\/index.php\/wp-json\/wp\/v2\/comments?post=112129"}],"wp:featuredmedia":[{"embeddable":true,"href":"https:\/\/www.sport4club.be\/index.php\/wp-json\/wp\/v2\/media\/112130"}],"wp:attachment":[{"href":"https:\/\/www.sport4club.be\/index.php\/wp-json\/wp\/v2\/media?parent=112129"}],"wp:term":[{"taxonomy":"product_cat","embeddable":true,"href":"https:\/\/www.sport4club.be\/index.php\/wp-json\/wp\/v2\/product_cat?post=112129"},{"taxonomy":"product_tag","embeddable":true,"href":"https:\/\/www.sport4club.be\/index.php\/wp-json\/wp\/v2\/product_tag?post=112129"}],"curies":[{"name":"wp","href":"https:\/\/api.w.org\/{rel}","templated":true}]}}