{"id":112093,"date":"2023-09-20T09:36:24","date_gmt":"2023-09-20T07:36:24","guid":{"rendered":"https:\/\/www.sport4club.be\/?post_type=product&#038;p=112093"},"modified":"2026-01-21T13:15:04","modified_gmt":"2026-01-21T12:15:04","slug":"nox-at10-luxury-12k-2024","status":"publish","type":"product","link":"https:\/\/www.sport4club.be\/index.php\/product\/nox-at10-luxury-12k-2024\/","title":{"rendered":"Nox AT10 Genius 12K 2024"},"content":{"rendered":"<p>Con\u00e7u en collaboration avec\u00a0\u00a0<strong>Agust\u00edn Tapia<\/strong>\u00a0pour la saison 2024, il repr\u00e9sente une r\u00e9volution technologique totale.\u00a0Nouveau moule, nouveaux mat\u00e9riaux et nouvelles technologies pour que vous puissiez ressentir d\u00e8s aujourd&#8217;hui le padel du futur.<\/p>\n<h2>Plus d&#8217;\u00e9quilibre, plus de vitesse<\/h2>\n<p>Les bords des profils ont \u00e9t\u00e9 fa\u00e7onn\u00e9s pour augmenter l&#8217;a\u00e9rodynamisme, le grip a \u00e9t\u00e9 allong\u00e9 pour faciliter l&#8217;adh\u00e9rence, mais ce qui ressort le plus est l&#8217;incorporation de la technologie\u00a0<strong>EOS Flap<\/strong>\u00a0, des perforations lat\u00e9rales con\u00e7ues pour augmenter la maniabilit\u00e9 de la raquette et r\u00e9partir la r\u00e9partition des poids. pour que vous ayez entre vos mains une pelle rapide et mortelle.<\/p>\n<h2>Confortable, solide et fiable<\/h2>\n<p>La nouvelle combinaison de mat\u00e9riaux, avec\u00a0<strong>la fibre de carbone 12K<\/strong>\u00a0\u00a0en communion avec le noyau multicouche\u00a0<strong>MLD Black Eva<\/strong>\u00a0, lui conf\u00e8re une sensation de frappe tr\u00e8s confortable tout en pr\u00e9servant un toucher solide et une duret\u00e9 moyenne-\u00e9lev\u00e9e.<\/p>\n<h2>Moins de vibrations, une meilleure adh\u00e9rence<\/h2>\n<p>Le manche de la raquette est le point de connexion entre votre corps et votre raquette et c&#8217;est pourquoi nous avons \u00e9galement port\u00e9 une attention particuli\u00e8re \u00e0 cette zone de la raquette.\u00a0D&#8217;une part, nous avons incorpor\u00e9 la technologie\u00a0<strong>Pulse System<\/strong>\u00a0, deux bandes con\u00e7ues pour absorber\u00a0\u00a0les vibrations.\u00a0De plus, d\u00e9sormais en standard toute la gamme Luxury int\u00e8gre la technologie brevet\u00e9e\u00a0<strong>NOX Custom Grip\u00ae\u00a0<\/strong>\u00a0certifi\u00e9e par\u00a0\u00a0<strong>Testea Padel\u00a0<\/strong>\u00a0pour augmenter l&#8217;adh\u00e9rence et r\u00e9duire les vibrations.<strong>\u00a0<\/strong><\/p>\n<p>Comprend le syst\u00e8me pionnier de lani\u00e8re de s\u00e9curit\u00e9 rempla\u00e7able\u00a0\u00a0<strong>Smartstrap\u00ae ,\u00a0\u00a0<\/strong>d\u00e9sormais transform\u00e9 en une pi\u00e8ce compacte pour plus de solidit\u00e9 et de s\u00e9curit\u00e9\u00a0<strong>.\u00a0<\/strong>Plus hygi\u00e9nique, plus s\u00fbr et plus personnalisable.<\/p>\n<h2>AT10 Luxury Genius Alun 18K ou 12K ?<\/h2>\n<p>Les deux lames ont \u00e9t\u00e9 con\u00e7ues conjointement avec le Mozart de Catamarca, Agust\u00edn Tapia.\u00a0Le 18K Alum et le 12K partagent un moule, un noyau et des technologies, la seule diff\u00e9rence entre eux \u00e9tant le mat\u00e9riau des faces.\u00a0Lequel choisir ?\u00a0Notre recommandation :\u00a0<strong>AT10 Luxury Genius 18K Alum si vous recherchez un toucher interm\u00e9diaire<\/strong>\u00a0et\u00a0<strong>AT 10 Luxury Genius 12K si vous recherchez un toucher plus rigide.<\/strong><\/p>\n<p><em><strong>PADEL DU FUTUR, MAINTENANT.<\/strong><\/em><\/p>\n<h3>Qualit\u00e9 certifi\u00e9e<\/h3>\n<p><strong>Testea Padel certifie la qualit\u00e9 de cette raquette padel<\/strong>\u00a0\u00a0contre la casse du cadre et des faces de la raquette ainsi que la durabilit\u00e9 du produit contre la fatigue.<\/p>\n<table width=\"100%\">\n<tbody>\n<tr>\n<td style=\"width: 35.9006%;\"><img decoding=\"async\" style=\"display: block; margin-left: auto; margin-right: auto;\" src=\"https:\/\/cdn.shopify.com\/s\/files\/1\/2232\/3715\/files\/CERTIFICATTESTEA_QualityCertificatedcopia_100x100.png?v=1690986607\" \/><\/td>\n<\/tr>\n<\/tbody>\n<\/table>\n<p>&nbsp;<\/p>\n","protected":false},"excerpt":{"rendered":"<p>Con\u00e7u en collaboration avec\u00a0\u00a0Agust\u00edn Tapia\u00a0pour la saison 2024, il repr\u00e9sente une r\u00e9volution technologique totale.\u00a0Nouveau moule, nouveaux mat\u00e9riaux et nouvelles technologies pour que vous puissiez ressentir d\u00e8s aujourd&#8217;hui le padel du futur. Plus d&#8217;\u00e9quilibre, plus de vitesse Les bords des profils ont \u00e9t\u00e9 fa\u00e7onn\u00e9s pour augmenter l&#8217;a\u00e9rodynamisme, le grip a \u00e9t\u00e9 allong\u00e9 pour faciliter l&#8217;adh\u00e9rence, mais [&hellip;]<\/p>\n","protected":false},"featured_media":112094,"comment_status":"open","ping_status":"closed","template":"","meta":[],"product_cat":[786,84],"product_tag":[],"_links":{"self":[{"href":"https:\/\/www.sport4club.be\/index.php\/wp-json\/wp\/v2\/product\/112093"}],"collection":[{"href":"https:\/\/www.sport4club.be\/index.php\/wp-json\/wp\/v2\/product"}],"about":[{"href":"https:\/\/www.sport4club.be\/index.php\/wp-json\/wp\/v2\/types\/product"}],"replies":[{"embeddable":true,"href":"https:\/\/www.sport4club.be\/index.php\/wp-json\/wp\/v2\/comments?post=112093"}],"wp:featuredmedia":[{"embeddable":true,"href":"https:\/\/www.sport4club.be\/index.php\/wp-json\/wp\/v2\/media\/112094"}],"wp:attachment":[{"href":"https:\/\/www.sport4club.be\/index.php\/wp-json\/wp\/v2\/media?parent=112093"}],"wp:term":[{"taxonomy":"product_cat","embeddable":true,"href":"https:\/\/www.sport4club.be\/index.php\/wp-json\/wp\/v2\/product_cat?post=112093"},{"taxonomy":"product_tag","embeddable":true,"href":"https:\/\/www.sport4club.be\/index.php\/wp-json\/wp\/v2\/product_tag?post=112093"}],"curies":[{"name":"wp","href":"https:\/\/api.w.org\/{rel}","templated":true}]}}