{"id":111947,"date":"2023-08-14T11:58:13","date_gmt":"2023-08-14T09:58:13","guid":{"rendered":"https:\/\/www.sport4club.be\/?post_type=product&#038;p=111947"},"modified":"2026-01-24T15:03:07","modified_gmt":"2026-01-24T14:03:07","slug":"nox-backpack-street-black-light-grey","status":"publish","type":"product","link":"https:\/\/www.sport4club.be\/index.php\/product\/nox-backpack-street-black-light-grey\/","title":{"rendered":"Nox Backpack Street Black\/Light Grey"},"content":{"rendered":"<p>Nouveau\u00a0<strong>sac \u00e0 dos Nox Padel Street<\/strong>\u00a0en gris clair avec d\u00e9tail noir.\u00a0Il a \u00e9t\u00e9 con\u00e7u pour r\u00e9pondre \u00e0 tous vos besoins, que ce soit dans vos aventures sportives ou dans votre vie quotidienne, vous offrant une combinaison parfaite de style et de praticit\u00e9.<\/p>\n<p><strong>Caract\u00e9ristiques:<\/strong><\/p>\n<ul>\n<li>#1 compartiment principal avec doublure rembourr\u00e9e pour prot\u00e9ger votre raquette ou votre ordinateur.<\/li>\n<li>Compartiment principal #2 pour ranger raquettes, \u00e9quipement et accessoires.<\/li>\n<li>Compartiment ind\u00e9pendant pour les chaussures avec syst\u00e8me d&#8217;a\u00e9ration.<\/li>\n<li>Poche avant en filet id\u00e9ale pour vos cl\u00e9s, votre portefeuille, votre carte de club, etc.<\/li>\n<li>Poches lat\u00e9rales pour transporter votre tube de balle ou votre bouteille d&#8217;eau.<\/li>\n<li>Bretelles et dos rembourr\u00e9s qui offrent un plus grand confort lors de l&#8217;utilisation.<\/li>\n<li>Textiles ergonomiques qui optimisent l&#8217;adh\u00e9rence et la circulation de l&#8217;air.<\/li>\n<\/ul>\n<p>Avec ce sac \u00e0 dos, vous aurez tout ce dont vous avez besoin \u00e0 port\u00e9e de main pour profiter d&#8217;une exp\u00e9rience compl\u00e8te.\u00a0Ne manquez pas votre chance d&#8217;obtenir le v\u00f4tre et de faire passer votre jeu au niveau sup\u00e9rieur.<\/p>\n","protected":false},"excerpt":{"rendered":"<p>Nouveau\u00a0sac \u00e0 dos Nox Padel Street\u00a0en gris clair avec d\u00e9tail noir.\u00a0Il a \u00e9t\u00e9 con\u00e7u pour r\u00e9pondre \u00e0 tous vos besoins, que ce soit dans vos aventures sportives ou dans votre vie quotidienne, vous offrant une combinaison parfaite de style et de praticit\u00e9. Caract\u00e9ristiques: #1 compartiment principal avec doublure rembourr\u00e9e pour prot\u00e9ger votre raquette ou votre [&hellip;]<\/p>\n","protected":false},"featured_media":111948,"comment_status":"open","ping_status":"closed","template":"","meta":[],"product_cat":[786,89],"product_tag":[],"_links":{"self":[{"href":"https:\/\/www.sport4club.be\/index.php\/wp-json\/wp\/v2\/product\/111947"}],"collection":[{"href":"https:\/\/www.sport4club.be\/index.php\/wp-json\/wp\/v2\/product"}],"about":[{"href":"https:\/\/www.sport4club.be\/index.php\/wp-json\/wp\/v2\/types\/product"}],"replies":[{"embeddable":true,"href":"https:\/\/www.sport4club.be\/index.php\/wp-json\/wp\/v2\/comments?post=111947"}],"wp:featuredmedia":[{"embeddable":true,"href":"https:\/\/www.sport4club.be\/index.php\/wp-json\/wp\/v2\/media\/111948"}],"wp:attachment":[{"href":"https:\/\/www.sport4club.be\/index.php\/wp-json\/wp\/v2\/media?parent=111947"}],"wp:term":[{"taxonomy":"product_cat","embeddable":true,"href":"https:\/\/www.sport4club.be\/index.php\/wp-json\/wp\/v2\/product_cat?post=111947"},{"taxonomy":"product_tag","embeddable":true,"href":"https:\/\/www.sport4club.be\/index.php\/wp-json\/wp\/v2\/product_tag?post=111947"}],"curies":[{"name":"wp","href":"https:\/\/api.w.org\/{rel}","templated":true}]}}