{"id":111943,"date":"2023-08-14T11:53:43","date_gmt":"2023-08-14T09:53:43","guid":{"rendered":"https:\/\/www.sport4club.be\/?post_type=product&#038;p=111943"},"modified":"2025-06-25T11:16:27","modified_gmt":"2025-06-25T09:16:27","slug":"nox-backpack-street-grey","status":"publish","type":"product","link":"https:\/\/www.sport4club.be\/index.php\/product\/nox-backpack-street-grey\/","title":{"rendered":"Nox Backpack Street Grey"},"content":{"rendered":"<p>D\u00e9couvrez le\u00a0<strong>sac \u00e0 dos sport-casual<\/strong>\u00a0par excellence : un compagnon polyvalent et fonctionnel con\u00e7u pour r\u00e9pondre \u00e0 tous vos besoins.\u00a0Ce sac \u00e0 dos Nox Padel est con\u00e7u \u00e0 la fois pour vos aventures sportives et votre vie quotidienne, vous offrant l&#8217;\u00e9quilibre parfait entre style et fonctionnalit\u00e9.<\/p>\n<p>En gris fonc\u00e9 avec d\u00e9tail noir.<\/p>\n<p><strong>Caract\u00e9ristiques:<\/strong><\/p>\n<ul>\n<li>#1 compartiment principal pour raquette ou ordinateur. Il a une doublure matelass\u00e9e pour une protection maximale.<\/li>\n<li>Compartiment principal #2 pour raquette, \u00e9quipement et accessoires.<\/li>\n<li>Compartiment ind\u00e9pendant pour les chaussures avec syst\u00e8me d&#8217;a\u00e9ration.<\/li>\n<li>Poche frontale en filet pour cl\u00e9s, portefeuille, carte club&#8230;<\/li>\n<li>Poches lat\u00e9rales pour tube de balle ou bouteille d&#8217;eau.<\/li>\n<li>Bretelles et dos rembourr\u00e9s pour plus de confort.<\/li>\n<li>Textiles ergonomiques pour optimiser l&#8217;adh\u00e9rence et la circulation de l&#8217;air.<\/li>\n<\/ul>\n<p>Avec ce sac \u00e0 dos, vous aurez tout ce dont vous avez besoin \u00e0 port\u00e9e de main pour profiter d&#8217;une exp\u00e9rience compl\u00e8te.\u00a0Ne manquez pas votre chance d&#8217;obtenir le v\u00f4tre et de faire passer votre jeu au niveau sup\u00e9rieur.<\/p>\n","protected":false},"excerpt":{"rendered":"<p>D\u00e9couvrez le\u00a0sac \u00e0 dos sport-casual\u00a0par excellence : un compagnon polyvalent et fonctionnel con\u00e7u pour r\u00e9pondre \u00e0 tous vos besoins.\u00a0Ce sac \u00e0 dos Nox Padel est con\u00e7u \u00e0 la fois pour vos aventures sportives et votre vie quotidienne, vous offrant l&#8217;\u00e9quilibre parfait entre style et fonctionnalit\u00e9. En gris fonc\u00e9 avec d\u00e9tail noir. Caract\u00e9ristiques: #1 compartiment principal [&hellip;]<\/p>\n","protected":false},"featured_media":111944,"comment_status":"open","ping_status":"closed","template":"","meta":[],"product_cat":[786,89],"product_tag":[],"_links":{"self":[{"href":"https:\/\/www.sport4club.be\/index.php\/wp-json\/wp\/v2\/product\/111943"}],"collection":[{"href":"https:\/\/www.sport4club.be\/index.php\/wp-json\/wp\/v2\/product"}],"about":[{"href":"https:\/\/www.sport4club.be\/index.php\/wp-json\/wp\/v2\/types\/product"}],"replies":[{"embeddable":true,"href":"https:\/\/www.sport4club.be\/index.php\/wp-json\/wp\/v2\/comments?post=111943"}],"wp:featuredmedia":[{"embeddable":true,"href":"https:\/\/www.sport4club.be\/index.php\/wp-json\/wp\/v2\/media\/111944"}],"wp:attachment":[{"href":"https:\/\/www.sport4club.be\/index.php\/wp-json\/wp\/v2\/media?parent=111943"}],"wp:term":[{"taxonomy":"product_cat","embeddable":true,"href":"https:\/\/www.sport4club.be\/index.php\/wp-json\/wp\/v2\/product_cat?post=111943"},{"taxonomy":"product_tag","embeddable":true,"href":"https:\/\/www.sport4club.be\/index.php\/wp-json\/wp\/v2\/product_tag?post=111943"}],"curies":[{"name":"wp","href":"https:\/\/api.w.org\/{rel}","templated":true}]}}